{"id":675,"date":"2021-11-17T19:42:56","date_gmt":"2021-11-17T19:42:56","guid":{"rendered":"https:\/\/fullpatin.cl\/tienda\/?post_type=product&#038;p=675"},"modified":"2026-03-30T21:35:49","modified_gmt":"2026-03-31T00:35:49","slug":"bota-jet-evolution-negro","status":"publish","type":"product","link":"https:\/\/fullpatin.cl\/tienda\/producto\/bota-jet-evolution-negro\/","title":{"rendered":"BOTA JET EVOLUTION NEGRO"},"content":{"rendered":"<p><strong><u>Caracter\u00edsticas<\/u><\/strong><\/p>\n<p>Botas recomendadas para precompetici\u00f3n\/competici\u00f3n.<strong>\u00a0<\/strong><\/p>\n<p>Son unas botas que por sus caracter\u00edsticas son adecuadas para deportistas principiantes o cuyo entrenamiento sea menos exigente.<\/p>\n<p>Producidas utilizando el mismo m\u00e9todo que todas las botas JetRoller y con materiales de calidad, ofrecen resistencia, protecci\u00f3n y suavidad al patinar.<\/p>\n<p><span class=\"\">Producida con tejido antitranspirante en el forro interior y exterior y gamuza de alta calidad para reforzar la protecci\u00f3n de la puntera, asegurando integridad y protecci\u00f3n en la zona de mayor contacto entre los pies de los atletas y los balones, suelo y mesas.<\/span><\/p>\n<p><strong><u>Materiales:<\/u><\/strong><\/p>\n<p>Tejido antitranspirante en el forro interior;<\/p>\n<p>Protecci\u00f3n de puntera de gamuza.<\/p>\n","protected":false},"excerpt":{"rendered":"<p>Caracter\u00edsticas Botas recomendadas para precompetici\u00f3n\/competici\u00f3n.\u00a0 Son unas botas que por sus caracter\u00edsticas son adecuadas para deportistas principiantes o cuyo entrenamiento sea menos exigente. Producidas utilizando el mismo m\u00e9todo que todas las botas JetRoller y con materiales de calidad, ofrecen resistencia, protecci\u00f3n y suavidad al patinar. Producida con tejido antitranspirante en el forro interior y exterior&#8230;<\/p>\n","protected":false},"featured_media":2595,"comment_status":"open","ping_status":"closed","template":"","meta":{"_monsterinsights_skip_tracking":false,"_monsterinsights_sitenote_active":false,"_monsterinsights_sitenote_note":"","_monsterinsights_sitenote_category":0},"product_brand":[],"product_cat":[17],"product_tag":[120],"class_list":{"0":"post-675","1":"product","2":"type-product","3":"status-publish","4":"has-post-thumbnail","6":"product_cat-botas-hockey","7":"product_tag-jet","8":"pa_tallas-84","9":"pa_tallas-85","10":"pa_tallas-86","11":"pa_tallas-87","12":"pa_tallas-88","13":"pa_tallas-89","14":"pa_tallas-90","15":"pa_tallas-91","16":"pa_tallas-92","17":"pa_tallas-93","18":"pa_tallas-94","20":"first","21":"instock","22":"taxable","23":"shipping-taxable","24":"purchasable","25":"product-type-variable"},"yoast_head":"<!-- This site is optimized with the Yoast SEO plugin v27.4 - https:\/\/yoast.com\/product\/yoast-seo-wordpress\/ -->\n<title>BOTA JET EVOLUTION NEGRO - Full Pat\u00edn<\/title>\n<meta name=\"robots\" content=\"index, follow, max-snippet:-1, max-image-preview:large, max-video-preview:-1\" \/>\n<link rel=\"canonical\" href=\"https:\/\/fullpatin.cl\/tienda\/producto\/bota-jet-evolution-negro\/\" \/>\n<meta property=\"og:locale\" content=\"es_ES\" \/>\n<meta property=\"og:type\" content=\"article\" \/>\n<meta property=\"og:title\" content=\"BOTA JET EVOLUTION NEGRO - Full Pat\u00edn\" \/>\n<meta property=\"og:description\" content=\"Caracter\u00edsticas Botas recomendadas para precompetici\u00f3n\/competici\u00f3n.\u00a0 Son unas botas que por sus caracter\u00edsticas son adecuadas para deportistas principiantes o cuyo entrenamiento sea menos exigente. Producidas utilizando el mismo m\u00e9todo que todas las botas JetRoller y con materiales de calidad, ofrecen resistencia, protecci\u00f3n y suavidad al patinar. Producida con tejido antitranspirante en el forro interior y exterior...\" \/>\n<meta property=\"og:url\" content=\"https:\/\/fullpatin.cl\/tienda\/producto\/bota-jet-evolution-negro\/\" \/>\n<meta property=\"og:site_name\" content=\"Full Pat\u00edn\" \/>\n<meta property=\"article:modified_time\" content=\"2026-03-31T00:35:49+00:00\" \/>\n<meta property=\"og:image\" content=\"https:\/\/fullpatin.cl\/tienda\/wp-content\/uploads\/2021\/11\/Diseno-sin-titulo-137.png\" \/>\n\t<meta property=\"og:image:width\" content=\"500\" \/>\n\t<meta property=\"og:image:height\" content=\"500\" \/>\n\t<meta property=\"og:image:type\" content=\"image\/png\" \/>\n<meta name=\"twitter:card\" content=\"summary_large_image\" \/>\n<meta name=\"twitter:label1\" content=\"Tiempo de lectura\" \/>\n\t<meta name=\"twitter:data1\" content=\"1 minuto\" \/>\n<script type=\"application\/ld+json\" class=\"yoast-schema-graph\">{\"@context\":\"https:\\\/\\\/schema.org\",\"@graph\":[{\"@type\":\"WebPage\",\"@id\":\"https:\\\/\\\/fullpatin.cl\\\/tienda\\\/producto\\\/bota-jet-evolution-negro\\\/\",\"url\":\"https:\\\/\\\/fullpatin.cl\\\/tienda\\\/producto\\\/bota-jet-evolution-negro\\\/\",\"name\":\"BOTA JET EVOLUTION NEGRO - Full Pat\u00edn\",\"isPartOf\":{\"@id\":\"https:\\\/\\\/fullpatin.cl\\\/tienda\\\/#website\"},\"primaryImageOfPage\":{\"@id\":\"https:\\\/\\\/fullpatin.cl\\\/tienda\\\/producto\\\/bota-jet-evolution-negro\\\/#primaryimage\"},\"image\":{\"@id\":\"https:\\\/\\\/fullpatin.cl\\\/tienda\\\/producto\\\/bota-jet-evolution-negro\\\/#primaryimage\"},\"thumbnailUrl\":\"https:\\\/\\\/fullpatin.cl\\\/tienda\\\/wp-content\\\/uploads\\\/2021\\\/11\\\/Diseno-sin-titulo-137.png\",\"datePublished\":\"2021-11-17T19:42:56+00:00\",\"dateModified\":\"2026-03-31T00:35:49+00:00\",\"breadcrumb\":{\"@id\":\"https:\\\/\\\/fullpatin.cl\\\/tienda\\\/producto\\\/bota-jet-evolution-negro\\\/#breadcrumb\"},\"inLanguage\":\"es\",\"potentialAction\":[{\"@type\":\"ReadAction\",\"target\":[\"https:\\\/\\\/fullpatin.cl\\\/tienda\\\/producto\\\/bota-jet-evolution-negro\\\/\"]}]},{\"@type\":\"ImageObject\",\"inLanguage\":\"es\",\"@id\":\"https:\\\/\\\/fullpatin.cl\\\/tienda\\\/producto\\\/bota-jet-evolution-negro\\\/#primaryimage\",\"url\":\"https:\\\/\\\/fullpatin.cl\\\/tienda\\\/wp-content\\\/uploads\\\/2021\\\/11\\\/Diseno-sin-titulo-137.png\",\"contentUrl\":\"https:\\\/\\\/fullpatin.cl\\\/tienda\\\/wp-content\\\/uploads\\\/2021\\\/11\\\/Diseno-sin-titulo-137.png\",\"width\":500,\"height\":500},{\"@type\":\"BreadcrumbList\",\"@id\":\"https:\\\/\\\/fullpatin.cl\\\/tienda\\\/producto\\\/bota-jet-evolution-negro\\\/#breadcrumb\",\"itemListElement\":[{\"@type\":\"ListItem\",\"position\":1,\"name\":\"Portada\",\"item\":\"https:\\\/\\\/fullpatin.cl\\\/tienda\\\/\"},{\"@type\":\"ListItem\",\"position\":2,\"name\":\"Tienda\",\"item\":\"https:\\\/\\\/fullpatin.cl\\\/tienda\\\/tienda\\\/\"},{\"@type\":\"ListItem\",\"position\":3,\"name\":\"BOTA JET EVOLUTION NEGRO\"}]},{\"@type\":\"WebSite\",\"@id\":\"https:\\\/\\\/fullpatin.cl\\\/tienda\\\/#website\",\"url\":\"https:\\\/\\\/fullpatin.cl\\\/tienda\\\/\",\"name\":\"FULL PAT\u00cdN\",\"description\":\"Tienda\",\"publisher\":{\"@id\":\"https:\\\/\\\/fullpatin.cl\\\/tienda\\\/#organization\"},\"potentialAction\":[{\"@type\":\"SearchAction\",\"target\":{\"@type\":\"EntryPoint\",\"urlTemplate\":\"https:\\\/\\\/fullpatin.cl\\\/tienda\\\/?s={search_term_string}\"},\"query-input\":{\"@type\":\"PropertyValueSpecification\",\"valueRequired\":true,\"valueName\":\"search_term_string\"}}],\"inLanguage\":\"es\"},{\"@type\":\"Organization\",\"@id\":\"https:\\\/\\\/fullpatin.cl\\\/tienda\\\/#organization\",\"name\":\"FULL PAT\u00cdN\",\"url\":\"https:\\\/\\\/fullpatin.cl\\\/tienda\\\/\",\"logo\":{\"@type\":\"ImageObject\",\"inLanguage\":\"es\",\"@id\":\"https:\\\/\\\/fullpatin.cl\\\/tienda\\\/#\\\/schema\\\/logo\\\/image\\\/\",\"url\":\"https:\\\/\\\/fullpatin.cl\\\/tienda\\\/wp-content\\\/uploads\\\/2023\\\/12\\\/fp.png\",\"contentUrl\":\"https:\\\/\\\/fullpatin.cl\\\/tienda\\\/wp-content\\\/uploads\\\/2023\\\/12\\\/fp.png\",\"width\":2185,\"height\":363,\"caption\":\"FULL PAT\u00cdN\"},\"image\":{\"@id\":\"https:\\\/\\\/fullpatin.cl\\\/tienda\\\/#\\\/schema\\\/logo\\\/image\\\/\"},\"sameAs\":[\"https:\\\/\\\/www.instagram.com\\\/full_patin\\\/\"]}]}<\/script>\n<!-- \/ Yoast SEO plugin. -->","yoast_head_json":{"title":"BOTA JET EVOLUTION NEGRO - Full Pat\u00edn","robots":{"index":"index","follow":"follow","max-snippet":"max-snippet:-1","max-image-preview":"max-image-preview:large","max-video-preview":"max-video-preview:-1"},"canonical":"https:\/\/fullpatin.cl\/tienda\/producto\/bota-jet-evolution-negro\/","og_locale":"es_ES","og_type":"article","og_title":"BOTA JET EVOLUTION NEGRO - Full Pat\u00edn","og_description":"Caracter\u00edsticas Botas recomendadas para precompetici\u00f3n\/competici\u00f3n.\u00a0 Son unas botas que por sus caracter\u00edsticas son adecuadas para deportistas principiantes o cuyo entrenamiento sea menos exigente. Producidas utilizando el mismo m\u00e9todo que todas las botas JetRoller y con materiales de calidad, ofrecen resistencia, protecci\u00f3n y suavidad al patinar. Producida con tejido antitranspirante en el forro interior y exterior...","og_url":"https:\/\/fullpatin.cl\/tienda\/producto\/bota-jet-evolution-negro\/","og_site_name":"Full Pat\u00edn","article_modified_time":"2026-03-31T00:35:49+00:00","og_image":[{"width":500,"height":500,"url":"https:\/\/fullpatin.cl\/tienda\/wp-content\/uploads\/2021\/11\/Diseno-sin-titulo-137.png","type":"image\/png"}],"twitter_card":"summary_large_image","twitter_misc":{"Tiempo de lectura":"1 minuto"},"schema":{"@context":"https:\/\/schema.org","@graph":[{"@type":"WebPage","@id":"https:\/\/fullpatin.cl\/tienda\/producto\/bota-jet-evolution-negro\/","url":"https:\/\/fullpatin.cl\/tienda\/producto\/bota-jet-evolution-negro\/","name":"BOTA JET EVOLUTION NEGRO - Full Pat\u00edn","isPartOf":{"@id":"https:\/\/fullpatin.cl\/tienda\/#website"},"primaryImageOfPage":{"@id":"https:\/\/fullpatin.cl\/tienda\/producto\/bota-jet-evolution-negro\/#primaryimage"},"image":{"@id":"https:\/\/fullpatin.cl\/tienda\/producto\/bota-jet-evolution-negro\/#primaryimage"},"thumbnailUrl":"https:\/\/fullpatin.cl\/tienda\/wp-content\/uploads\/2021\/11\/Diseno-sin-titulo-137.png","datePublished":"2021-11-17T19:42:56+00:00","dateModified":"2026-03-31T00:35:49+00:00","breadcrumb":{"@id":"https:\/\/fullpatin.cl\/tienda\/producto\/bota-jet-evolution-negro\/#breadcrumb"},"inLanguage":"es","potentialAction":[{"@type":"ReadAction","target":["https:\/\/fullpatin.cl\/tienda\/producto\/bota-jet-evolution-negro\/"]}]},{"@type":"ImageObject","inLanguage":"es","@id":"https:\/\/fullpatin.cl\/tienda\/producto\/bota-jet-evolution-negro\/#primaryimage","url":"https:\/\/fullpatin.cl\/tienda\/wp-content\/uploads\/2021\/11\/Diseno-sin-titulo-137.png","contentUrl":"https:\/\/fullpatin.cl\/tienda\/wp-content\/uploads\/2021\/11\/Diseno-sin-titulo-137.png","width":500,"height":500},{"@type":"BreadcrumbList","@id":"https:\/\/fullpatin.cl\/tienda\/producto\/bota-jet-evolution-negro\/#breadcrumb","itemListElement":[{"@type":"ListItem","position":1,"name":"Portada","item":"https:\/\/fullpatin.cl\/tienda\/"},{"@type":"ListItem","position":2,"name":"Tienda","item":"https:\/\/fullpatin.cl\/tienda\/tienda\/"},{"@type":"ListItem","position":3,"name":"BOTA JET EVOLUTION NEGRO"}]},{"@type":"WebSite","@id":"https:\/\/fullpatin.cl\/tienda\/#website","url":"https:\/\/fullpatin.cl\/tienda\/","name":"FULL PAT\u00cdN","description":"Tienda","publisher":{"@id":"https:\/\/fullpatin.cl\/tienda\/#organization"},"potentialAction":[{"@type":"SearchAction","target":{"@type":"EntryPoint","urlTemplate":"https:\/\/fullpatin.cl\/tienda\/?s={search_term_string}"},"query-input":{"@type":"PropertyValueSpecification","valueRequired":true,"valueName":"search_term_string"}}],"inLanguage":"es"},{"@type":"Organization","@id":"https:\/\/fullpatin.cl\/tienda\/#organization","name":"FULL PAT\u00cdN","url":"https:\/\/fullpatin.cl\/tienda\/","logo":{"@type":"ImageObject","inLanguage":"es","@id":"https:\/\/fullpatin.cl\/tienda\/#\/schema\/logo\/image\/","url":"https:\/\/fullpatin.cl\/tienda\/wp-content\/uploads\/2023\/12\/fp.png","contentUrl":"https:\/\/fullpatin.cl\/tienda\/wp-content\/uploads\/2023\/12\/fp.png","width":2185,"height":363,"caption":"FULL PAT\u00cdN"},"image":{"@id":"https:\/\/fullpatin.cl\/tienda\/#\/schema\/logo\/image\/"},"sameAs":["https:\/\/www.instagram.com\/full_patin\/"]}]}},"_links":{"self":[{"href":"https:\/\/fullpatin.cl\/tienda\/wp-json\/wp\/v2\/product\/675","targetHints":{"allow":["GET"]}}],"collection":[{"href":"https:\/\/fullpatin.cl\/tienda\/wp-json\/wp\/v2\/product"}],"about":[{"href":"https:\/\/fullpatin.cl\/tienda\/wp-json\/wp\/v2\/types\/product"}],"replies":[{"embeddable":true,"href":"https:\/\/fullpatin.cl\/tienda\/wp-json\/wp\/v2\/comments?post=675"}],"wp:featuredmedia":[{"embeddable":true,"href":"https:\/\/fullpatin.cl\/tienda\/wp-json\/wp\/v2\/media\/2595"}],"wp:attachment":[{"href":"https:\/\/fullpatin.cl\/tienda\/wp-json\/wp\/v2\/media?parent=675"}],"wp:term":[{"taxonomy":"product_brand","embeddable":true,"href":"https:\/\/fullpatin.cl\/tienda\/wp-json\/wp\/v2\/product_brand?post=675"},{"taxonomy":"product_cat","embeddable":true,"href":"https:\/\/fullpatin.cl\/tienda\/wp-json\/wp\/v2\/product_cat?post=675"},{"taxonomy":"product_tag","embeddable":true,"href":"https:\/\/fullpatin.cl\/tienda\/wp-json\/wp\/v2\/product_tag?post=675"}],"curies":[{"name":"wp","href":"https:\/\/api.w.org\/{rel}","templated":true}]}}