{"id":664,"date":"2021-11-17T19:18:25","date_gmt":"2021-11-17T19:18:25","guid":{"rendered":"https:\/\/fullpatin.cl\/tienda\/?post_type=product&#038;p=664"},"modified":"2026-03-25T12:07:41","modified_gmt":"2026-03-25T15:07:41","slug":"pechera-portero-reno","status":"publish","type":"product","link":"https:\/\/fullpatin.cl\/tienda\/producto\/pechera-portero-reno\/","title":{"rendered":"PECHERA PORTERO RENO LUXURY"},"content":{"rendered":"<p class=\"mb-6\"><strong class=\"font-semibold\">El <em class=\"italic\">Peto Portero Luxury Reno<\/em><\/strong> est\u00e1 dise\u00f1ado para ofrecer una protecci\u00f3n superior en el juego, sin comprometer la movilidad ni la comodidad. Confeccionado en <strong class=\"font-semibold\">color azul y negro<\/strong>, combina estilo deportivo con funcionalidad profesional.<\/p>\n<p class=\"mb-6\">Su estructura acolchada y ergon\u00f3mica protege las zonas clave del torso, permitiendo al portero reaccionar con libertad y seguridad en cada acci\u00f3n.<\/p>\n<p class=\"mb-6\">\u2699\ufe0f <strong class=\"font-semibold\">Caracter\u00edsticas destacadas:<\/strong><\/p>\n<ul class=\"list-disc pl-6 mb-6\">\n<li><strong class=\"font-semibold\">Protecci\u00f3n de alto nivel<\/strong><br \/>\nAcolchado t\u00e9cnico en pecho, hombros y costados.<\/li>\n<li><strong class=\"font-semibold\">Dise\u00f1o ergon\u00f3mico <\/strong><br \/>\nAjuste c\u00f3modo y libertad de movimiento.<\/li>\n<li><strong class=\"font-semibold\">Color azul y negro<\/strong><br \/>\nEst\u00e9tica moderna y deportiva.<\/li>\n<li><strong class=\"font-semibold\">Material resistente y transpirable<\/strong><br \/>\nIdeal para entrenamientos intensivos y competici\u00f3n.<\/p>\n<div class=\"rounded-md even:bg-gray-1 flex py-4 px-4 sm:px-5\">\n<div class=\"max-w-[450px] min-w-[140px] w-full\">\n<p class=\"text-sm sm:text-base text-dark\"><strong>Senior<\/strong><br \/>\n<strong>32 x 42,5cm<\/strong><\/p>\n<\/div>\n<\/div>\n<div class=\"rounded-md even:bg-gray-1 flex py-4 px-4 sm:px-5\">\n<div class=\"max-w-[450px] min-w-[140px] w-full\">\n<p class=\"text-sm sm:text-base text-dark\"><strong>Junior<\/strong><br \/>\n<strong>31 x 41cm<\/strong><\/p>\n<\/div>\n<\/div>\n<div class=\"rounded-md even:bg-gray-1 flex py-4 px-4 sm:px-5\">\n<div class=\"max-w-[450px] min-w-[140px] w-full\">\n<p class=\"text-sm sm:text-base text-dark\"><strong>Infantil<\/strong><br \/>\n<strong>29 x 38cm<\/strong><\/p>\n<\/div>\n<\/div>\n<div class=\"rounded-md even:bg-gray-1 flex py-4 px-4 sm:px-5\">\n<div class=\"max-w-[450px] min-w-[140px] w-full\"><\/div>\n<\/div>\n<div class=\"rounded-md even:bg-gray-1 flex py-4 px-4 sm:px-5\">\n<div class=\"w-full\">\n<p class=\"text-sm sm:text-base text-dark\">\n<\/div>\n<\/div>\n<\/li>\n<\/ul>\n","protected":false},"excerpt":{"rendered":"<p>El Peto Portero Luxury Reno est\u00e1 dise\u00f1ado para ofrecer una protecci\u00f3n superior en el juego, sin comprometer la movilidad ni la comodidad. Confeccionado en color azul y negro, combina estilo deportivo con funcionalidad profesional. Su estructura acolchada y ergon\u00f3mica protege las zonas clave del torso, permitiendo al portero reaccionar con libertad y seguridad en cada&#8230;<\/p>\n","protected":false},"featured_media":4446,"comment_status":"open","ping_status":"closed","template":"","meta":{"_monsterinsights_skip_tracking":false,"_monsterinsights_sitenote_active":false,"_monsterinsights_sitenote_note":"","_monsterinsights_sitenote_category":0},"product_brand":[],"product_cat":[52],"product_tag":[118],"class_list":{"0":"post-664","1":"product","2":"type-product","3":"status-publish","4":"has-post-thumbnail","6":"product_cat-pechera","7":"product_tag-reno","8":"pa_talla-infantil","9":"pa_talla-junior","10":"pa_talla-senior","12":"first","13":"outofstock","14":"taxable","15":"shipping-taxable","16":"purchasable","17":"product-type-variable"},"yoast_head":"<!-- This site is optimized with the Yoast SEO plugin v27.4 - https:\/\/yoast.com\/product\/yoast-seo-wordpress\/ -->\n<title>PECHERA PORTERO RENO LUXURY - Full Pat\u00edn<\/title>\n<meta name=\"robots\" content=\"index, follow, max-snippet:-1, max-image-preview:large, max-video-preview:-1\" \/>\n<link rel=\"canonical\" href=\"https:\/\/fullpatin.cl\/tienda\/producto\/pechera-portero-reno\/\" \/>\n<meta property=\"og:locale\" content=\"es_ES\" \/>\n<meta property=\"og:type\" content=\"article\" \/>\n<meta property=\"og:title\" content=\"PECHERA PORTERO RENO LUXURY - Full Pat\u00edn\" \/>\n<meta property=\"og:description\" content=\"El Peto Portero Luxury Reno est\u00e1 dise\u00f1ado para ofrecer una protecci\u00f3n superior en el juego, sin comprometer la movilidad ni la comodidad. Confeccionado en color azul y negro, combina estilo deportivo con funcionalidad profesional. Su estructura acolchada y ergon\u00f3mica protege las zonas clave del torso, permitiendo al portero reaccionar con libertad y seguridad en cada...\" \/>\n<meta property=\"og:url\" content=\"https:\/\/fullpatin.cl\/tienda\/producto\/pechera-portero-reno\/\" \/>\n<meta property=\"og:site_name\" content=\"Full Pat\u00edn\" \/>\n<meta property=\"article:modified_time\" content=\"2026-03-25T15:07:41+00:00\" \/>\n<meta property=\"og:image\" content=\"https:\/\/fullpatin.cl\/tienda\/wp-content\/uploads\/2021\/11\/pechera_lxry.png\" \/>\n\t<meta property=\"og:image:width\" content=\"1080\" \/>\n\t<meta property=\"og:image:height\" content=\"1080\" \/>\n\t<meta property=\"og:image:type\" content=\"image\/png\" \/>\n<meta name=\"twitter:card\" content=\"summary_large_image\" \/>\n<meta name=\"twitter:label1\" content=\"Tiempo de lectura\" \/>\n\t<meta name=\"twitter:data1\" content=\"1 minuto\" \/>\n<script type=\"application\/ld+json\" class=\"yoast-schema-graph\">{\"@context\":\"https:\\\/\\\/schema.org\",\"@graph\":[{\"@type\":\"WebPage\",\"@id\":\"https:\\\/\\\/fullpatin.cl\\\/tienda\\\/producto\\\/pechera-portero-reno\\\/\",\"url\":\"https:\\\/\\\/fullpatin.cl\\\/tienda\\\/producto\\\/pechera-portero-reno\\\/\",\"name\":\"PECHERA PORTERO RENO LUXURY - Full Pat\u00edn\",\"isPartOf\":{\"@id\":\"https:\\\/\\\/fullpatin.cl\\\/tienda\\\/#website\"},\"primaryImageOfPage\":{\"@id\":\"https:\\\/\\\/fullpatin.cl\\\/tienda\\\/producto\\\/pechera-portero-reno\\\/#primaryimage\"},\"image\":{\"@id\":\"https:\\\/\\\/fullpatin.cl\\\/tienda\\\/producto\\\/pechera-portero-reno\\\/#primaryimage\"},\"thumbnailUrl\":\"https:\\\/\\\/fullpatin.cl\\\/tienda\\\/wp-content\\\/uploads\\\/2021\\\/11\\\/pechera_lxry.png\",\"datePublished\":\"2021-11-17T19:18:25+00:00\",\"dateModified\":\"2026-03-25T15:07:41+00:00\",\"breadcrumb\":{\"@id\":\"https:\\\/\\\/fullpatin.cl\\\/tienda\\\/producto\\\/pechera-portero-reno\\\/#breadcrumb\"},\"inLanguage\":\"es\",\"potentialAction\":[{\"@type\":\"ReadAction\",\"target\":[\"https:\\\/\\\/fullpatin.cl\\\/tienda\\\/producto\\\/pechera-portero-reno\\\/\"]}]},{\"@type\":\"ImageObject\",\"inLanguage\":\"es\",\"@id\":\"https:\\\/\\\/fullpatin.cl\\\/tienda\\\/producto\\\/pechera-portero-reno\\\/#primaryimage\",\"url\":\"https:\\\/\\\/fullpatin.cl\\\/tienda\\\/wp-content\\\/uploads\\\/2021\\\/11\\\/pechera_lxry.png\",\"contentUrl\":\"https:\\\/\\\/fullpatin.cl\\\/tienda\\\/wp-content\\\/uploads\\\/2021\\\/11\\\/pechera_lxry.png\",\"width\":1080,\"height\":1080},{\"@type\":\"BreadcrumbList\",\"@id\":\"https:\\\/\\\/fullpatin.cl\\\/tienda\\\/producto\\\/pechera-portero-reno\\\/#breadcrumb\",\"itemListElement\":[{\"@type\":\"ListItem\",\"position\":1,\"name\":\"Portada\",\"item\":\"https:\\\/\\\/fullpatin.cl\\\/tienda\\\/\"},{\"@type\":\"ListItem\",\"position\":2,\"name\":\"Tienda\",\"item\":\"https:\\\/\\\/fullpatin.cl\\\/tienda\\\/tienda\\\/\"},{\"@type\":\"ListItem\",\"position\":3,\"name\":\"PECHERA PORTERO RENO LUXURY\"}]},{\"@type\":\"WebSite\",\"@id\":\"https:\\\/\\\/fullpatin.cl\\\/tienda\\\/#website\",\"url\":\"https:\\\/\\\/fullpatin.cl\\\/tienda\\\/\",\"name\":\"FULL PAT\u00cdN\",\"description\":\"Tienda\",\"publisher\":{\"@id\":\"https:\\\/\\\/fullpatin.cl\\\/tienda\\\/#organization\"},\"potentialAction\":[{\"@type\":\"SearchAction\",\"target\":{\"@type\":\"EntryPoint\",\"urlTemplate\":\"https:\\\/\\\/fullpatin.cl\\\/tienda\\\/?s={search_term_string}\"},\"query-input\":{\"@type\":\"PropertyValueSpecification\",\"valueRequired\":true,\"valueName\":\"search_term_string\"}}],\"inLanguage\":\"es\"},{\"@type\":\"Organization\",\"@id\":\"https:\\\/\\\/fullpatin.cl\\\/tienda\\\/#organization\",\"name\":\"FULL PAT\u00cdN\",\"url\":\"https:\\\/\\\/fullpatin.cl\\\/tienda\\\/\",\"logo\":{\"@type\":\"ImageObject\",\"inLanguage\":\"es\",\"@id\":\"https:\\\/\\\/fullpatin.cl\\\/tienda\\\/#\\\/schema\\\/logo\\\/image\\\/\",\"url\":\"https:\\\/\\\/fullpatin.cl\\\/tienda\\\/wp-content\\\/uploads\\\/2023\\\/12\\\/fp.png\",\"contentUrl\":\"https:\\\/\\\/fullpatin.cl\\\/tienda\\\/wp-content\\\/uploads\\\/2023\\\/12\\\/fp.png\",\"width\":2185,\"height\":363,\"caption\":\"FULL PAT\u00cdN\"},\"image\":{\"@id\":\"https:\\\/\\\/fullpatin.cl\\\/tienda\\\/#\\\/schema\\\/logo\\\/image\\\/\"},\"sameAs\":[\"https:\\\/\\\/www.instagram.com\\\/full_patin\\\/\"]}]}<\/script>\n<!-- \/ Yoast SEO plugin. -->","yoast_head_json":{"title":"PECHERA PORTERO RENO LUXURY - Full Pat\u00edn","robots":{"index":"index","follow":"follow","max-snippet":"max-snippet:-1","max-image-preview":"max-image-preview:large","max-video-preview":"max-video-preview:-1"},"canonical":"https:\/\/fullpatin.cl\/tienda\/producto\/pechera-portero-reno\/","og_locale":"es_ES","og_type":"article","og_title":"PECHERA PORTERO RENO LUXURY - Full Pat\u00edn","og_description":"El Peto Portero Luxury Reno est\u00e1 dise\u00f1ado para ofrecer una protecci\u00f3n superior en el juego, sin comprometer la movilidad ni la comodidad. Confeccionado en color azul y negro, combina estilo deportivo con funcionalidad profesional. Su estructura acolchada y ergon\u00f3mica protege las zonas clave del torso, permitiendo al portero reaccionar con libertad y seguridad en cada...","og_url":"https:\/\/fullpatin.cl\/tienda\/producto\/pechera-portero-reno\/","og_site_name":"Full Pat\u00edn","article_modified_time":"2026-03-25T15:07:41+00:00","og_image":[{"width":1080,"height":1080,"url":"https:\/\/fullpatin.cl\/tienda\/wp-content\/uploads\/2021\/11\/pechera_lxry.png","type":"image\/png"}],"twitter_card":"summary_large_image","twitter_misc":{"Tiempo de lectura":"1 minuto"},"schema":{"@context":"https:\/\/schema.org","@graph":[{"@type":"WebPage","@id":"https:\/\/fullpatin.cl\/tienda\/producto\/pechera-portero-reno\/","url":"https:\/\/fullpatin.cl\/tienda\/producto\/pechera-portero-reno\/","name":"PECHERA PORTERO RENO LUXURY - Full Pat\u00edn","isPartOf":{"@id":"https:\/\/fullpatin.cl\/tienda\/#website"},"primaryImageOfPage":{"@id":"https:\/\/fullpatin.cl\/tienda\/producto\/pechera-portero-reno\/#primaryimage"},"image":{"@id":"https:\/\/fullpatin.cl\/tienda\/producto\/pechera-portero-reno\/#primaryimage"},"thumbnailUrl":"https:\/\/fullpatin.cl\/tienda\/wp-content\/uploads\/2021\/11\/pechera_lxry.png","datePublished":"2021-11-17T19:18:25+00:00","dateModified":"2026-03-25T15:07:41+00:00","breadcrumb":{"@id":"https:\/\/fullpatin.cl\/tienda\/producto\/pechera-portero-reno\/#breadcrumb"},"inLanguage":"es","potentialAction":[{"@type":"ReadAction","target":["https:\/\/fullpatin.cl\/tienda\/producto\/pechera-portero-reno\/"]}]},{"@type":"ImageObject","inLanguage":"es","@id":"https:\/\/fullpatin.cl\/tienda\/producto\/pechera-portero-reno\/#primaryimage","url":"https:\/\/fullpatin.cl\/tienda\/wp-content\/uploads\/2021\/11\/pechera_lxry.png","contentUrl":"https:\/\/fullpatin.cl\/tienda\/wp-content\/uploads\/2021\/11\/pechera_lxry.png","width":1080,"height":1080},{"@type":"BreadcrumbList","@id":"https:\/\/fullpatin.cl\/tienda\/producto\/pechera-portero-reno\/#breadcrumb","itemListElement":[{"@type":"ListItem","position":1,"name":"Portada","item":"https:\/\/fullpatin.cl\/tienda\/"},{"@type":"ListItem","position":2,"name":"Tienda","item":"https:\/\/fullpatin.cl\/tienda\/tienda\/"},{"@type":"ListItem","position":3,"name":"PECHERA PORTERO RENO LUXURY"}]},{"@type":"WebSite","@id":"https:\/\/fullpatin.cl\/tienda\/#website","url":"https:\/\/fullpatin.cl\/tienda\/","name":"FULL PAT\u00cdN","description":"Tienda","publisher":{"@id":"https:\/\/fullpatin.cl\/tienda\/#organization"},"potentialAction":[{"@type":"SearchAction","target":{"@type":"EntryPoint","urlTemplate":"https:\/\/fullpatin.cl\/tienda\/?s={search_term_string}"},"query-input":{"@type":"PropertyValueSpecification","valueRequired":true,"valueName":"search_term_string"}}],"inLanguage":"es"},{"@type":"Organization","@id":"https:\/\/fullpatin.cl\/tienda\/#organization","name":"FULL PAT\u00cdN","url":"https:\/\/fullpatin.cl\/tienda\/","logo":{"@type":"ImageObject","inLanguage":"es","@id":"https:\/\/fullpatin.cl\/tienda\/#\/schema\/logo\/image\/","url":"https:\/\/fullpatin.cl\/tienda\/wp-content\/uploads\/2023\/12\/fp.png","contentUrl":"https:\/\/fullpatin.cl\/tienda\/wp-content\/uploads\/2023\/12\/fp.png","width":2185,"height":363,"caption":"FULL PAT\u00cdN"},"image":{"@id":"https:\/\/fullpatin.cl\/tienda\/#\/schema\/logo\/image\/"},"sameAs":["https:\/\/www.instagram.com\/full_patin\/"]}]}},"_links":{"self":[{"href":"https:\/\/fullpatin.cl\/tienda\/wp-json\/wp\/v2\/product\/664","targetHints":{"allow":["GET"]}}],"collection":[{"href":"https:\/\/fullpatin.cl\/tienda\/wp-json\/wp\/v2\/product"}],"about":[{"href":"https:\/\/fullpatin.cl\/tienda\/wp-json\/wp\/v2\/types\/product"}],"replies":[{"embeddable":true,"href":"https:\/\/fullpatin.cl\/tienda\/wp-json\/wp\/v2\/comments?post=664"}],"wp:featuredmedia":[{"embeddable":true,"href":"https:\/\/fullpatin.cl\/tienda\/wp-json\/wp\/v2\/media\/4446"}],"wp:attachment":[{"href":"https:\/\/fullpatin.cl\/tienda\/wp-json\/wp\/v2\/media?parent=664"}],"wp:term":[{"taxonomy":"product_brand","embeddable":true,"href":"https:\/\/fullpatin.cl\/tienda\/wp-json\/wp\/v2\/product_brand?post=664"},{"taxonomy":"product_cat","embeddable":true,"href":"https:\/\/fullpatin.cl\/tienda\/wp-json\/wp\/v2\/product_cat?post=664"},{"taxonomy":"product_tag","embeddable":true,"href":"https:\/\/fullpatin.cl\/tienda\/wp-json\/wp\/v2\/product_tag?post=664"}],"curies":[{"name":"wp","href":"https:\/\/api.w.org\/{rel}","templated":true}]}}