{"id":616,"date":"2021-11-16T23:29:56","date_gmt":"2021-11-16T23:29:56","guid":{"rendered":"https:\/\/fullpatin.cl\/tienda\/?post_type=product&#038;p=616"},"modified":"2026-03-24T11:45:21","modified_gmt":"2026-03-24T14:45:21","slug":"stick-azemad-gt10-xl","status":"publish","type":"product","link":"https:\/\/fullpatin.cl\/tienda\/producto\/stick-azemad-gt10-xl\/","title":{"rendered":"STICK AZEMAD GT10 XL"},"content":{"rendered":"<p>El modelo <strong>GT10 XL<\/strong> adapta todas las ventajas de durabilidad y ligereza de un stick 100% de composite, introduciendo la innovaci\u00f3n de una pala m\u00e1s corta, ya que es una parte del stick a menudo infrautilizada. Este modelo de referencia pretende eliminar la longitud total de la hoja del bast\u00f3n, a\u00f1adiendo esta medida al tama\u00f1o del mango, haciendo el bast\u00f3n m\u00e1s largo, pero respetando la normativa oficial. Por lo tanto, este stick se recomienda a todos los porteros que quieran aumentar su radio de acci\u00f3n e intervenci\u00f3n dentro del \u00e1rea.<\/p>\n<p>Este modelo de stick es 5 cm m\u00e1s largo que los modelos tradicionales (107 cm) y, como todos los sticks de AZEMAD desarrollados para los porteros, el mango est\u00e1 adaptado para ajustarse al guante y evitar un hueco entre el stick y el suelo cuando se coloca en el suelo, convirti\u00e9ndose en la principal caracter\u00edstica diferenciadora por la que no se deben utilizar sticks de jugador de campo en la porter\u00eda.<\/p>\n","protected":false},"excerpt":{"rendered":"<p>El modelo GT10 XL adapta todas las ventajas de durabilidad y ligereza de un stick 100% de composite, introduciendo la innovaci\u00f3n de una pala m\u00e1s corta, ya que es una parte del stick a menudo infrautilizada. Este modelo de referencia pretende eliminar la longitud total de la hoja del bast\u00f3n, a\u00f1adiendo esta medida al tama\u00f1o&#8230;<\/p>\n","protected":false},"featured_media":4201,"comment_status":"open","ping_status":"closed","template":"","meta":{"_monsterinsights_skip_tracking":false,"_monsterinsights_sitenote_active":false,"_monsterinsights_sitenote_note":"","_monsterinsights_sitenote_category":0},"product_brand":[],"product_cat":[16],"product_tag":[117],"class_list":{"0":"post-616","1":"product","2":"type-product","3":"status-publish","4":"has-post-thumbnail","6":"product_cat-sticks-hockey-sobre-patines","7":"product_tag-azemad","9":"first","10":"instock","11":"taxable","12":"shipping-taxable","13":"purchasable","14":"product-type-simple"},"yoast_head":"<!-- This site is optimized with the Yoast SEO plugin v27.4 - https:\/\/yoast.com\/product\/yoast-seo-wordpress\/ -->\n<title>STICK AZEMAD GT10 XL - Full Pat\u00edn<\/title>\n<meta name=\"robots\" content=\"index, follow, max-snippet:-1, max-image-preview:large, max-video-preview:-1\" \/>\n<link rel=\"canonical\" href=\"https:\/\/fullpatin.cl\/tienda\/producto\/stick-azemad-gt10-xl\/\" \/>\n<meta property=\"og:locale\" content=\"es_ES\" \/>\n<meta property=\"og:type\" content=\"article\" \/>\n<meta property=\"og:title\" content=\"STICK AZEMAD GT10 XL - Full Pat\u00edn\" \/>\n<meta property=\"og:description\" content=\"El modelo GT10 XL adapta todas las ventajas de durabilidad y ligereza de un stick 100% de composite, introduciendo la innovaci\u00f3n de una pala m\u00e1s corta, ya que es una parte del stick a menudo infrautilizada. Este modelo de referencia pretende eliminar la longitud total de la hoja del bast\u00f3n, a\u00f1adiendo esta medida al tama\u00f1o...\" \/>\n<meta property=\"og:url\" content=\"https:\/\/fullpatin.cl\/tienda\/producto\/stick-azemad-gt10-xl\/\" \/>\n<meta property=\"og:site_name\" content=\"Full Pat\u00edn\" \/>\n<meta property=\"article:modified_time\" content=\"2026-03-24T14:45:21+00:00\" \/>\n<meta property=\"og:image\" content=\"https:\/\/fullpatin.cl\/tienda\/wp-content\/uploads\/2021\/11\/gt10_xl_verde.png\" \/>\n\t<meta property=\"og:image:width\" content=\"1080\" \/>\n\t<meta property=\"og:image:height\" content=\"1080\" \/>\n\t<meta property=\"og:image:type\" content=\"image\/png\" \/>\n<meta name=\"twitter:card\" content=\"summary_large_image\" \/>\n<meta name=\"twitter:label1\" content=\"Tiempo de lectura\" \/>\n\t<meta name=\"twitter:data1\" content=\"1 minuto\" \/>\n<script type=\"application\/ld+json\" class=\"yoast-schema-graph\">{\"@context\":\"https:\\\/\\\/schema.org\",\"@graph\":[{\"@type\":\"WebPage\",\"@id\":\"https:\\\/\\\/fullpatin.cl\\\/tienda\\\/producto\\\/stick-azemad-gt10-xl\\\/\",\"url\":\"https:\\\/\\\/fullpatin.cl\\\/tienda\\\/producto\\\/stick-azemad-gt10-xl\\\/\",\"name\":\"STICK AZEMAD GT10 XL - Full Pat\u00edn\",\"isPartOf\":{\"@id\":\"https:\\\/\\\/fullpatin.cl\\\/tienda\\\/#website\"},\"primaryImageOfPage\":{\"@id\":\"https:\\\/\\\/fullpatin.cl\\\/tienda\\\/producto\\\/stick-azemad-gt10-xl\\\/#primaryimage\"},\"image\":{\"@id\":\"https:\\\/\\\/fullpatin.cl\\\/tienda\\\/producto\\\/stick-azemad-gt10-xl\\\/#primaryimage\"},\"thumbnailUrl\":\"https:\\\/\\\/fullpatin.cl\\\/tienda\\\/wp-content\\\/uploads\\\/2021\\\/11\\\/gt10_xl_verde.png\",\"datePublished\":\"2021-11-16T23:29:56+00:00\",\"dateModified\":\"2026-03-24T14:45:21+00:00\",\"breadcrumb\":{\"@id\":\"https:\\\/\\\/fullpatin.cl\\\/tienda\\\/producto\\\/stick-azemad-gt10-xl\\\/#breadcrumb\"},\"inLanguage\":\"es\",\"potentialAction\":[{\"@type\":\"ReadAction\",\"target\":[\"https:\\\/\\\/fullpatin.cl\\\/tienda\\\/producto\\\/stick-azemad-gt10-xl\\\/\"]}]},{\"@type\":\"ImageObject\",\"inLanguage\":\"es\",\"@id\":\"https:\\\/\\\/fullpatin.cl\\\/tienda\\\/producto\\\/stick-azemad-gt10-xl\\\/#primaryimage\",\"url\":\"https:\\\/\\\/fullpatin.cl\\\/tienda\\\/wp-content\\\/uploads\\\/2021\\\/11\\\/gt10_xl_verde.png\",\"contentUrl\":\"https:\\\/\\\/fullpatin.cl\\\/tienda\\\/wp-content\\\/uploads\\\/2021\\\/11\\\/gt10_xl_verde.png\",\"width\":1080,\"height\":1080},{\"@type\":\"BreadcrumbList\",\"@id\":\"https:\\\/\\\/fullpatin.cl\\\/tienda\\\/producto\\\/stick-azemad-gt10-xl\\\/#breadcrumb\",\"itemListElement\":[{\"@type\":\"ListItem\",\"position\":1,\"name\":\"Portada\",\"item\":\"https:\\\/\\\/fullpatin.cl\\\/tienda\\\/\"},{\"@type\":\"ListItem\",\"position\":2,\"name\":\"Tienda\",\"item\":\"https:\\\/\\\/fullpatin.cl\\\/tienda\\\/tienda\\\/\"},{\"@type\":\"ListItem\",\"position\":3,\"name\":\"STICK AZEMAD GT10 XL\"}]},{\"@type\":\"WebSite\",\"@id\":\"https:\\\/\\\/fullpatin.cl\\\/tienda\\\/#website\",\"url\":\"https:\\\/\\\/fullpatin.cl\\\/tienda\\\/\",\"name\":\"FULL PAT\u00cdN\",\"description\":\"Tienda\",\"publisher\":{\"@id\":\"https:\\\/\\\/fullpatin.cl\\\/tienda\\\/#organization\"},\"potentialAction\":[{\"@type\":\"SearchAction\",\"target\":{\"@type\":\"EntryPoint\",\"urlTemplate\":\"https:\\\/\\\/fullpatin.cl\\\/tienda\\\/?s={search_term_string}\"},\"query-input\":{\"@type\":\"PropertyValueSpecification\",\"valueRequired\":true,\"valueName\":\"search_term_string\"}}],\"inLanguage\":\"es\"},{\"@type\":\"Organization\",\"@id\":\"https:\\\/\\\/fullpatin.cl\\\/tienda\\\/#organization\",\"name\":\"FULL PAT\u00cdN\",\"url\":\"https:\\\/\\\/fullpatin.cl\\\/tienda\\\/\",\"logo\":{\"@type\":\"ImageObject\",\"inLanguage\":\"es\",\"@id\":\"https:\\\/\\\/fullpatin.cl\\\/tienda\\\/#\\\/schema\\\/logo\\\/image\\\/\",\"url\":\"https:\\\/\\\/fullpatin.cl\\\/tienda\\\/wp-content\\\/uploads\\\/2023\\\/12\\\/fp.png\",\"contentUrl\":\"https:\\\/\\\/fullpatin.cl\\\/tienda\\\/wp-content\\\/uploads\\\/2023\\\/12\\\/fp.png\",\"width\":2185,\"height\":363,\"caption\":\"FULL PAT\u00cdN\"},\"image\":{\"@id\":\"https:\\\/\\\/fullpatin.cl\\\/tienda\\\/#\\\/schema\\\/logo\\\/image\\\/\"},\"sameAs\":[\"https:\\\/\\\/www.instagram.com\\\/full_patin\\\/\"]}]}<\/script>\n<!-- \/ Yoast SEO plugin. -->","yoast_head_json":{"title":"STICK AZEMAD GT10 XL - Full Pat\u00edn","robots":{"index":"index","follow":"follow","max-snippet":"max-snippet:-1","max-image-preview":"max-image-preview:large","max-video-preview":"max-video-preview:-1"},"canonical":"https:\/\/fullpatin.cl\/tienda\/producto\/stick-azemad-gt10-xl\/","og_locale":"es_ES","og_type":"article","og_title":"STICK AZEMAD GT10 XL - Full Pat\u00edn","og_description":"El modelo GT10 XL adapta todas las ventajas de durabilidad y ligereza de un stick 100% de composite, introduciendo la innovaci\u00f3n de una pala m\u00e1s corta, ya que es una parte del stick a menudo infrautilizada. Este modelo de referencia pretende eliminar la longitud total de la hoja del bast\u00f3n, a\u00f1adiendo esta medida al tama\u00f1o...","og_url":"https:\/\/fullpatin.cl\/tienda\/producto\/stick-azemad-gt10-xl\/","og_site_name":"Full Pat\u00edn","article_modified_time":"2026-03-24T14:45:21+00:00","og_image":[{"width":1080,"height":1080,"url":"https:\/\/fullpatin.cl\/tienda\/wp-content\/uploads\/2021\/11\/gt10_xl_verde.png","type":"image\/png"}],"twitter_card":"summary_large_image","twitter_misc":{"Tiempo de lectura":"1 minuto"},"schema":{"@context":"https:\/\/schema.org","@graph":[{"@type":"WebPage","@id":"https:\/\/fullpatin.cl\/tienda\/producto\/stick-azemad-gt10-xl\/","url":"https:\/\/fullpatin.cl\/tienda\/producto\/stick-azemad-gt10-xl\/","name":"STICK AZEMAD GT10 XL - Full Pat\u00edn","isPartOf":{"@id":"https:\/\/fullpatin.cl\/tienda\/#website"},"primaryImageOfPage":{"@id":"https:\/\/fullpatin.cl\/tienda\/producto\/stick-azemad-gt10-xl\/#primaryimage"},"image":{"@id":"https:\/\/fullpatin.cl\/tienda\/producto\/stick-azemad-gt10-xl\/#primaryimage"},"thumbnailUrl":"https:\/\/fullpatin.cl\/tienda\/wp-content\/uploads\/2021\/11\/gt10_xl_verde.png","datePublished":"2021-11-16T23:29:56+00:00","dateModified":"2026-03-24T14:45:21+00:00","breadcrumb":{"@id":"https:\/\/fullpatin.cl\/tienda\/producto\/stick-azemad-gt10-xl\/#breadcrumb"},"inLanguage":"es","potentialAction":[{"@type":"ReadAction","target":["https:\/\/fullpatin.cl\/tienda\/producto\/stick-azemad-gt10-xl\/"]}]},{"@type":"ImageObject","inLanguage":"es","@id":"https:\/\/fullpatin.cl\/tienda\/producto\/stick-azemad-gt10-xl\/#primaryimage","url":"https:\/\/fullpatin.cl\/tienda\/wp-content\/uploads\/2021\/11\/gt10_xl_verde.png","contentUrl":"https:\/\/fullpatin.cl\/tienda\/wp-content\/uploads\/2021\/11\/gt10_xl_verde.png","width":1080,"height":1080},{"@type":"BreadcrumbList","@id":"https:\/\/fullpatin.cl\/tienda\/producto\/stick-azemad-gt10-xl\/#breadcrumb","itemListElement":[{"@type":"ListItem","position":1,"name":"Portada","item":"https:\/\/fullpatin.cl\/tienda\/"},{"@type":"ListItem","position":2,"name":"Tienda","item":"https:\/\/fullpatin.cl\/tienda\/tienda\/"},{"@type":"ListItem","position":3,"name":"STICK AZEMAD GT10 XL"}]},{"@type":"WebSite","@id":"https:\/\/fullpatin.cl\/tienda\/#website","url":"https:\/\/fullpatin.cl\/tienda\/","name":"FULL PAT\u00cdN","description":"Tienda","publisher":{"@id":"https:\/\/fullpatin.cl\/tienda\/#organization"},"potentialAction":[{"@type":"SearchAction","target":{"@type":"EntryPoint","urlTemplate":"https:\/\/fullpatin.cl\/tienda\/?s={search_term_string}"},"query-input":{"@type":"PropertyValueSpecification","valueRequired":true,"valueName":"search_term_string"}}],"inLanguage":"es"},{"@type":"Organization","@id":"https:\/\/fullpatin.cl\/tienda\/#organization","name":"FULL PAT\u00cdN","url":"https:\/\/fullpatin.cl\/tienda\/","logo":{"@type":"ImageObject","inLanguage":"es","@id":"https:\/\/fullpatin.cl\/tienda\/#\/schema\/logo\/image\/","url":"https:\/\/fullpatin.cl\/tienda\/wp-content\/uploads\/2023\/12\/fp.png","contentUrl":"https:\/\/fullpatin.cl\/tienda\/wp-content\/uploads\/2023\/12\/fp.png","width":2185,"height":363,"caption":"FULL PAT\u00cdN"},"image":{"@id":"https:\/\/fullpatin.cl\/tienda\/#\/schema\/logo\/image\/"},"sameAs":["https:\/\/www.instagram.com\/full_patin\/"]}]}},"_links":{"self":[{"href":"https:\/\/fullpatin.cl\/tienda\/wp-json\/wp\/v2\/product\/616","targetHints":{"allow":["GET"]}}],"collection":[{"href":"https:\/\/fullpatin.cl\/tienda\/wp-json\/wp\/v2\/product"}],"about":[{"href":"https:\/\/fullpatin.cl\/tienda\/wp-json\/wp\/v2\/types\/product"}],"replies":[{"embeddable":true,"href":"https:\/\/fullpatin.cl\/tienda\/wp-json\/wp\/v2\/comments?post=616"}],"wp:featuredmedia":[{"embeddable":true,"href":"https:\/\/fullpatin.cl\/tienda\/wp-json\/wp\/v2\/media\/4201"}],"wp:attachment":[{"href":"https:\/\/fullpatin.cl\/tienda\/wp-json\/wp\/v2\/media?parent=616"}],"wp:term":[{"taxonomy":"product_brand","embeddable":true,"href":"https:\/\/fullpatin.cl\/tienda\/wp-json\/wp\/v2\/product_brand?post=616"},{"taxonomy":"product_cat","embeddable":true,"href":"https:\/\/fullpatin.cl\/tienda\/wp-json\/wp\/v2\/product_cat?post=616"},{"taxonomy":"product_tag","embeddable":true,"href":"https:\/\/fullpatin.cl\/tienda\/wp-json\/wp\/v2\/product_tag?post=616"}],"curies":[{"name":"wp","href":"https:\/\/api.w.org\/{rel}","templated":true}]}}