{"id":575,"date":"2021-11-16T20:26:42","date_gmt":"2021-11-16T20:26:42","guid":{"rendered":"https:\/\/fullpatin.cl\/tienda\/?post_type=product&#038;p=575"},"modified":"2026-04-23T12:36:13","modified_gmt":"2026-04-23T15:36:13","slug":"frenos-roll-line-hockey-gris","status":"publish","type":"product","link":"https:\/\/fullpatin.cl\/tienda\/producto\/frenos-roll-line-hockey-gris\/","title":{"rendered":"FRENOS ROLL-LINE HOCKEY GRIS"},"content":{"rendered":"<p>Los frenos <strong>Grises de Hockey<\/strong> est\u00e1n dise\u00f1ados para el acercamiento al juego de hockey.<br \/>\nDada su particular mezcla de componentes tambi\u00e9n se puede utilizar en superf\u00edcies exteriores.<\/p>\n<ul>\n<li>Fabricados con una mezcla de goma natural y acr\u00edlica que hace que aporten el justo equilibrio entre prestaci\u00f3n y durabilidad.<\/li>\n<li>Ideal para los principiantes.<\/li>\n<li>La amplia superficie de apoyo est\u00e1 estudiada para maximizar la frenada y al mismo tiempo obtener el m\u00e1ximo poder de empuje en el reinicio r\u00e1pido.<\/li>\n<li>Gracias a su f\u00f3rmula \u00fanica, los frenos Roll-Line\u00a9 no dejan traza alguna sobre el pavimento y aseguran una larga duraci\u00f3n, aunque se utilicen en superficies rugosas.\n<p><a ref=\"magnificPopup\" href=\"https:\/\/fullpatin.cl\/tienda\/wp-content\/uploads\/2021\/11\/Captura-de-pantalla-2026-04-22-a-las-12.17.37-p.m.png\"><img loading=\"lazy\" decoding=\"async\" class=\"alignnone size-full wp-image-4869\" src=\"https:\/\/fullpatin.cl\/tienda\/wp-content\/uploads\/2021\/11\/Captura-de-pantalla-2026-04-22-a-las-12.17.37-p.m.png\" alt=\"\" width=\"2048\" height=\"544\" srcset=\"https:\/\/fullpatin.cl\/tienda\/wp-content\/uploads\/2021\/11\/Captura-de-pantalla-2026-04-22-a-las-12.17.37-p.m.png 2048w, https:\/\/fullpatin.cl\/tienda\/wp-content\/uploads\/2021\/11\/Captura-de-pantalla-2026-04-22-a-las-12.17.37-p.m-300x80.png 300w, https:\/\/fullpatin.cl\/tienda\/wp-content\/uploads\/2021\/11\/Captura-de-pantalla-2026-04-22-a-las-12.17.37-p.m-1024x272.png 1024w, https:\/\/fullpatin.cl\/tienda\/wp-content\/uploads\/2021\/11\/Captura-de-pantalla-2026-04-22-a-las-12.17.37-p.m-600x159.png 600w\" sizes=\"auto, (max-width: 2048px) 100vw, 2048px\" \/><\/a><\/li>\n<\/ul>\n","protected":false},"excerpt":{"rendered":"<p>Los frenos Grises de Hockey est\u00e1n dise\u00f1ados para el acercamiento al juego de hockey. Dada su particular mezcla de componentes tambi\u00e9n se puede utilizar en superf\u00edcies exteriores. Fabricados con una mezcla de goma natural y acr\u00edlica que hace que aporten el justo equilibrio entre prestaci\u00f3n y durabilidad. Ideal para los principiantes. La amplia superficie de&#8230;<\/p>\n","protected":false},"featured_media":1942,"comment_status":"open","ping_status":"closed","template":"","meta":{"_monsterinsights_skip_tracking":false,"_monsterinsights_sitenote_active":false,"_monsterinsights_sitenote_note":"","_monsterinsights_sitenote_category":0},"product_brand":[],"product_cat":[20],"product_tag":[122],"class_list":{"0":"post-575","1":"product","2":"type-product","3":"status-publish","4":"has-post-thumbnail","6":"product_cat-frenoshockey","7":"product_tag-roll-line","9":"first","10":"instock","11":"taxable","12":"shipping-taxable","13":"purchasable","14":"product-type-simple"},"yoast_head":"<!-- This site is optimized with the Yoast SEO plugin v27.4 - https:\/\/yoast.com\/product\/yoast-seo-wordpress\/ -->\n<title>FRENOS ROLL-LINE HOCKEY GRIS - Full Pat\u00edn<\/title>\n<meta name=\"robots\" content=\"index, follow, max-snippet:-1, max-image-preview:large, max-video-preview:-1\" \/>\n<link rel=\"canonical\" href=\"https:\/\/fullpatin.cl\/tienda\/producto\/frenos-roll-line-hockey-gris\/\" \/>\n<meta property=\"og:locale\" content=\"es_ES\" \/>\n<meta property=\"og:type\" content=\"article\" \/>\n<meta property=\"og:title\" content=\"FRENOS ROLL-LINE HOCKEY GRIS - Full Pat\u00edn\" \/>\n<meta property=\"og:description\" content=\"Los frenos Grises de Hockey est\u00e1n dise\u00f1ados para el acercamiento al juego de hockey. Dada su particular mezcla de componentes tambi\u00e9n se puede utilizar en superf\u00edcies exteriores. Fabricados con una mezcla de goma natural y acr\u00edlica que hace que aporten el justo equilibrio entre prestaci\u00f3n y durabilidad. Ideal para los principiantes. La amplia superficie de...\" \/>\n<meta property=\"og:url\" content=\"https:\/\/fullpatin.cl\/tienda\/producto\/frenos-roll-line-hockey-gris\/\" \/>\n<meta property=\"og:site_name\" content=\"Full Pat\u00edn\" \/>\n<meta property=\"article:modified_time\" content=\"2026-04-23T15:36:13+00:00\" \/>\n<meta property=\"og:image\" content=\"https:\/\/fullpatin.cl\/tienda\/wp-content\/uploads\/2021\/11\/Diseno-sin-titulo-59.png\" \/>\n\t<meta property=\"og:image:width\" content=\"500\" \/>\n\t<meta property=\"og:image:height\" content=\"500\" \/>\n\t<meta property=\"og:image:type\" content=\"image\/png\" \/>\n<meta name=\"twitter:card\" content=\"summary_large_image\" \/>\n<meta name=\"twitter:label1\" content=\"Tiempo de lectura\" \/>\n\t<meta name=\"twitter:data1\" content=\"1 minuto\" \/>\n<script type=\"application\/ld+json\" class=\"yoast-schema-graph\">{\"@context\":\"https:\\\/\\\/schema.org\",\"@graph\":[{\"@type\":\"WebPage\",\"@id\":\"https:\\\/\\\/fullpatin.cl\\\/tienda\\\/producto\\\/frenos-roll-line-hockey-gris\\\/\",\"url\":\"https:\\\/\\\/fullpatin.cl\\\/tienda\\\/producto\\\/frenos-roll-line-hockey-gris\\\/\",\"name\":\"FRENOS ROLL-LINE HOCKEY GRIS - Full Pat\u00edn\",\"isPartOf\":{\"@id\":\"https:\\\/\\\/fullpatin.cl\\\/tienda\\\/#website\"},\"primaryImageOfPage\":{\"@id\":\"https:\\\/\\\/fullpatin.cl\\\/tienda\\\/producto\\\/frenos-roll-line-hockey-gris\\\/#primaryimage\"},\"image\":{\"@id\":\"https:\\\/\\\/fullpatin.cl\\\/tienda\\\/producto\\\/frenos-roll-line-hockey-gris\\\/#primaryimage\"},\"thumbnailUrl\":\"https:\\\/\\\/fullpatin.cl\\\/tienda\\\/wp-content\\\/uploads\\\/2021\\\/11\\\/Diseno-sin-titulo-59.png\",\"datePublished\":\"2021-11-16T20:26:42+00:00\",\"dateModified\":\"2026-04-23T15:36:13+00:00\",\"breadcrumb\":{\"@id\":\"https:\\\/\\\/fullpatin.cl\\\/tienda\\\/producto\\\/frenos-roll-line-hockey-gris\\\/#breadcrumb\"},\"inLanguage\":\"es\",\"potentialAction\":[{\"@type\":\"ReadAction\",\"target\":[\"https:\\\/\\\/fullpatin.cl\\\/tienda\\\/producto\\\/frenos-roll-line-hockey-gris\\\/\"]}]},{\"@type\":\"ImageObject\",\"inLanguage\":\"es\",\"@id\":\"https:\\\/\\\/fullpatin.cl\\\/tienda\\\/producto\\\/frenos-roll-line-hockey-gris\\\/#primaryimage\",\"url\":\"https:\\\/\\\/fullpatin.cl\\\/tienda\\\/wp-content\\\/uploads\\\/2021\\\/11\\\/Diseno-sin-titulo-59.png\",\"contentUrl\":\"https:\\\/\\\/fullpatin.cl\\\/tienda\\\/wp-content\\\/uploads\\\/2021\\\/11\\\/Diseno-sin-titulo-59.png\",\"width\":500,\"height\":500},{\"@type\":\"BreadcrumbList\",\"@id\":\"https:\\\/\\\/fullpatin.cl\\\/tienda\\\/producto\\\/frenos-roll-line-hockey-gris\\\/#breadcrumb\",\"itemListElement\":[{\"@type\":\"ListItem\",\"position\":1,\"name\":\"Portada\",\"item\":\"https:\\\/\\\/fullpatin.cl\\\/tienda\\\/\"},{\"@type\":\"ListItem\",\"position\":2,\"name\":\"Tienda\",\"item\":\"https:\\\/\\\/fullpatin.cl\\\/tienda\\\/tienda\\\/\"},{\"@type\":\"ListItem\",\"position\":3,\"name\":\"FRENOS ROLL-LINE HOCKEY GRIS\"}]},{\"@type\":\"WebSite\",\"@id\":\"https:\\\/\\\/fullpatin.cl\\\/tienda\\\/#website\",\"url\":\"https:\\\/\\\/fullpatin.cl\\\/tienda\\\/\",\"name\":\"FULL PAT\u00cdN\",\"description\":\"Tienda\",\"publisher\":{\"@id\":\"https:\\\/\\\/fullpatin.cl\\\/tienda\\\/#organization\"},\"potentialAction\":[{\"@type\":\"SearchAction\",\"target\":{\"@type\":\"EntryPoint\",\"urlTemplate\":\"https:\\\/\\\/fullpatin.cl\\\/tienda\\\/?s={search_term_string}\"},\"query-input\":{\"@type\":\"PropertyValueSpecification\",\"valueRequired\":true,\"valueName\":\"search_term_string\"}}],\"inLanguage\":\"es\"},{\"@type\":\"Organization\",\"@id\":\"https:\\\/\\\/fullpatin.cl\\\/tienda\\\/#organization\",\"name\":\"FULL PAT\u00cdN\",\"url\":\"https:\\\/\\\/fullpatin.cl\\\/tienda\\\/\",\"logo\":{\"@type\":\"ImageObject\",\"inLanguage\":\"es\",\"@id\":\"https:\\\/\\\/fullpatin.cl\\\/tienda\\\/#\\\/schema\\\/logo\\\/image\\\/\",\"url\":\"https:\\\/\\\/fullpatin.cl\\\/tienda\\\/wp-content\\\/uploads\\\/2023\\\/12\\\/fp.png\",\"contentUrl\":\"https:\\\/\\\/fullpatin.cl\\\/tienda\\\/wp-content\\\/uploads\\\/2023\\\/12\\\/fp.png\",\"width\":2185,\"height\":363,\"caption\":\"FULL PAT\u00cdN\"},\"image\":{\"@id\":\"https:\\\/\\\/fullpatin.cl\\\/tienda\\\/#\\\/schema\\\/logo\\\/image\\\/\"},\"sameAs\":[\"https:\\\/\\\/www.instagram.com\\\/full_patin\\\/\"]}]}<\/script>\n<!-- \/ Yoast SEO plugin. -->","yoast_head_json":{"title":"FRENOS ROLL-LINE HOCKEY GRIS - Full Pat\u00edn","robots":{"index":"index","follow":"follow","max-snippet":"max-snippet:-1","max-image-preview":"max-image-preview:large","max-video-preview":"max-video-preview:-1"},"canonical":"https:\/\/fullpatin.cl\/tienda\/producto\/frenos-roll-line-hockey-gris\/","og_locale":"es_ES","og_type":"article","og_title":"FRENOS ROLL-LINE HOCKEY GRIS - Full Pat\u00edn","og_description":"Los frenos Grises de Hockey est\u00e1n dise\u00f1ados para el acercamiento al juego de hockey. Dada su particular mezcla de componentes tambi\u00e9n se puede utilizar en superf\u00edcies exteriores. Fabricados con una mezcla de goma natural y acr\u00edlica que hace que aporten el justo equilibrio entre prestaci\u00f3n y durabilidad. Ideal para los principiantes. La amplia superficie de...","og_url":"https:\/\/fullpatin.cl\/tienda\/producto\/frenos-roll-line-hockey-gris\/","og_site_name":"Full Pat\u00edn","article_modified_time":"2026-04-23T15:36:13+00:00","og_image":[{"width":500,"height":500,"url":"https:\/\/fullpatin.cl\/tienda\/wp-content\/uploads\/2021\/11\/Diseno-sin-titulo-59.png","type":"image\/png"}],"twitter_card":"summary_large_image","twitter_misc":{"Tiempo de lectura":"1 minuto"},"schema":{"@context":"https:\/\/schema.org","@graph":[{"@type":"WebPage","@id":"https:\/\/fullpatin.cl\/tienda\/producto\/frenos-roll-line-hockey-gris\/","url":"https:\/\/fullpatin.cl\/tienda\/producto\/frenos-roll-line-hockey-gris\/","name":"FRENOS ROLL-LINE HOCKEY GRIS - Full Pat\u00edn","isPartOf":{"@id":"https:\/\/fullpatin.cl\/tienda\/#website"},"primaryImageOfPage":{"@id":"https:\/\/fullpatin.cl\/tienda\/producto\/frenos-roll-line-hockey-gris\/#primaryimage"},"image":{"@id":"https:\/\/fullpatin.cl\/tienda\/producto\/frenos-roll-line-hockey-gris\/#primaryimage"},"thumbnailUrl":"https:\/\/fullpatin.cl\/tienda\/wp-content\/uploads\/2021\/11\/Diseno-sin-titulo-59.png","datePublished":"2021-11-16T20:26:42+00:00","dateModified":"2026-04-23T15:36:13+00:00","breadcrumb":{"@id":"https:\/\/fullpatin.cl\/tienda\/producto\/frenos-roll-line-hockey-gris\/#breadcrumb"},"inLanguage":"es","potentialAction":[{"@type":"ReadAction","target":["https:\/\/fullpatin.cl\/tienda\/producto\/frenos-roll-line-hockey-gris\/"]}]},{"@type":"ImageObject","inLanguage":"es","@id":"https:\/\/fullpatin.cl\/tienda\/producto\/frenos-roll-line-hockey-gris\/#primaryimage","url":"https:\/\/fullpatin.cl\/tienda\/wp-content\/uploads\/2021\/11\/Diseno-sin-titulo-59.png","contentUrl":"https:\/\/fullpatin.cl\/tienda\/wp-content\/uploads\/2021\/11\/Diseno-sin-titulo-59.png","width":500,"height":500},{"@type":"BreadcrumbList","@id":"https:\/\/fullpatin.cl\/tienda\/producto\/frenos-roll-line-hockey-gris\/#breadcrumb","itemListElement":[{"@type":"ListItem","position":1,"name":"Portada","item":"https:\/\/fullpatin.cl\/tienda\/"},{"@type":"ListItem","position":2,"name":"Tienda","item":"https:\/\/fullpatin.cl\/tienda\/tienda\/"},{"@type":"ListItem","position":3,"name":"FRENOS ROLL-LINE HOCKEY GRIS"}]},{"@type":"WebSite","@id":"https:\/\/fullpatin.cl\/tienda\/#website","url":"https:\/\/fullpatin.cl\/tienda\/","name":"FULL PAT\u00cdN","description":"Tienda","publisher":{"@id":"https:\/\/fullpatin.cl\/tienda\/#organization"},"potentialAction":[{"@type":"SearchAction","target":{"@type":"EntryPoint","urlTemplate":"https:\/\/fullpatin.cl\/tienda\/?s={search_term_string}"},"query-input":{"@type":"PropertyValueSpecification","valueRequired":true,"valueName":"search_term_string"}}],"inLanguage":"es"},{"@type":"Organization","@id":"https:\/\/fullpatin.cl\/tienda\/#organization","name":"FULL PAT\u00cdN","url":"https:\/\/fullpatin.cl\/tienda\/","logo":{"@type":"ImageObject","inLanguage":"es","@id":"https:\/\/fullpatin.cl\/tienda\/#\/schema\/logo\/image\/","url":"https:\/\/fullpatin.cl\/tienda\/wp-content\/uploads\/2023\/12\/fp.png","contentUrl":"https:\/\/fullpatin.cl\/tienda\/wp-content\/uploads\/2023\/12\/fp.png","width":2185,"height":363,"caption":"FULL PAT\u00cdN"},"image":{"@id":"https:\/\/fullpatin.cl\/tienda\/#\/schema\/logo\/image\/"},"sameAs":["https:\/\/www.instagram.com\/full_patin\/"]}]}},"_links":{"self":[{"href":"https:\/\/fullpatin.cl\/tienda\/wp-json\/wp\/v2\/product\/575","targetHints":{"allow":["GET"]}}],"collection":[{"href":"https:\/\/fullpatin.cl\/tienda\/wp-json\/wp\/v2\/product"}],"about":[{"href":"https:\/\/fullpatin.cl\/tienda\/wp-json\/wp\/v2\/types\/product"}],"replies":[{"embeddable":true,"href":"https:\/\/fullpatin.cl\/tienda\/wp-json\/wp\/v2\/comments?post=575"}],"wp:featuredmedia":[{"embeddable":true,"href":"https:\/\/fullpatin.cl\/tienda\/wp-json\/wp\/v2\/media\/1942"}],"wp:attachment":[{"href":"https:\/\/fullpatin.cl\/tienda\/wp-json\/wp\/v2\/media?parent=575"}],"wp:term":[{"taxonomy":"product_brand","embeddable":true,"href":"https:\/\/fullpatin.cl\/tienda\/wp-json\/wp\/v2\/product_brand?post=575"},{"taxonomy":"product_cat","embeddable":true,"href":"https:\/\/fullpatin.cl\/tienda\/wp-json\/wp\/v2\/product_cat?post=575"},{"taxonomy":"product_tag","embeddable":true,"href":"https:\/\/fullpatin.cl\/tienda\/wp-json\/wp\/v2\/product_tag?post=575"}],"curies":[{"name":"wp","href":"https:\/\/api.w.org\/{rel}","templated":true}]}}