{"id":514,"date":"2021-11-15T20:02:32","date_gmt":"2021-11-15T20:02:32","guid":{"rendered":"https:\/\/fullpatin.cl\/tienda\/?post_type=product&#038;p=514"},"modified":"2026-03-26T13:34:37","modified_gmt":"2026-03-26T16:34:37","slug":"coquilla-azemad","status":"publish","type":"product","link":"https:\/\/fullpatin.cl\/tienda\/producto\/coquilla-azemad\/","title":{"rendered":"COQUILLA AZEMAD"},"content":{"rendered":"<p>La <strong>Coquilla AZEMAD<\/strong> es un excelente complemento de protecci\u00f3n para los Slips AZEMAD. Los materiales cuidadosamente desarrollados y seleccionados garantizan una protecci\u00f3n superior para una zona extremadamente sensible.<\/p>\n<p>La caracter\u00edstica principal del troquel es la doble capa de protecci\u00f3n, para absorber y minimizar la energ\u00eda de los impactos, y la capa inferior es de goma adherente para un mejor ajuste y para evitar deslizamientos indebidos, manteniendo siempre una mayor protecci\u00f3n y sensaci\u00f3n de seguridad. La capa superior de pl\u00e1stico, extremadamente resistente y con gran absorci\u00f3n de impactos, proporciona una enorme seguridad incluso en los mayores impactos.<\/p>\n<p>Con zonas estrat\u00e9gicamente perforadas, este calcet\u00edn permite una adecuada ventilaci\u00f3n y evita la transpiraci\u00f3n, manteniendo toda la seguridad de forma ligera y fresca.<\/p>\n","protected":false},"excerpt":{"rendered":"<p>La Coquilla AZEMAD es un excelente complemento de protecci\u00f3n para los Slips AZEMAD. Los materiales cuidadosamente desarrollados y seleccionados garantizan una protecci\u00f3n superior para una zona extremadamente sensible. La caracter\u00edstica principal del troquel es la doble capa de protecci\u00f3n, para absorber y minimizar la energ\u00eda de los impactos, y la capa inferior es de goma&#8230;<\/p>\n","protected":false},"featured_media":515,"comment_status":"open","ping_status":"closed","template":"","meta":{"_monsterinsights_skip_tracking":false,"_monsterinsights_sitenote_active":false,"_monsterinsights_sitenote_note":"","_monsterinsights_sitenote_category":0},"product_brand":[],"product_cat":[63],"product_tag":[117],"class_list":{"0":"post-514","1":"product","2":"type-product","3":"status-publish","4":"has-post-thumbnail","6":"product_cat-coquilla","7":"product_tag-azemad","9":"first","10":"outofstock","11":"taxable","12":"shipping-taxable","13":"purchasable","14":"product-type-simple"},"yoast_head":"<!-- This site is optimized with the Yoast SEO plugin v27.4 - https:\/\/yoast.com\/product\/yoast-seo-wordpress\/ -->\n<title>COQUILLA AZEMAD - Full Pat\u00edn<\/title>\n<meta name=\"robots\" content=\"index, follow, max-snippet:-1, max-image-preview:large, max-video-preview:-1\" \/>\n<link rel=\"canonical\" href=\"https:\/\/fullpatin.cl\/tienda\/producto\/coquilla-azemad\/\" \/>\n<meta property=\"og:locale\" content=\"es_ES\" \/>\n<meta property=\"og:type\" content=\"article\" \/>\n<meta property=\"og:title\" content=\"COQUILLA AZEMAD - Full Pat\u00edn\" \/>\n<meta property=\"og:description\" content=\"La Coquilla AZEMAD es un excelente complemento de protecci\u00f3n para los Slips AZEMAD. Los materiales cuidadosamente desarrollados y seleccionados garantizan una protecci\u00f3n superior para una zona extremadamente sensible. La caracter\u00edstica principal del troquel es la doble capa de protecci\u00f3n, para absorber y minimizar la energ\u00eda de los impactos, y la capa inferior es de goma...\" \/>\n<meta property=\"og:url\" content=\"https:\/\/fullpatin.cl\/tienda\/producto\/coquilla-azemad\/\" \/>\n<meta property=\"og:site_name\" content=\"Full Pat\u00edn\" \/>\n<meta property=\"article:modified_time\" content=\"2026-03-26T16:34:37+00:00\" \/>\n<meta property=\"og:image\" content=\"https:\/\/fullpatin.cl\/tienda\/wp-content\/uploads\/2021\/11\/coquilla_azemad.png\" \/>\n\t<meta property=\"og:image:width\" content=\"1080\" \/>\n\t<meta property=\"og:image:height\" content=\"1080\" \/>\n\t<meta property=\"og:image:type\" content=\"image\/png\" \/>\n<meta name=\"twitter:card\" content=\"summary_large_image\" \/>\n<meta name=\"twitter:label1\" content=\"Tiempo de lectura\" \/>\n\t<meta name=\"twitter:data1\" content=\"1 minuto\" \/>\n<script type=\"application\/ld+json\" class=\"yoast-schema-graph\">{\"@context\":\"https:\\\/\\\/schema.org\",\"@graph\":[{\"@type\":\"WebPage\",\"@id\":\"https:\\\/\\\/fullpatin.cl\\\/tienda\\\/producto\\\/coquilla-azemad\\\/\",\"url\":\"https:\\\/\\\/fullpatin.cl\\\/tienda\\\/producto\\\/coquilla-azemad\\\/\",\"name\":\"COQUILLA AZEMAD - Full Pat\u00edn\",\"isPartOf\":{\"@id\":\"https:\\\/\\\/fullpatin.cl\\\/tienda\\\/#website\"},\"primaryImageOfPage\":{\"@id\":\"https:\\\/\\\/fullpatin.cl\\\/tienda\\\/producto\\\/coquilla-azemad\\\/#primaryimage\"},\"image\":{\"@id\":\"https:\\\/\\\/fullpatin.cl\\\/tienda\\\/producto\\\/coquilla-azemad\\\/#primaryimage\"},\"thumbnailUrl\":\"https:\\\/\\\/fullpatin.cl\\\/tienda\\\/wp-content\\\/uploads\\\/2021\\\/11\\\/coquilla_azemad.png\",\"datePublished\":\"2021-11-15T20:02:32+00:00\",\"dateModified\":\"2026-03-26T16:34:37+00:00\",\"breadcrumb\":{\"@id\":\"https:\\\/\\\/fullpatin.cl\\\/tienda\\\/producto\\\/coquilla-azemad\\\/#breadcrumb\"},\"inLanguage\":\"es\",\"potentialAction\":[{\"@type\":\"ReadAction\",\"target\":[\"https:\\\/\\\/fullpatin.cl\\\/tienda\\\/producto\\\/coquilla-azemad\\\/\"]}]},{\"@type\":\"ImageObject\",\"inLanguage\":\"es\",\"@id\":\"https:\\\/\\\/fullpatin.cl\\\/tienda\\\/producto\\\/coquilla-azemad\\\/#primaryimage\",\"url\":\"https:\\\/\\\/fullpatin.cl\\\/tienda\\\/wp-content\\\/uploads\\\/2021\\\/11\\\/coquilla_azemad.png\",\"contentUrl\":\"https:\\\/\\\/fullpatin.cl\\\/tienda\\\/wp-content\\\/uploads\\\/2021\\\/11\\\/coquilla_azemad.png\",\"width\":1080,\"height\":1080},{\"@type\":\"BreadcrumbList\",\"@id\":\"https:\\\/\\\/fullpatin.cl\\\/tienda\\\/producto\\\/coquilla-azemad\\\/#breadcrumb\",\"itemListElement\":[{\"@type\":\"ListItem\",\"position\":1,\"name\":\"Portada\",\"item\":\"https:\\\/\\\/fullpatin.cl\\\/tienda\\\/\"},{\"@type\":\"ListItem\",\"position\":2,\"name\":\"Tienda\",\"item\":\"https:\\\/\\\/fullpatin.cl\\\/tienda\\\/tienda\\\/\"},{\"@type\":\"ListItem\",\"position\":3,\"name\":\"COQUILLA AZEMAD\"}]},{\"@type\":\"WebSite\",\"@id\":\"https:\\\/\\\/fullpatin.cl\\\/tienda\\\/#website\",\"url\":\"https:\\\/\\\/fullpatin.cl\\\/tienda\\\/\",\"name\":\"FULL PAT\u00cdN\",\"description\":\"Tienda\",\"publisher\":{\"@id\":\"https:\\\/\\\/fullpatin.cl\\\/tienda\\\/#organization\"},\"potentialAction\":[{\"@type\":\"SearchAction\",\"target\":{\"@type\":\"EntryPoint\",\"urlTemplate\":\"https:\\\/\\\/fullpatin.cl\\\/tienda\\\/?s={search_term_string}\"},\"query-input\":{\"@type\":\"PropertyValueSpecification\",\"valueRequired\":true,\"valueName\":\"search_term_string\"}}],\"inLanguage\":\"es\"},{\"@type\":\"Organization\",\"@id\":\"https:\\\/\\\/fullpatin.cl\\\/tienda\\\/#organization\",\"name\":\"FULL PAT\u00cdN\",\"url\":\"https:\\\/\\\/fullpatin.cl\\\/tienda\\\/\",\"logo\":{\"@type\":\"ImageObject\",\"inLanguage\":\"es\",\"@id\":\"https:\\\/\\\/fullpatin.cl\\\/tienda\\\/#\\\/schema\\\/logo\\\/image\\\/\",\"url\":\"https:\\\/\\\/fullpatin.cl\\\/tienda\\\/wp-content\\\/uploads\\\/2023\\\/12\\\/fp.png\",\"contentUrl\":\"https:\\\/\\\/fullpatin.cl\\\/tienda\\\/wp-content\\\/uploads\\\/2023\\\/12\\\/fp.png\",\"width\":2185,\"height\":363,\"caption\":\"FULL PAT\u00cdN\"},\"image\":{\"@id\":\"https:\\\/\\\/fullpatin.cl\\\/tienda\\\/#\\\/schema\\\/logo\\\/image\\\/\"},\"sameAs\":[\"https:\\\/\\\/www.instagram.com\\\/full_patin\\\/\"]}]}<\/script>\n<!-- \/ Yoast SEO plugin. -->","yoast_head_json":{"title":"COQUILLA AZEMAD - Full Pat\u00edn","robots":{"index":"index","follow":"follow","max-snippet":"max-snippet:-1","max-image-preview":"max-image-preview:large","max-video-preview":"max-video-preview:-1"},"canonical":"https:\/\/fullpatin.cl\/tienda\/producto\/coquilla-azemad\/","og_locale":"es_ES","og_type":"article","og_title":"COQUILLA AZEMAD - Full Pat\u00edn","og_description":"La Coquilla AZEMAD es un excelente complemento de protecci\u00f3n para los Slips AZEMAD. Los materiales cuidadosamente desarrollados y seleccionados garantizan una protecci\u00f3n superior para una zona extremadamente sensible. La caracter\u00edstica principal del troquel es la doble capa de protecci\u00f3n, para absorber y minimizar la energ\u00eda de los impactos, y la capa inferior es de goma...","og_url":"https:\/\/fullpatin.cl\/tienda\/producto\/coquilla-azemad\/","og_site_name":"Full Pat\u00edn","article_modified_time":"2026-03-26T16:34:37+00:00","og_image":[{"width":1080,"height":1080,"url":"https:\/\/fullpatin.cl\/tienda\/wp-content\/uploads\/2021\/11\/coquilla_azemad.png","type":"image\/png"}],"twitter_card":"summary_large_image","twitter_misc":{"Tiempo de lectura":"1 minuto"},"schema":{"@context":"https:\/\/schema.org","@graph":[{"@type":"WebPage","@id":"https:\/\/fullpatin.cl\/tienda\/producto\/coquilla-azemad\/","url":"https:\/\/fullpatin.cl\/tienda\/producto\/coquilla-azemad\/","name":"COQUILLA AZEMAD - Full Pat\u00edn","isPartOf":{"@id":"https:\/\/fullpatin.cl\/tienda\/#website"},"primaryImageOfPage":{"@id":"https:\/\/fullpatin.cl\/tienda\/producto\/coquilla-azemad\/#primaryimage"},"image":{"@id":"https:\/\/fullpatin.cl\/tienda\/producto\/coquilla-azemad\/#primaryimage"},"thumbnailUrl":"https:\/\/fullpatin.cl\/tienda\/wp-content\/uploads\/2021\/11\/coquilla_azemad.png","datePublished":"2021-11-15T20:02:32+00:00","dateModified":"2026-03-26T16:34:37+00:00","breadcrumb":{"@id":"https:\/\/fullpatin.cl\/tienda\/producto\/coquilla-azemad\/#breadcrumb"},"inLanguage":"es","potentialAction":[{"@type":"ReadAction","target":["https:\/\/fullpatin.cl\/tienda\/producto\/coquilla-azemad\/"]}]},{"@type":"ImageObject","inLanguage":"es","@id":"https:\/\/fullpatin.cl\/tienda\/producto\/coquilla-azemad\/#primaryimage","url":"https:\/\/fullpatin.cl\/tienda\/wp-content\/uploads\/2021\/11\/coquilla_azemad.png","contentUrl":"https:\/\/fullpatin.cl\/tienda\/wp-content\/uploads\/2021\/11\/coquilla_azemad.png","width":1080,"height":1080},{"@type":"BreadcrumbList","@id":"https:\/\/fullpatin.cl\/tienda\/producto\/coquilla-azemad\/#breadcrumb","itemListElement":[{"@type":"ListItem","position":1,"name":"Portada","item":"https:\/\/fullpatin.cl\/tienda\/"},{"@type":"ListItem","position":2,"name":"Tienda","item":"https:\/\/fullpatin.cl\/tienda\/tienda\/"},{"@type":"ListItem","position":3,"name":"COQUILLA AZEMAD"}]},{"@type":"WebSite","@id":"https:\/\/fullpatin.cl\/tienda\/#website","url":"https:\/\/fullpatin.cl\/tienda\/","name":"FULL PAT\u00cdN","description":"Tienda","publisher":{"@id":"https:\/\/fullpatin.cl\/tienda\/#organization"},"potentialAction":[{"@type":"SearchAction","target":{"@type":"EntryPoint","urlTemplate":"https:\/\/fullpatin.cl\/tienda\/?s={search_term_string}"},"query-input":{"@type":"PropertyValueSpecification","valueRequired":true,"valueName":"search_term_string"}}],"inLanguage":"es"},{"@type":"Organization","@id":"https:\/\/fullpatin.cl\/tienda\/#organization","name":"FULL PAT\u00cdN","url":"https:\/\/fullpatin.cl\/tienda\/","logo":{"@type":"ImageObject","inLanguage":"es","@id":"https:\/\/fullpatin.cl\/tienda\/#\/schema\/logo\/image\/","url":"https:\/\/fullpatin.cl\/tienda\/wp-content\/uploads\/2023\/12\/fp.png","contentUrl":"https:\/\/fullpatin.cl\/tienda\/wp-content\/uploads\/2023\/12\/fp.png","width":2185,"height":363,"caption":"FULL PAT\u00cdN"},"image":{"@id":"https:\/\/fullpatin.cl\/tienda\/#\/schema\/logo\/image\/"},"sameAs":["https:\/\/www.instagram.com\/full_patin\/"]}]}},"_links":{"self":[{"href":"https:\/\/fullpatin.cl\/tienda\/wp-json\/wp\/v2\/product\/514","targetHints":{"allow":["GET"]}}],"collection":[{"href":"https:\/\/fullpatin.cl\/tienda\/wp-json\/wp\/v2\/product"}],"about":[{"href":"https:\/\/fullpatin.cl\/tienda\/wp-json\/wp\/v2\/types\/product"}],"replies":[{"embeddable":true,"href":"https:\/\/fullpatin.cl\/tienda\/wp-json\/wp\/v2\/comments?post=514"}],"wp:featuredmedia":[{"embeddable":true,"href":"https:\/\/fullpatin.cl\/tienda\/wp-json\/wp\/v2\/media\/515"}],"wp:attachment":[{"href":"https:\/\/fullpatin.cl\/tienda\/wp-json\/wp\/v2\/media?parent=514"}],"wp:term":[{"taxonomy":"product_brand","embeddable":true,"href":"https:\/\/fullpatin.cl\/tienda\/wp-json\/wp\/v2\/product_brand?post=514"},{"taxonomy":"product_cat","embeddable":true,"href":"https:\/\/fullpatin.cl\/tienda\/wp-json\/wp\/v2\/product_cat?post=514"},{"taxonomy":"product_tag","embeddable":true,"href":"https:\/\/fullpatin.cl\/tienda\/wp-json\/wp\/v2\/product_tag?post=514"}],"curies":[{"name":"wp","href":"https:\/\/api.w.org\/{rel}","templated":true}]}}