{"id":4883,"date":"2026-04-22T16:36:25","date_gmt":"2026-04-22T19:36:25","guid":{"rendered":"https:\/\/fullpatin.cl\/tienda\/?post_type=product&#038;p=4883"},"modified":"2026-04-22T16:39:33","modified_gmt":"2026-04-22T19:39:33","slug":"plancha-roll-line-mistral-2","status":"publish","type":"product","link":"https:\/\/fullpatin.cl\/tienda\/producto\/plancha-roll-line-mistral-2\/","title":{"rendered":"PLANCHA ROLL-LINE MISTRAL"},"content":{"rendered":"<p>La plancha\u00a0<strong>Mistral<\/strong>\u00a0est\u00e1 dise\u00f1ada para atletas que realizan saltos dobles y giros de nivel avanzado.<\/p>\n<ul>\n<li>Diferenciaci\u00f3n entre plancha derecha e izquierda que facilita la ejecuci\u00f3n de los saltos picados como Toe-Loop, Flip y Lutz.<\/li>\n<li>Mecanismo \u201cClick Action\u201d que permite una mayor precisi\u00f3n de las suspensiones y que mantienen su ajuste incluso durante los ejercicios m\u00e1s complejos.<\/li>\n<li>Base realizada a partir de una barra de Aluminio trefilada y completamente mecanizada en CNC.<\/li>\n<li>Pernos de 13 mm en \u00e1ngulo de 16\u00b0 con configuraci\u00f3n tradicional.<\/li>\n<li>Suspensiones de elast\u00f3mero disponibles en 5 durezas (colores) disponibles.<\/li>\n<li>Trenes direccionales de aluminio con ejes de acero de 7 mm y pivote ajustable.<\/li>\n<li>Frenos y juego de llaves incluidos.<\/li>\n<\/ul>\n","protected":false},"excerpt":{"rendered":"<p>La plancha\u00a0Mistral\u00a0est\u00e1 dise\u00f1ada para atletas que realizan saltos dobles y giros de nivel avanzado. Diferenciaci\u00f3n entre plancha derecha e izquierda que facilita la ejecuci\u00f3n de los saltos picados como Toe-Loop, Flip y Lutz. Mecanismo \u201cClick Action\u201d que permite una mayor precisi\u00f3n de las suspensiones y que mantienen su ajuste incluso durante los ejercicios m\u00e1s complejos&#8230;.<\/p>\n","protected":false},"featured_media":4885,"comment_status":"open","ping_status":"closed","template":"","meta":{"_monsterinsights_skip_tracking":false,"_monsterinsights_sitenote_active":false,"_monsterinsights_sitenote_note":"","_monsterinsights_sitenote_category":0},"product_brand":[],"product_cat":[48],"product_tag":[158,122],"class_list":{"0":"post-4883","1":"product","2":"type-product","3":"status-publish","4":"has-post-thumbnail","6":"product_cat-planchas","7":"product_tag-jugador","8":"product_tag-roll-line","9":"pa_tallas-109","10":"pa_tallas-110","11":"pa_tallas-111","12":"pa_tallas-112","13":"pa_tallas-113","14":"pa_tallas-135","16":"first","17":"instock","18":"taxable","19":"shipping-taxable","20":"purchasable","21":"product-type-variable"},"yoast_head":"<!-- This site is optimized with the Yoast SEO plugin v27.4 - https:\/\/yoast.com\/product\/yoast-seo-wordpress\/ -->\n<title>PLANCHA ROLL-LINE MISTRAL - Full Pat\u00edn<\/title>\n<meta name=\"robots\" content=\"index, follow, max-snippet:-1, max-image-preview:large, max-video-preview:-1\" \/>\n<link rel=\"canonical\" href=\"https:\/\/fullpatin.cl\/tienda\/producto\/plancha-roll-line-mistral-2\/\" \/>\n<meta property=\"og:locale\" content=\"es_ES\" \/>\n<meta property=\"og:type\" content=\"article\" \/>\n<meta property=\"og:title\" content=\"PLANCHA ROLL-LINE MISTRAL - Full Pat\u00edn\" \/>\n<meta property=\"og:description\" content=\"La plancha\u00a0Mistral\u00a0est\u00e1 dise\u00f1ada para atletas que realizan saltos dobles y giros de nivel avanzado. Diferenciaci\u00f3n entre plancha derecha e izquierda que facilita la ejecuci\u00f3n de los saltos picados como Toe-Loop, Flip y Lutz. Mecanismo \u201cClick Action\u201d que permite una mayor precisi\u00f3n de las suspensiones y que mantienen su ajuste incluso durante los ejercicios m\u00e1s complejos....\" \/>\n<meta property=\"og:url\" content=\"https:\/\/fullpatin.cl\/tienda\/producto\/plancha-roll-line-mistral-2\/\" \/>\n<meta property=\"og:site_name\" content=\"Full Pat\u00edn\" \/>\n<meta property=\"article:modified_time\" content=\"2026-04-22T19:39:33+00:00\" \/>\n<meta property=\"og:image\" content=\"https:\/\/fullpatin.cl\/tienda\/wp-content\/uploads\/2026\/04\/mstrl.png\" \/>\n\t<meta property=\"og:image:width\" content=\"1080\" \/>\n\t<meta property=\"og:image:height\" content=\"1080\" \/>\n\t<meta property=\"og:image:type\" content=\"image\/png\" \/>\n<meta name=\"twitter:card\" content=\"summary_large_image\" \/>\n<meta name=\"twitter:label1\" content=\"Tiempo de lectura\" \/>\n\t<meta name=\"twitter:data1\" content=\"1 minuto\" \/>\n<script type=\"application\/ld+json\" class=\"yoast-schema-graph\">{\"@context\":\"https:\\\/\\\/schema.org\",\"@graph\":[{\"@type\":\"WebPage\",\"@id\":\"https:\\\/\\\/fullpatin.cl\\\/tienda\\\/producto\\\/plancha-roll-line-mistral-2\\\/\",\"url\":\"https:\\\/\\\/fullpatin.cl\\\/tienda\\\/producto\\\/plancha-roll-line-mistral-2\\\/\",\"name\":\"PLANCHA ROLL-LINE MISTRAL - Full Pat\u00edn\",\"isPartOf\":{\"@id\":\"https:\\\/\\\/fullpatin.cl\\\/tienda\\\/#website\"},\"primaryImageOfPage\":{\"@id\":\"https:\\\/\\\/fullpatin.cl\\\/tienda\\\/producto\\\/plancha-roll-line-mistral-2\\\/#primaryimage\"},\"image\":{\"@id\":\"https:\\\/\\\/fullpatin.cl\\\/tienda\\\/producto\\\/plancha-roll-line-mistral-2\\\/#primaryimage\"},\"thumbnailUrl\":\"https:\\\/\\\/fullpatin.cl\\\/tienda\\\/wp-content\\\/uploads\\\/2026\\\/04\\\/mstrl.png\",\"datePublished\":\"2026-04-22T19:36:25+00:00\",\"dateModified\":\"2026-04-22T19:39:33+00:00\",\"breadcrumb\":{\"@id\":\"https:\\\/\\\/fullpatin.cl\\\/tienda\\\/producto\\\/plancha-roll-line-mistral-2\\\/#breadcrumb\"},\"inLanguage\":\"es\",\"potentialAction\":[{\"@type\":\"ReadAction\",\"target\":[\"https:\\\/\\\/fullpatin.cl\\\/tienda\\\/producto\\\/plancha-roll-line-mistral-2\\\/\"]}]},{\"@type\":\"ImageObject\",\"inLanguage\":\"es\",\"@id\":\"https:\\\/\\\/fullpatin.cl\\\/tienda\\\/producto\\\/plancha-roll-line-mistral-2\\\/#primaryimage\",\"url\":\"https:\\\/\\\/fullpatin.cl\\\/tienda\\\/wp-content\\\/uploads\\\/2026\\\/04\\\/mstrl.png\",\"contentUrl\":\"https:\\\/\\\/fullpatin.cl\\\/tienda\\\/wp-content\\\/uploads\\\/2026\\\/04\\\/mstrl.png\",\"width\":1080,\"height\":1080},{\"@type\":\"BreadcrumbList\",\"@id\":\"https:\\\/\\\/fullpatin.cl\\\/tienda\\\/producto\\\/plancha-roll-line-mistral-2\\\/#breadcrumb\",\"itemListElement\":[{\"@type\":\"ListItem\",\"position\":1,\"name\":\"Portada\",\"item\":\"https:\\\/\\\/fullpatin.cl\\\/tienda\\\/\"},{\"@type\":\"ListItem\",\"position\":2,\"name\":\"Tienda\",\"item\":\"https:\\\/\\\/fullpatin.cl\\\/tienda\\\/tienda\\\/\"},{\"@type\":\"ListItem\",\"position\":3,\"name\":\"PLANCHA ROLL-LINE MISTRAL\"}]},{\"@type\":\"WebSite\",\"@id\":\"https:\\\/\\\/fullpatin.cl\\\/tienda\\\/#website\",\"url\":\"https:\\\/\\\/fullpatin.cl\\\/tienda\\\/\",\"name\":\"FULL PAT\u00cdN\",\"description\":\"Tienda\",\"publisher\":{\"@id\":\"https:\\\/\\\/fullpatin.cl\\\/tienda\\\/#organization\"},\"potentialAction\":[{\"@type\":\"SearchAction\",\"target\":{\"@type\":\"EntryPoint\",\"urlTemplate\":\"https:\\\/\\\/fullpatin.cl\\\/tienda\\\/?s={search_term_string}\"},\"query-input\":{\"@type\":\"PropertyValueSpecification\",\"valueRequired\":true,\"valueName\":\"search_term_string\"}}],\"inLanguage\":\"es\"},{\"@type\":\"Organization\",\"@id\":\"https:\\\/\\\/fullpatin.cl\\\/tienda\\\/#organization\",\"name\":\"FULL PAT\u00cdN\",\"url\":\"https:\\\/\\\/fullpatin.cl\\\/tienda\\\/\",\"logo\":{\"@type\":\"ImageObject\",\"inLanguage\":\"es\",\"@id\":\"https:\\\/\\\/fullpatin.cl\\\/tienda\\\/#\\\/schema\\\/logo\\\/image\\\/\",\"url\":\"https:\\\/\\\/fullpatin.cl\\\/tienda\\\/wp-content\\\/uploads\\\/2023\\\/12\\\/fp.png\",\"contentUrl\":\"https:\\\/\\\/fullpatin.cl\\\/tienda\\\/wp-content\\\/uploads\\\/2023\\\/12\\\/fp.png\",\"width\":2185,\"height\":363,\"caption\":\"FULL PAT\u00cdN\"},\"image\":{\"@id\":\"https:\\\/\\\/fullpatin.cl\\\/tienda\\\/#\\\/schema\\\/logo\\\/image\\\/\"},\"sameAs\":[\"https:\\\/\\\/www.instagram.com\\\/full_patin\\\/\"]}]}<\/script>\n<!-- \/ Yoast SEO plugin. -->","yoast_head_json":{"title":"PLANCHA ROLL-LINE MISTRAL - Full Pat\u00edn","robots":{"index":"index","follow":"follow","max-snippet":"max-snippet:-1","max-image-preview":"max-image-preview:large","max-video-preview":"max-video-preview:-1"},"canonical":"https:\/\/fullpatin.cl\/tienda\/producto\/plancha-roll-line-mistral-2\/","og_locale":"es_ES","og_type":"article","og_title":"PLANCHA ROLL-LINE MISTRAL - Full Pat\u00edn","og_description":"La plancha\u00a0Mistral\u00a0est\u00e1 dise\u00f1ada para atletas que realizan saltos dobles y giros de nivel avanzado. Diferenciaci\u00f3n entre plancha derecha e izquierda que facilita la ejecuci\u00f3n de los saltos picados como Toe-Loop, Flip y Lutz. Mecanismo \u201cClick Action\u201d que permite una mayor precisi\u00f3n de las suspensiones y que mantienen su ajuste incluso durante los ejercicios m\u00e1s complejos....","og_url":"https:\/\/fullpatin.cl\/tienda\/producto\/plancha-roll-line-mistral-2\/","og_site_name":"Full Pat\u00edn","article_modified_time":"2026-04-22T19:39:33+00:00","og_image":[{"width":1080,"height":1080,"url":"https:\/\/fullpatin.cl\/tienda\/wp-content\/uploads\/2026\/04\/mstrl.png","type":"image\/png"}],"twitter_card":"summary_large_image","twitter_misc":{"Tiempo de lectura":"1 minuto"},"schema":{"@context":"https:\/\/schema.org","@graph":[{"@type":"WebPage","@id":"https:\/\/fullpatin.cl\/tienda\/producto\/plancha-roll-line-mistral-2\/","url":"https:\/\/fullpatin.cl\/tienda\/producto\/plancha-roll-line-mistral-2\/","name":"PLANCHA ROLL-LINE MISTRAL - Full Pat\u00edn","isPartOf":{"@id":"https:\/\/fullpatin.cl\/tienda\/#website"},"primaryImageOfPage":{"@id":"https:\/\/fullpatin.cl\/tienda\/producto\/plancha-roll-line-mistral-2\/#primaryimage"},"image":{"@id":"https:\/\/fullpatin.cl\/tienda\/producto\/plancha-roll-line-mistral-2\/#primaryimage"},"thumbnailUrl":"https:\/\/fullpatin.cl\/tienda\/wp-content\/uploads\/2026\/04\/mstrl.png","datePublished":"2026-04-22T19:36:25+00:00","dateModified":"2026-04-22T19:39:33+00:00","breadcrumb":{"@id":"https:\/\/fullpatin.cl\/tienda\/producto\/plancha-roll-line-mistral-2\/#breadcrumb"},"inLanguage":"es","potentialAction":[{"@type":"ReadAction","target":["https:\/\/fullpatin.cl\/tienda\/producto\/plancha-roll-line-mistral-2\/"]}]},{"@type":"ImageObject","inLanguage":"es","@id":"https:\/\/fullpatin.cl\/tienda\/producto\/plancha-roll-line-mistral-2\/#primaryimage","url":"https:\/\/fullpatin.cl\/tienda\/wp-content\/uploads\/2026\/04\/mstrl.png","contentUrl":"https:\/\/fullpatin.cl\/tienda\/wp-content\/uploads\/2026\/04\/mstrl.png","width":1080,"height":1080},{"@type":"BreadcrumbList","@id":"https:\/\/fullpatin.cl\/tienda\/producto\/plancha-roll-line-mistral-2\/#breadcrumb","itemListElement":[{"@type":"ListItem","position":1,"name":"Portada","item":"https:\/\/fullpatin.cl\/tienda\/"},{"@type":"ListItem","position":2,"name":"Tienda","item":"https:\/\/fullpatin.cl\/tienda\/tienda\/"},{"@type":"ListItem","position":3,"name":"PLANCHA ROLL-LINE MISTRAL"}]},{"@type":"WebSite","@id":"https:\/\/fullpatin.cl\/tienda\/#website","url":"https:\/\/fullpatin.cl\/tienda\/","name":"FULL PAT\u00cdN","description":"Tienda","publisher":{"@id":"https:\/\/fullpatin.cl\/tienda\/#organization"},"potentialAction":[{"@type":"SearchAction","target":{"@type":"EntryPoint","urlTemplate":"https:\/\/fullpatin.cl\/tienda\/?s={search_term_string}"},"query-input":{"@type":"PropertyValueSpecification","valueRequired":true,"valueName":"search_term_string"}}],"inLanguage":"es"},{"@type":"Organization","@id":"https:\/\/fullpatin.cl\/tienda\/#organization","name":"FULL PAT\u00cdN","url":"https:\/\/fullpatin.cl\/tienda\/","logo":{"@type":"ImageObject","inLanguage":"es","@id":"https:\/\/fullpatin.cl\/tienda\/#\/schema\/logo\/image\/","url":"https:\/\/fullpatin.cl\/tienda\/wp-content\/uploads\/2023\/12\/fp.png","contentUrl":"https:\/\/fullpatin.cl\/tienda\/wp-content\/uploads\/2023\/12\/fp.png","width":2185,"height":363,"caption":"FULL PAT\u00cdN"},"image":{"@id":"https:\/\/fullpatin.cl\/tienda\/#\/schema\/logo\/image\/"},"sameAs":["https:\/\/www.instagram.com\/full_patin\/"]}]}},"_links":{"self":[{"href":"https:\/\/fullpatin.cl\/tienda\/wp-json\/wp\/v2\/product\/4883","targetHints":{"allow":["GET"]}}],"collection":[{"href":"https:\/\/fullpatin.cl\/tienda\/wp-json\/wp\/v2\/product"}],"about":[{"href":"https:\/\/fullpatin.cl\/tienda\/wp-json\/wp\/v2\/types\/product"}],"replies":[{"embeddable":true,"href":"https:\/\/fullpatin.cl\/tienda\/wp-json\/wp\/v2\/comments?post=4883"}],"wp:featuredmedia":[{"embeddable":true,"href":"https:\/\/fullpatin.cl\/tienda\/wp-json\/wp\/v2\/media\/4885"}],"wp:attachment":[{"href":"https:\/\/fullpatin.cl\/tienda\/wp-json\/wp\/v2\/media?parent=4883"}],"wp:term":[{"taxonomy":"product_brand","embeddable":true,"href":"https:\/\/fullpatin.cl\/tienda\/wp-json\/wp\/v2\/product_brand?post=4883"},{"taxonomy":"product_cat","embeddable":true,"href":"https:\/\/fullpatin.cl\/tienda\/wp-json\/wp\/v2\/product_cat?post=4883"},{"taxonomy":"product_tag","embeddable":true,"href":"https:\/\/fullpatin.cl\/tienda\/wp-json\/wp\/v2\/product_tag?post=4883"}],"curies":[{"name":"wp","href":"https:\/\/api.w.org\/{rel}","templated":true}]}}