{"id":4628,"date":"2026-02-19T18:21:23","date_gmt":"2026-02-19T21:21:23","guid":{"rendered":"https:\/\/fullpatin.cl\/tienda\/?post_type=product&#038;p=4628"},"modified":"2026-04-04T12:01:47","modified_gmt":"2026-04-04T15:01:47","slug":"frenos-toor-colores","status":"publish","type":"product","link":"https:\/\/fullpatin.cl\/tienda\/producto\/frenos-toor-colores\/","title":{"rendered":"FRENOS TOOR COLORES"},"content":{"rendered":"<p><strong><span dir=\"auto\"><span class=\"\" dir=\"auto\">La misma f\u00f3rmula de siempre, caucho natural de alta calidad; el tama\u00f1o del tornillo es universal.<\/span><\/span><\/strong><\/p>\n<p><strong><span dir=\"auto\"><span class=\"\" dir=\"auto\">Innovaci\u00f3n, adem\u00e1s de los materiales de alta calidad, tanto en agarre como en durabilidad, radica en que cuenta con un tornillo de 3 cm de altura, lo que permite un mejor ajuste en comparaci\u00f3n con otras marcas del mercado.<\/span><\/span><\/strong><\/p>\n","protected":false},"excerpt":{"rendered":"<p>La misma f\u00f3rmula de siempre, caucho natural de alta calidad; el tama\u00f1o del tornillo es universal. Innovaci\u00f3n, adem\u00e1s de los materiales de alta calidad, tanto en agarre como en durabilidad, radica en que cuenta con un tornillo de 3 cm de altura, lo que permite un mejor ajuste en comparaci\u00f3n con otras marcas del mercado.<\/p>\n","protected":false},"featured_media":4629,"comment_status":"open","ping_status":"closed","template":"","meta":{"_monsterinsights_skip_tracking":false,"_monsterinsights_sitenote_active":false,"_monsterinsights_sitenote_note":"","_monsterinsights_sitenote_category":0},"product_brand":[],"product_cat":[20],"product_tag":[119],"class_list":{"0":"post-4628","1":"product","2":"type-product","3":"status-publish","4":"has-post-thumbnail","6":"product_cat-frenoshockey","7":"product_tag-toor","8":"pa_color-rosado","9":"pa_color-negro","10":"pa_color-blanco","11":"pa_color-rojo","12":"pa_color-azul","13":"pa_color-verde","14":"pa_color-amarillo","16":"first","17":"instock","18":"taxable","19":"shipping-taxable","20":"purchasable","21":"product-type-variable"},"yoast_head":"<!-- This site is optimized with the Yoast SEO plugin v26.1.1 - https:\/\/yoast.com\/wordpress\/plugins\/seo\/ -->\n<title>FRENOS TOOR COLORES - Full Pat\u00edn<\/title>\n<meta name=\"robots\" content=\"index, follow, max-snippet:-1, max-image-preview:large, max-video-preview:-1\" \/>\n<link rel=\"canonical\" href=\"https:\/\/fullpatin.cl\/tienda\/producto\/frenos-toor-colores\/\" \/>\n<meta property=\"og:locale\" content=\"es_ES\" \/>\n<meta property=\"og:type\" content=\"article\" \/>\n<meta property=\"og:title\" content=\"FRENOS TOOR COLORES - Full Pat\u00edn\" \/>\n<meta property=\"og:description\" content=\"La misma f\u00f3rmula de siempre, caucho natural de alta calidad; el tama\u00f1o del tornillo es universal. Innovaci\u00f3n, adem\u00e1s de los materiales de alta calidad, tanto en agarre como en durabilidad, radica en que cuenta con un tornillo de 3 cm de altura, lo que permite un mejor ajuste en comparaci\u00f3n con otras marcas del mercado.\" \/>\n<meta property=\"og:url\" content=\"https:\/\/fullpatin.cl\/tienda\/producto\/frenos-toor-colores\/\" \/>\n<meta property=\"og:site_name\" content=\"Full Pat\u00edn\" \/>\n<meta property=\"article:modified_time\" content=\"2026-04-04T15:01:47+00:00\" \/>\n<meta property=\"og:image\" content=\"https:\/\/fullpatin.cl\/tienda\/wp-content\/uploads\/2026\/02\/frentoorbl.png\" \/>\n\t<meta property=\"og:image:width\" content=\"1080\" \/>\n\t<meta property=\"og:image:height\" content=\"1080\" \/>\n\t<meta property=\"og:image:type\" content=\"image\/png\" \/>\n<meta name=\"twitter:card\" content=\"summary_large_image\" \/>\n<meta name=\"twitter:label1\" content=\"Tiempo de lectura\" \/>\n\t<meta name=\"twitter:data1\" content=\"1 minuto\" \/>\n<script type=\"application\/ld+json\" class=\"yoast-schema-graph\">{\"@context\":\"https:\/\/schema.org\",\"@graph\":[{\"@type\":\"WebPage\",\"@id\":\"https:\/\/fullpatin.cl\/tienda\/producto\/frenos-toor-colores\/\",\"url\":\"https:\/\/fullpatin.cl\/tienda\/producto\/frenos-toor-colores\/\",\"name\":\"FRENOS TOOR COLORES - Full Pat\u00edn\",\"isPartOf\":{\"@id\":\"https:\/\/fullpatin.cl\/tienda\/#website\"},\"primaryImageOfPage\":{\"@id\":\"https:\/\/fullpatin.cl\/tienda\/producto\/frenos-toor-colores\/#primaryimage\"},\"image\":{\"@id\":\"https:\/\/fullpatin.cl\/tienda\/producto\/frenos-toor-colores\/#primaryimage\"},\"thumbnailUrl\":\"https:\/\/fullpatin.cl\/tienda\/wp-content\/uploads\/2026\/02\/frentoorbl.png\",\"datePublished\":\"2026-02-19T21:21:23+00:00\",\"dateModified\":\"2026-04-04T15:01:47+00:00\",\"breadcrumb\":{\"@id\":\"https:\/\/fullpatin.cl\/tienda\/producto\/frenos-toor-colores\/#breadcrumb\"},\"inLanguage\":\"es\",\"potentialAction\":[{\"@type\":\"ReadAction\",\"target\":[\"https:\/\/fullpatin.cl\/tienda\/producto\/frenos-toor-colores\/\"]}]},{\"@type\":\"ImageObject\",\"inLanguage\":\"es\",\"@id\":\"https:\/\/fullpatin.cl\/tienda\/producto\/frenos-toor-colores\/#primaryimage\",\"url\":\"https:\/\/fullpatin.cl\/tienda\/wp-content\/uploads\/2026\/02\/frentoorbl.png\",\"contentUrl\":\"https:\/\/fullpatin.cl\/tienda\/wp-content\/uploads\/2026\/02\/frentoorbl.png\",\"width\":1080,\"height\":1080},{\"@type\":\"BreadcrumbList\",\"@id\":\"https:\/\/fullpatin.cl\/tienda\/producto\/frenos-toor-colores\/#breadcrumb\",\"itemListElement\":[{\"@type\":\"ListItem\",\"position\":1,\"name\":\"Portada\",\"item\":\"https:\/\/fullpatin.cl\/tienda\/\"},{\"@type\":\"ListItem\",\"position\":2,\"name\":\"Tienda\",\"item\":\"https:\/\/fullpatin.cl\/tienda\/tienda\/\"},{\"@type\":\"ListItem\",\"position\":3,\"name\":\"FRENOS TOOR COLORES\"}]},{\"@type\":\"WebSite\",\"@id\":\"https:\/\/fullpatin.cl\/tienda\/#website\",\"url\":\"https:\/\/fullpatin.cl\/tienda\/\",\"name\":\"FULL PAT\u00cdN\",\"description\":\"Tienda\",\"publisher\":{\"@id\":\"https:\/\/fullpatin.cl\/tienda\/#organization\"},\"potentialAction\":[{\"@type\":\"SearchAction\",\"target\":{\"@type\":\"EntryPoint\",\"urlTemplate\":\"https:\/\/fullpatin.cl\/tienda\/?s={search_term_string}\"},\"query-input\":{\"@type\":\"PropertyValueSpecification\",\"valueRequired\":true,\"valueName\":\"search_term_string\"}}],\"inLanguage\":\"es\"},{\"@type\":\"Organization\",\"@id\":\"https:\/\/fullpatin.cl\/tienda\/#organization\",\"name\":\"FULL PAT\u00cdN\",\"url\":\"https:\/\/fullpatin.cl\/tienda\/\",\"logo\":{\"@type\":\"ImageObject\",\"inLanguage\":\"es\",\"@id\":\"https:\/\/fullpatin.cl\/tienda\/#\/schema\/logo\/image\/\",\"url\":\"https:\/\/fullpatin.cl\/tienda\/wp-content\/uploads\/2023\/12\/fp.png\",\"contentUrl\":\"https:\/\/fullpatin.cl\/tienda\/wp-content\/uploads\/2023\/12\/fp.png\",\"width\":2185,\"height\":363,\"caption\":\"FULL PAT\u00cdN\"},\"image\":{\"@id\":\"https:\/\/fullpatin.cl\/tienda\/#\/schema\/logo\/image\/\"},\"sameAs\":[\"https:\/\/www.instagram.com\/full_patin\/\"]}]}<\/script>\n<!-- \/ Yoast SEO plugin. -->","yoast_head_json":{"title":"FRENOS TOOR COLORES - Full Pat\u00edn","robots":{"index":"index","follow":"follow","max-snippet":"max-snippet:-1","max-image-preview":"max-image-preview:large","max-video-preview":"max-video-preview:-1"},"canonical":"https:\/\/fullpatin.cl\/tienda\/producto\/frenos-toor-colores\/","og_locale":"es_ES","og_type":"article","og_title":"FRENOS TOOR COLORES - Full Pat\u00edn","og_description":"La misma f\u00f3rmula de siempre, caucho natural de alta calidad; el tama\u00f1o del tornillo es universal. Innovaci\u00f3n, adem\u00e1s de los materiales de alta calidad, tanto en agarre como en durabilidad, radica en que cuenta con un tornillo de 3 cm de altura, lo que permite un mejor ajuste en comparaci\u00f3n con otras marcas del mercado.","og_url":"https:\/\/fullpatin.cl\/tienda\/producto\/frenos-toor-colores\/","og_site_name":"Full Pat\u00edn","article_modified_time":"2026-04-04T15:01:47+00:00","og_image":[{"width":1080,"height":1080,"url":"https:\/\/fullpatin.cl\/tienda\/wp-content\/uploads\/2026\/02\/frentoorbl.png","type":"image\/png"}],"twitter_card":"summary_large_image","twitter_misc":{"Tiempo de lectura":"1 minuto"},"schema":{"@context":"https:\/\/schema.org","@graph":[{"@type":"WebPage","@id":"https:\/\/fullpatin.cl\/tienda\/producto\/frenos-toor-colores\/","url":"https:\/\/fullpatin.cl\/tienda\/producto\/frenos-toor-colores\/","name":"FRENOS TOOR COLORES - Full Pat\u00edn","isPartOf":{"@id":"https:\/\/fullpatin.cl\/tienda\/#website"},"primaryImageOfPage":{"@id":"https:\/\/fullpatin.cl\/tienda\/producto\/frenos-toor-colores\/#primaryimage"},"image":{"@id":"https:\/\/fullpatin.cl\/tienda\/producto\/frenos-toor-colores\/#primaryimage"},"thumbnailUrl":"https:\/\/fullpatin.cl\/tienda\/wp-content\/uploads\/2026\/02\/frentoorbl.png","datePublished":"2026-02-19T21:21:23+00:00","dateModified":"2026-04-04T15:01:47+00:00","breadcrumb":{"@id":"https:\/\/fullpatin.cl\/tienda\/producto\/frenos-toor-colores\/#breadcrumb"},"inLanguage":"es","potentialAction":[{"@type":"ReadAction","target":["https:\/\/fullpatin.cl\/tienda\/producto\/frenos-toor-colores\/"]}]},{"@type":"ImageObject","inLanguage":"es","@id":"https:\/\/fullpatin.cl\/tienda\/producto\/frenos-toor-colores\/#primaryimage","url":"https:\/\/fullpatin.cl\/tienda\/wp-content\/uploads\/2026\/02\/frentoorbl.png","contentUrl":"https:\/\/fullpatin.cl\/tienda\/wp-content\/uploads\/2026\/02\/frentoorbl.png","width":1080,"height":1080},{"@type":"BreadcrumbList","@id":"https:\/\/fullpatin.cl\/tienda\/producto\/frenos-toor-colores\/#breadcrumb","itemListElement":[{"@type":"ListItem","position":1,"name":"Portada","item":"https:\/\/fullpatin.cl\/tienda\/"},{"@type":"ListItem","position":2,"name":"Tienda","item":"https:\/\/fullpatin.cl\/tienda\/tienda\/"},{"@type":"ListItem","position":3,"name":"FRENOS TOOR COLORES"}]},{"@type":"WebSite","@id":"https:\/\/fullpatin.cl\/tienda\/#website","url":"https:\/\/fullpatin.cl\/tienda\/","name":"FULL PAT\u00cdN","description":"Tienda","publisher":{"@id":"https:\/\/fullpatin.cl\/tienda\/#organization"},"potentialAction":[{"@type":"SearchAction","target":{"@type":"EntryPoint","urlTemplate":"https:\/\/fullpatin.cl\/tienda\/?s={search_term_string}"},"query-input":{"@type":"PropertyValueSpecification","valueRequired":true,"valueName":"search_term_string"}}],"inLanguage":"es"},{"@type":"Organization","@id":"https:\/\/fullpatin.cl\/tienda\/#organization","name":"FULL PAT\u00cdN","url":"https:\/\/fullpatin.cl\/tienda\/","logo":{"@type":"ImageObject","inLanguage":"es","@id":"https:\/\/fullpatin.cl\/tienda\/#\/schema\/logo\/image\/","url":"https:\/\/fullpatin.cl\/tienda\/wp-content\/uploads\/2023\/12\/fp.png","contentUrl":"https:\/\/fullpatin.cl\/tienda\/wp-content\/uploads\/2023\/12\/fp.png","width":2185,"height":363,"caption":"FULL PAT\u00cdN"},"image":{"@id":"https:\/\/fullpatin.cl\/tienda\/#\/schema\/logo\/image\/"},"sameAs":["https:\/\/www.instagram.com\/full_patin\/"]}]}},"_links":{"self":[{"href":"https:\/\/fullpatin.cl\/tienda\/wp-json\/wp\/v2\/product\/4628","targetHints":{"allow":["GET"]}}],"collection":[{"href":"https:\/\/fullpatin.cl\/tienda\/wp-json\/wp\/v2\/product"}],"about":[{"href":"https:\/\/fullpatin.cl\/tienda\/wp-json\/wp\/v2\/types\/product"}],"replies":[{"embeddable":true,"href":"https:\/\/fullpatin.cl\/tienda\/wp-json\/wp\/v2\/comments?post=4628"}],"wp:featuredmedia":[{"embeddable":true,"href":"https:\/\/fullpatin.cl\/tienda\/wp-json\/wp\/v2\/media\/4629"}],"wp:attachment":[{"href":"https:\/\/fullpatin.cl\/tienda\/wp-json\/wp\/v2\/media?parent=4628"}],"wp:term":[{"taxonomy":"product_brand","embeddable":true,"href":"https:\/\/fullpatin.cl\/tienda\/wp-json\/wp\/v2\/product_brand?post=4628"},{"taxonomy":"product_cat","embeddable":true,"href":"https:\/\/fullpatin.cl\/tienda\/wp-json\/wp\/v2\/product_cat?post=4628"},{"taxonomy":"product_tag","embeddable":true,"href":"https:\/\/fullpatin.cl\/tienda\/wp-json\/wp\/v2\/product_tag?post=4628"}],"curies":[{"name":"wp","href":"https:\/\/api.w.org\/{rel}","templated":true}]}}