{"id":4436,"date":"2026-01-07T16:52:16","date_gmt":"2026-01-07T19:52:16","guid":{"rendered":"https:\/\/fullpatin.cl\/tienda\/?post_type=product&#038;p=4436"},"modified":"2026-01-07T16:56:29","modified_gmt":"2026-01-07T19:56:29","slug":"frenos-roll-line-artistico-ambra","status":"publish","type":"product","link":"https:\/\/fullpatin.cl\/tienda\/producto\/frenos-roll-line-artistico-ambra\/","title":{"rendered":"FRENOS ROLL-LINE ART\u00cdSTICO AMBRA"},"content":{"rendered":"<p class=\" translation-block\">Los frenos <strong>Ambra<\/strong> est\u00e1n pensados para patinadores en nivel de competici\u00f3n y son los frenos m\u00e1s populares de Roll-Line\u00a9.<\/p>\n<ul>\n<li>Fabricados exclusivamente con goma natural nos ofrecen unas prestaciones de grip y elasticidad \u00f3ptimas.<\/li>\n<li>Formulados para obtener un mayor empuje e conseguir una mayor altura y duraci\u00f3n.<\/li>\n<li>Formulados para obtener un mayor empuje e conseguir una mayor altura y duraci\u00f3n.<\/li>\n<li>Nos permite una frenada segura y homog\u00e9nea, y en la fase de reinicio nos ayuda a optimizar el impulso.<\/li>\n<li>El freno Ambra viene incluido en algunos tipos de planchas.<\/li>\n<li>La forma de los frenos Roll-Line\u00a9 y la inclinaci\u00f3n de los mismos en cada plancha han sido estudiadas para obtener una \u00f3ptima palanca para la ejecuci\u00f3n de saltos y piruetas.<\/li>\n<li>Gracias a su f\u00f3rmula \u00fanica, los frenos Roll-Line\u00a9 no dejan traza alguna sobre el pavimento y aseguran una larga duraci\u00f3n, aunque se utilicen en superficies rugosas.<\/li>\n<\/ul>\n<p>&nbsp;<\/p>\n<p>NOTA: Los frenos Roll-Line\u00a9 tienen el paso de rosca a una distancia concreta, por eso aconsejamos comprobar la compatibilidad con otras marcas antes de colocarlo.<\/p>\n","protected":false},"excerpt":{"rendered":"<p>Los frenos Ambra est\u00e1n pensados para patinadores en nivel de competici\u00f3n y son los frenos m\u00e1s populares de Roll-Line\u00a9. Fabricados exclusivamente con goma natural nos ofrecen unas prestaciones de grip y elasticidad \u00f3ptimas. Formulados para obtener un mayor empuje e conseguir una mayor altura y duraci\u00f3n. Formulados para obtener un mayor empuje e conseguir una&#8230;<\/p>\n","protected":false},"featured_media":4438,"comment_status":"open","ping_status":"closed","template":"","meta":{"_monsterinsights_skip_tracking":false,"_monsterinsights_sitenote_active":false,"_monsterinsights_sitenote_note":"","_monsterinsights_sitenote_category":0},"product_brand":[],"product_cat":[141],"product_tag":[122],"class_list":{"0":"post-4436","1":"product","2":"type-product","3":"status-publish","4":"has-post-thumbnail","6":"product_cat-frenosartistico","7":"product_tag-roll-line","9":"first","10":"instock","11":"taxable","12":"shipping-taxable","13":"purchasable","14":"product-type-simple"},"yoast_head":"<!-- This site is optimized with the Yoast SEO plugin v27.4 - https:\/\/yoast.com\/product\/yoast-seo-wordpress\/ -->\n<title>FRENOS ROLL-LINE ART\u00cdSTICO AMBRA - Full Pat\u00edn<\/title>\n<meta name=\"robots\" content=\"index, follow, max-snippet:-1, max-image-preview:large, max-video-preview:-1\" \/>\n<link rel=\"canonical\" href=\"https:\/\/fullpatin.cl\/tienda\/producto\/frenos-roll-line-artistico-ambra\/\" \/>\n<meta property=\"og:locale\" content=\"es_ES\" \/>\n<meta property=\"og:type\" content=\"article\" \/>\n<meta property=\"og:title\" content=\"FRENOS ROLL-LINE ART\u00cdSTICO AMBRA - Full Pat\u00edn\" \/>\n<meta property=\"og:description\" content=\"Los frenos Ambra est\u00e1n pensados para patinadores en nivel de competici\u00f3n y son los frenos m\u00e1s populares de Roll-Line\u00a9. Fabricados exclusivamente con goma natural nos ofrecen unas prestaciones de grip y elasticidad \u00f3ptimas. Formulados para obtener un mayor empuje e conseguir una mayor altura y duraci\u00f3n. Formulados para obtener un mayor empuje e conseguir una...\" \/>\n<meta property=\"og:url\" content=\"https:\/\/fullpatin.cl\/tienda\/producto\/frenos-roll-line-artistico-ambra\/\" \/>\n<meta property=\"og:site_name\" content=\"Full Pat\u00edn\" \/>\n<meta property=\"article:modified_time\" content=\"2026-01-07T19:56:29+00:00\" \/>\n<meta property=\"og:image\" content=\"https:\/\/fullpatin.cl\/tienda\/wp-content\/uploads\/2026\/01\/art_ambra.png\" \/>\n\t<meta property=\"og:image:width\" content=\"1080\" \/>\n\t<meta property=\"og:image:height\" content=\"1080\" \/>\n\t<meta property=\"og:image:type\" content=\"image\/png\" \/>\n<meta name=\"twitter:card\" content=\"summary_large_image\" \/>\n<meta name=\"twitter:label1\" content=\"Tiempo de lectura\" \/>\n\t<meta name=\"twitter:data1\" content=\"1 minuto\" \/>\n<script type=\"application\/ld+json\" class=\"yoast-schema-graph\">{\"@context\":\"https:\\\/\\\/schema.org\",\"@graph\":[{\"@type\":\"WebPage\",\"@id\":\"https:\\\/\\\/fullpatin.cl\\\/tienda\\\/producto\\\/frenos-roll-line-artistico-ambra\\\/\",\"url\":\"https:\\\/\\\/fullpatin.cl\\\/tienda\\\/producto\\\/frenos-roll-line-artistico-ambra\\\/\",\"name\":\"FRENOS ROLL-LINE ART\u00cdSTICO AMBRA - Full Pat\u00edn\",\"isPartOf\":{\"@id\":\"https:\\\/\\\/fullpatin.cl\\\/tienda\\\/#website\"},\"primaryImageOfPage\":{\"@id\":\"https:\\\/\\\/fullpatin.cl\\\/tienda\\\/producto\\\/frenos-roll-line-artistico-ambra\\\/#primaryimage\"},\"image\":{\"@id\":\"https:\\\/\\\/fullpatin.cl\\\/tienda\\\/producto\\\/frenos-roll-line-artistico-ambra\\\/#primaryimage\"},\"thumbnailUrl\":\"https:\\\/\\\/fullpatin.cl\\\/tienda\\\/wp-content\\\/uploads\\\/2026\\\/01\\\/art_ambra.png\",\"datePublished\":\"2026-01-07T19:52:16+00:00\",\"dateModified\":\"2026-01-07T19:56:29+00:00\",\"breadcrumb\":{\"@id\":\"https:\\\/\\\/fullpatin.cl\\\/tienda\\\/producto\\\/frenos-roll-line-artistico-ambra\\\/#breadcrumb\"},\"inLanguage\":\"es\",\"potentialAction\":[{\"@type\":\"ReadAction\",\"target\":[\"https:\\\/\\\/fullpatin.cl\\\/tienda\\\/producto\\\/frenos-roll-line-artistico-ambra\\\/\"]}]},{\"@type\":\"ImageObject\",\"inLanguage\":\"es\",\"@id\":\"https:\\\/\\\/fullpatin.cl\\\/tienda\\\/producto\\\/frenos-roll-line-artistico-ambra\\\/#primaryimage\",\"url\":\"https:\\\/\\\/fullpatin.cl\\\/tienda\\\/wp-content\\\/uploads\\\/2026\\\/01\\\/art_ambra.png\",\"contentUrl\":\"https:\\\/\\\/fullpatin.cl\\\/tienda\\\/wp-content\\\/uploads\\\/2026\\\/01\\\/art_ambra.png\",\"width\":1080,\"height\":1080},{\"@type\":\"BreadcrumbList\",\"@id\":\"https:\\\/\\\/fullpatin.cl\\\/tienda\\\/producto\\\/frenos-roll-line-artistico-ambra\\\/#breadcrumb\",\"itemListElement\":[{\"@type\":\"ListItem\",\"position\":1,\"name\":\"Portada\",\"item\":\"https:\\\/\\\/fullpatin.cl\\\/tienda\\\/\"},{\"@type\":\"ListItem\",\"position\":2,\"name\":\"Tienda\",\"item\":\"https:\\\/\\\/fullpatin.cl\\\/tienda\\\/tienda\\\/\"},{\"@type\":\"ListItem\",\"position\":3,\"name\":\"FRENOS ROLL-LINE ART\u00cdSTICO AMBRA\"}]},{\"@type\":\"WebSite\",\"@id\":\"https:\\\/\\\/fullpatin.cl\\\/tienda\\\/#website\",\"url\":\"https:\\\/\\\/fullpatin.cl\\\/tienda\\\/\",\"name\":\"FULL PAT\u00cdN\",\"description\":\"Tienda\",\"publisher\":{\"@id\":\"https:\\\/\\\/fullpatin.cl\\\/tienda\\\/#organization\"},\"potentialAction\":[{\"@type\":\"SearchAction\",\"target\":{\"@type\":\"EntryPoint\",\"urlTemplate\":\"https:\\\/\\\/fullpatin.cl\\\/tienda\\\/?s={search_term_string}\"},\"query-input\":{\"@type\":\"PropertyValueSpecification\",\"valueRequired\":true,\"valueName\":\"search_term_string\"}}],\"inLanguage\":\"es\"},{\"@type\":\"Organization\",\"@id\":\"https:\\\/\\\/fullpatin.cl\\\/tienda\\\/#organization\",\"name\":\"FULL PAT\u00cdN\",\"url\":\"https:\\\/\\\/fullpatin.cl\\\/tienda\\\/\",\"logo\":{\"@type\":\"ImageObject\",\"inLanguage\":\"es\",\"@id\":\"https:\\\/\\\/fullpatin.cl\\\/tienda\\\/#\\\/schema\\\/logo\\\/image\\\/\",\"url\":\"https:\\\/\\\/fullpatin.cl\\\/tienda\\\/wp-content\\\/uploads\\\/2023\\\/12\\\/fp.png\",\"contentUrl\":\"https:\\\/\\\/fullpatin.cl\\\/tienda\\\/wp-content\\\/uploads\\\/2023\\\/12\\\/fp.png\",\"width\":2185,\"height\":363,\"caption\":\"FULL PAT\u00cdN\"},\"image\":{\"@id\":\"https:\\\/\\\/fullpatin.cl\\\/tienda\\\/#\\\/schema\\\/logo\\\/image\\\/\"},\"sameAs\":[\"https:\\\/\\\/www.instagram.com\\\/full_patin\\\/\"]}]}<\/script>\n<!-- \/ Yoast SEO plugin. -->","yoast_head_json":{"title":"FRENOS ROLL-LINE ART\u00cdSTICO AMBRA - Full Pat\u00edn","robots":{"index":"index","follow":"follow","max-snippet":"max-snippet:-1","max-image-preview":"max-image-preview:large","max-video-preview":"max-video-preview:-1"},"canonical":"https:\/\/fullpatin.cl\/tienda\/producto\/frenos-roll-line-artistico-ambra\/","og_locale":"es_ES","og_type":"article","og_title":"FRENOS ROLL-LINE ART\u00cdSTICO AMBRA - Full Pat\u00edn","og_description":"Los frenos Ambra est\u00e1n pensados para patinadores en nivel de competici\u00f3n y son los frenos m\u00e1s populares de Roll-Line\u00a9. Fabricados exclusivamente con goma natural nos ofrecen unas prestaciones de grip y elasticidad \u00f3ptimas. Formulados para obtener un mayor empuje e conseguir una mayor altura y duraci\u00f3n. Formulados para obtener un mayor empuje e conseguir una...","og_url":"https:\/\/fullpatin.cl\/tienda\/producto\/frenos-roll-line-artistico-ambra\/","og_site_name":"Full Pat\u00edn","article_modified_time":"2026-01-07T19:56:29+00:00","og_image":[{"width":1080,"height":1080,"url":"https:\/\/fullpatin.cl\/tienda\/wp-content\/uploads\/2026\/01\/art_ambra.png","type":"image\/png"}],"twitter_card":"summary_large_image","twitter_misc":{"Tiempo de lectura":"1 minuto"},"schema":{"@context":"https:\/\/schema.org","@graph":[{"@type":"WebPage","@id":"https:\/\/fullpatin.cl\/tienda\/producto\/frenos-roll-line-artistico-ambra\/","url":"https:\/\/fullpatin.cl\/tienda\/producto\/frenos-roll-line-artistico-ambra\/","name":"FRENOS ROLL-LINE ART\u00cdSTICO AMBRA - Full Pat\u00edn","isPartOf":{"@id":"https:\/\/fullpatin.cl\/tienda\/#website"},"primaryImageOfPage":{"@id":"https:\/\/fullpatin.cl\/tienda\/producto\/frenos-roll-line-artistico-ambra\/#primaryimage"},"image":{"@id":"https:\/\/fullpatin.cl\/tienda\/producto\/frenos-roll-line-artistico-ambra\/#primaryimage"},"thumbnailUrl":"https:\/\/fullpatin.cl\/tienda\/wp-content\/uploads\/2026\/01\/art_ambra.png","datePublished":"2026-01-07T19:52:16+00:00","dateModified":"2026-01-07T19:56:29+00:00","breadcrumb":{"@id":"https:\/\/fullpatin.cl\/tienda\/producto\/frenos-roll-line-artistico-ambra\/#breadcrumb"},"inLanguage":"es","potentialAction":[{"@type":"ReadAction","target":["https:\/\/fullpatin.cl\/tienda\/producto\/frenos-roll-line-artistico-ambra\/"]}]},{"@type":"ImageObject","inLanguage":"es","@id":"https:\/\/fullpatin.cl\/tienda\/producto\/frenos-roll-line-artistico-ambra\/#primaryimage","url":"https:\/\/fullpatin.cl\/tienda\/wp-content\/uploads\/2026\/01\/art_ambra.png","contentUrl":"https:\/\/fullpatin.cl\/tienda\/wp-content\/uploads\/2026\/01\/art_ambra.png","width":1080,"height":1080},{"@type":"BreadcrumbList","@id":"https:\/\/fullpatin.cl\/tienda\/producto\/frenos-roll-line-artistico-ambra\/#breadcrumb","itemListElement":[{"@type":"ListItem","position":1,"name":"Portada","item":"https:\/\/fullpatin.cl\/tienda\/"},{"@type":"ListItem","position":2,"name":"Tienda","item":"https:\/\/fullpatin.cl\/tienda\/tienda\/"},{"@type":"ListItem","position":3,"name":"FRENOS ROLL-LINE ART\u00cdSTICO AMBRA"}]},{"@type":"WebSite","@id":"https:\/\/fullpatin.cl\/tienda\/#website","url":"https:\/\/fullpatin.cl\/tienda\/","name":"FULL PAT\u00cdN","description":"Tienda","publisher":{"@id":"https:\/\/fullpatin.cl\/tienda\/#organization"},"potentialAction":[{"@type":"SearchAction","target":{"@type":"EntryPoint","urlTemplate":"https:\/\/fullpatin.cl\/tienda\/?s={search_term_string}"},"query-input":{"@type":"PropertyValueSpecification","valueRequired":true,"valueName":"search_term_string"}}],"inLanguage":"es"},{"@type":"Organization","@id":"https:\/\/fullpatin.cl\/tienda\/#organization","name":"FULL PAT\u00cdN","url":"https:\/\/fullpatin.cl\/tienda\/","logo":{"@type":"ImageObject","inLanguage":"es","@id":"https:\/\/fullpatin.cl\/tienda\/#\/schema\/logo\/image\/","url":"https:\/\/fullpatin.cl\/tienda\/wp-content\/uploads\/2023\/12\/fp.png","contentUrl":"https:\/\/fullpatin.cl\/tienda\/wp-content\/uploads\/2023\/12\/fp.png","width":2185,"height":363,"caption":"FULL PAT\u00cdN"},"image":{"@id":"https:\/\/fullpatin.cl\/tienda\/#\/schema\/logo\/image\/"},"sameAs":["https:\/\/www.instagram.com\/full_patin\/"]}]}},"_links":{"self":[{"href":"https:\/\/fullpatin.cl\/tienda\/wp-json\/wp\/v2\/product\/4436","targetHints":{"allow":["GET"]}}],"collection":[{"href":"https:\/\/fullpatin.cl\/tienda\/wp-json\/wp\/v2\/product"}],"about":[{"href":"https:\/\/fullpatin.cl\/tienda\/wp-json\/wp\/v2\/types\/product"}],"replies":[{"embeddable":true,"href":"https:\/\/fullpatin.cl\/tienda\/wp-json\/wp\/v2\/comments?post=4436"}],"wp:featuredmedia":[{"embeddable":true,"href":"https:\/\/fullpatin.cl\/tienda\/wp-json\/wp\/v2\/media\/4438"}],"wp:attachment":[{"href":"https:\/\/fullpatin.cl\/tienda\/wp-json\/wp\/v2\/media?parent=4436"}],"wp:term":[{"taxonomy":"product_brand","embeddable":true,"href":"https:\/\/fullpatin.cl\/tienda\/wp-json\/wp\/v2\/product_brand?post=4436"},{"taxonomy":"product_cat","embeddable":true,"href":"https:\/\/fullpatin.cl\/tienda\/wp-json\/wp\/v2\/product_cat?post=4436"},{"taxonomy":"product_tag","embeddable":true,"href":"https:\/\/fullpatin.cl\/tienda\/wp-json\/wp\/v2\/product_tag?post=4436"}],"curies":[{"name":"wp","href":"https:\/\/api.w.org\/{rel}","templated":true}]}}