{"id":2517,"date":"2025-04-18T23:15:50","date_gmt":"2025-04-18T23:15:50","guid":{"rendered":"https:\/\/fullpatin.cl\/tienda\/?post_type=product&#038;p=2517"},"modified":"2026-04-22T13:03:36","modified_gmt":"2026-04-22T16:03:36","slug":"ruedas-roll-line-libre-professional-mustang-97a","status":"publish","type":"product","link":"https:\/\/fullpatin.cl\/tienda\/producto\/ruedas-roll-line-libre-professional-mustang-97a\/","title":{"rendered":"RUEDAS ROLL-LINE LIBRE PROFESSIONAL MUSTANG 97A"},"content":{"rendered":"<p class=\" translation-block\">La rueda <strong>Professional<\/strong> (Fox, Panther, Mustang, Leopard) es la serie tradicional de ruedas Roll-Line\u00a9 que ofrece una sensaci\u00f3n de agarre seguro en cualquier ocasi\u00f3n y sobre cualquier tipo de superficie.<\/p>\n<ul>\n<li>Dadas sus caracter\u00edsticas, esta rueda presenta una llanta r\u00edgida que soporta la banda de rodadura de poliuretano.<\/li>\n<li>El acabado y el rectificado posterior a su fabricaci\u00f3n permite su uso en competici\u00f3n con un tiempo de adaptaci\u00f3n m\u00ednimo.<\/li>\n<li>Se puede utilizar en combinaci\u00f3n con la rueda Devil para un equilibrio perfecto entre agarre y suavidad.<\/li>\n<li>Disponible en cuatro durezas (colores) y un di\u00e1metro: 57 mm.<\/li>\n<li><strong>DISPONIBLES EN SETS DE 4 PIEZAS.<\/strong><\/li>\n<\/ul>\n","protected":false},"excerpt":{"rendered":"<p>La rueda Professional (Fox, Panther, Mustang, Leopard) es la serie tradicional de ruedas Roll-Line\u00a9 que ofrece una sensaci\u00f3n de agarre seguro en cualquier ocasi\u00f3n y sobre cualquier tipo de superficie. Dadas sus caracter\u00edsticas, esta rueda presenta una llanta r\u00edgida que soporta la banda de rodadura de poliuretano. El acabado y el rectificado posterior a su&#8230;<\/p>\n","protected":false},"featured_media":2518,"comment_status":"open","ping_status":"closed","template":"","meta":{"_monsterinsights_skip_tracking":false,"_monsterinsights_sitenote_active":false,"_monsterinsights_sitenote_note":"","_monsterinsights_sitenote_category":0},"product_brand":[],"product_cat":[139],"product_tag":[122],"class_list":{"0":"post-2517","1":"product","2":"type-product","3":"status-publish","4":"has-post-thumbnail","6":"product_cat-libre","7":"product_tag-roll-line","9":"first","10":"instock","11":"taxable","12":"shipping-taxable","13":"purchasable","14":"product-type-simple"},"yoast_head":"<!-- This site is optimized with the Yoast SEO plugin v27.4 - https:\/\/yoast.com\/product\/yoast-seo-wordpress\/ -->\n<title>RUEDAS ROLL-LINE LIBRE PROFESSIONAL MUSTANG 97A - Full Pat\u00edn<\/title>\n<meta name=\"robots\" content=\"index, follow, max-snippet:-1, max-image-preview:large, max-video-preview:-1\" \/>\n<link rel=\"canonical\" href=\"https:\/\/fullpatin.cl\/tienda\/producto\/ruedas-roll-line-libre-professional-mustang-97a\/\" \/>\n<meta property=\"og:locale\" content=\"es_ES\" \/>\n<meta property=\"og:type\" content=\"article\" \/>\n<meta property=\"og:title\" content=\"RUEDAS ROLL-LINE LIBRE PROFESSIONAL MUSTANG 97A - Full Pat\u00edn\" \/>\n<meta property=\"og:description\" content=\"La rueda Professional (Fox, Panther, Mustang, Leopard) es la serie tradicional de ruedas Roll-Line\u00a9 que ofrece una sensaci\u00f3n de agarre seguro en cualquier ocasi\u00f3n y sobre cualquier tipo de superficie. Dadas sus caracter\u00edsticas, esta rueda presenta una llanta r\u00edgida que soporta la banda de rodadura de poliuretano. El acabado y el rectificado posterior a su...\" \/>\n<meta property=\"og:url\" content=\"https:\/\/fullpatin.cl\/tienda\/producto\/ruedas-roll-line-libre-professional-mustang-97a\/\" \/>\n<meta property=\"og:site_name\" content=\"Full Pat\u00edn\" \/>\n<meta property=\"article:modified_time\" content=\"2026-04-22T16:03:36+00:00\" \/>\n<meta property=\"og:image\" content=\"https:\/\/fullpatin.cl\/tienda\/wp-content\/uploads\/2025\/04\/Diseno-sin-titulo-123.png\" \/>\n\t<meta property=\"og:image:width\" content=\"500\" \/>\n\t<meta property=\"og:image:height\" content=\"500\" \/>\n\t<meta property=\"og:image:type\" content=\"image\/png\" \/>\n<meta name=\"twitter:card\" content=\"summary_large_image\" \/>\n<meta name=\"twitter:label1\" content=\"Tiempo de lectura\" \/>\n\t<meta name=\"twitter:data1\" content=\"1 minuto\" \/>\n<script type=\"application\/ld+json\" class=\"yoast-schema-graph\">{\"@context\":\"https:\\\/\\\/schema.org\",\"@graph\":[{\"@type\":\"WebPage\",\"@id\":\"https:\\\/\\\/fullpatin.cl\\\/tienda\\\/producto\\\/ruedas-roll-line-libre-professional-mustang-97a\\\/\",\"url\":\"https:\\\/\\\/fullpatin.cl\\\/tienda\\\/producto\\\/ruedas-roll-line-libre-professional-mustang-97a\\\/\",\"name\":\"RUEDAS ROLL-LINE LIBRE PROFESSIONAL MUSTANG 97A - Full Pat\u00edn\",\"isPartOf\":{\"@id\":\"https:\\\/\\\/fullpatin.cl\\\/tienda\\\/#website\"},\"primaryImageOfPage\":{\"@id\":\"https:\\\/\\\/fullpatin.cl\\\/tienda\\\/producto\\\/ruedas-roll-line-libre-professional-mustang-97a\\\/#primaryimage\"},\"image\":{\"@id\":\"https:\\\/\\\/fullpatin.cl\\\/tienda\\\/producto\\\/ruedas-roll-line-libre-professional-mustang-97a\\\/#primaryimage\"},\"thumbnailUrl\":\"https:\\\/\\\/fullpatin.cl\\\/tienda\\\/wp-content\\\/uploads\\\/2025\\\/04\\\/Diseno-sin-titulo-123.png\",\"datePublished\":\"2025-04-18T23:15:50+00:00\",\"dateModified\":\"2026-04-22T16:03:36+00:00\",\"breadcrumb\":{\"@id\":\"https:\\\/\\\/fullpatin.cl\\\/tienda\\\/producto\\\/ruedas-roll-line-libre-professional-mustang-97a\\\/#breadcrumb\"},\"inLanguage\":\"es\",\"potentialAction\":[{\"@type\":\"ReadAction\",\"target\":[\"https:\\\/\\\/fullpatin.cl\\\/tienda\\\/producto\\\/ruedas-roll-line-libre-professional-mustang-97a\\\/\"]}]},{\"@type\":\"ImageObject\",\"inLanguage\":\"es\",\"@id\":\"https:\\\/\\\/fullpatin.cl\\\/tienda\\\/producto\\\/ruedas-roll-line-libre-professional-mustang-97a\\\/#primaryimage\",\"url\":\"https:\\\/\\\/fullpatin.cl\\\/tienda\\\/wp-content\\\/uploads\\\/2025\\\/04\\\/Diseno-sin-titulo-123.png\",\"contentUrl\":\"https:\\\/\\\/fullpatin.cl\\\/tienda\\\/wp-content\\\/uploads\\\/2025\\\/04\\\/Diseno-sin-titulo-123.png\",\"width\":500,\"height\":500},{\"@type\":\"BreadcrumbList\",\"@id\":\"https:\\\/\\\/fullpatin.cl\\\/tienda\\\/producto\\\/ruedas-roll-line-libre-professional-mustang-97a\\\/#breadcrumb\",\"itemListElement\":[{\"@type\":\"ListItem\",\"position\":1,\"name\":\"Portada\",\"item\":\"https:\\\/\\\/fullpatin.cl\\\/tienda\\\/\"},{\"@type\":\"ListItem\",\"position\":2,\"name\":\"Tienda\",\"item\":\"https:\\\/\\\/fullpatin.cl\\\/tienda\\\/tienda\\\/\"},{\"@type\":\"ListItem\",\"position\":3,\"name\":\"RUEDAS ROLL-LINE LIBRE PROFESSIONAL MUSTANG 97A\"}]},{\"@type\":\"WebSite\",\"@id\":\"https:\\\/\\\/fullpatin.cl\\\/tienda\\\/#website\",\"url\":\"https:\\\/\\\/fullpatin.cl\\\/tienda\\\/\",\"name\":\"FULL PAT\u00cdN\",\"description\":\"Tienda\",\"publisher\":{\"@id\":\"https:\\\/\\\/fullpatin.cl\\\/tienda\\\/#organization\"},\"potentialAction\":[{\"@type\":\"SearchAction\",\"target\":{\"@type\":\"EntryPoint\",\"urlTemplate\":\"https:\\\/\\\/fullpatin.cl\\\/tienda\\\/?s={search_term_string}\"},\"query-input\":{\"@type\":\"PropertyValueSpecification\",\"valueRequired\":true,\"valueName\":\"search_term_string\"}}],\"inLanguage\":\"es\"},{\"@type\":\"Organization\",\"@id\":\"https:\\\/\\\/fullpatin.cl\\\/tienda\\\/#organization\",\"name\":\"FULL PAT\u00cdN\",\"url\":\"https:\\\/\\\/fullpatin.cl\\\/tienda\\\/\",\"logo\":{\"@type\":\"ImageObject\",\"inLanguage\":\"es\",\"@id\":\"https:\\\/\\\/fullpatin.cl\\\/tienda\\\/#\\\/schema\\\/logo\\\/image\\\/\",\"url\":\"https:\\\/\\\/fullpatin.cl\\\/tienda\\\/wp-content\\\/uploads\\\/2023\\\/12\\\/fp.png\",\"contentUrl\":\"https:\\\/\\\/fullpatin.cl\\\/tienda\\\/wp-content\\\/uploads\\\/2023\\\/12\\\/fp.png\",\"width\":2185,\"height\":363,\"caption\":\"FULL PAT\u00cdN\"},\"image\":{\"@id\":\"https:\\\/\\\/fullpatin.cl\\\/tienda\\\/#\\\/schema\\\/logo\\\/image\\\/\"},\"sameAs\":[\"https:\\\/\\\/www.instagram.com\\\/full_patin\\\/\"]}]}<\/script>\n<!-- \/ Yoast SEO plugin. -->","yoast_head_json":{"title":"RUEDAS ROLL-LINE LIBRE PROFESSIONAL MUSTANG 97A - Full Pat\u00edn","robots":{"index":"index","follow":"follow","max-snippet":"max-snippet:-1","max-image-preview":"max-image-preview:large","max-video-preview":"max-video-preview:-1"},"canonical":"https:\/\/fullpatin.cl\/tienda\/producto\/ruedas-roll-line-libre-professional-mustang-97a\/","og_locale":"es_ES","og_type":"article","og_title":"RUEDAS ROLL-LINE LIBRE PROFESSIONAL MUSTANG 97A - Full Pat\u00edn","og_description":"La rueda Professional (Fox, Panther, Mustang, Leopard) es la serie tradicional de ruedas Roll-Line\u00a9 que ofrece una sensaci\u00f3n de agarre seguro en cualquier ocasi\u00f3n y sobre cualquier tipo de superficie. Dadas sus caracter\u00edsticas, esta rueda presenta una llanta r\u00edgida que soporta la banda de rodadura de poliuretano. El acabado y el rectificado posterior a su...","og_url":"https:\/\/fullpatin.cl\/tienda\/producto\/ruedas-roll-line-libre-professional-mustang-97a\/","og_site_name":"Full Pat\u00edn","article_modified_time":"2026-04-22T16:03:36+00:00","og_image":[{"width":500,"height":500,"url":"https:\/\/fullpatin.cl\/tienda\/wp-content\/uploads\/2025\/04\/Diseno-sin-titulo-123.png","type":"image\/png"}],"twitter_card":"summary_large_image","twitter_misc":{"Tiempo de lectura":"1 minuto"},"schema":{"@context":"https:\/\/schema.org","@graph":[{"@type":"WebPage","@id":"https:\/\/fullpatin.cl\/tienda\/producto\/ruedas-roll-line-libre-professional-mustang-97a\/","url":"https:\/\/fullpatin.cl\/tienda\/producto\/ruedas-roll-line-libre-professional-mustang-97a\/","name":"RUEDAS ROLL-LINE LIBRE PROFESSIONAL MUSTANG 97A - Full Pat\u00edn","isPartOf":{"@id":"https:\/\/fullpatin.cl\/tienda\/#website"},"primaryImageOfPage":{"@id":"https:\/\/fullpatin.cl\/tienda\/producto\/ruedas-roll-line-libre-professional-mustang-97a\/#primaryimage"},"image":{"@id":"https:\/\/fullpatin.cl\/tienda\/producto\/ruedas-roll-line-libre-professional-mustang-97a\/#primaryimage"},"thumbnailUrl":"https:\/\/fullpatin.cl\/tienda\/wp-content\/uploads\/2025\/04\/Diseno-sin-titulo-123.png","datePublished":"2025-04-18T23:15:50+00:00","dateModified":"2026-04-22T16:03:36+00:00","breadcrumb":{"@id":"https:\/\/fullpatin.cl\/tienda\/producto\/ruedas-roll-line-libre-professional-mustang-97a\/#breadcrumb"},"inLanguage":"es","potentialAction":[{"@type":"ReadAction","target":["https:\/\/fullpatin.cl\/tienda\/producto\/ruedas-roll-line-libre-professional-mustang-97a\/"]}]},{"@type":"ImageObject","inLanguage":"es","@id":"https:\/\/fullpatin.cl\/tienda\/producto\/ruedas-roll-line-libre-professional-mustang-97a\/#primaryimage","url":"https:\/\/fullpatin.cl\/tienda\/wp-content\/uploads\/2025\/04\/Diseno-sin-titulo-123.png","contentUrl":"https:\/\/fullpatin.cl\/tienda\/wp-content\/uploads\/2025\/04\/Diseno-sin-titulo-123.png","width":500,"height":500},{"@type":"BreadcrumbList","@id":"https:\/\/fullpatin.cl\/tienda\/producto\/ruedas-roll-line-libre-professional-mustang-97a\/#breadcrumb","itemListElement":[{"@type":"ListItem","position":1,"name":"Portada","item":"https:\/\/fullpatin.cl\/tienda\/"},{"@type":"ListItem","position":2,"name":"Tienda","item":"https:\/\/fullpatin.cl\/tienda\/tienda\/"},{"@type":"ListItem","position":3,"name":"RUEDAS ROLL-LINE LIBRE PROFESSIONAL MUSTANG 97A"}]},{"@type":"WebSite","@id":"https:\/\/fullpatin.cl\/tienda\/#website","url":"https:\/\/fullpatin.cl\/tienda\/","name":"FULL PAT\u00cdN","description":"Tienda","publisher":{"@id":"https:\/\/fullpatin.cl\/tienda\/#organization"},"potentialAction":[{"@type":"SearchAction","target":{"@type":"EntryPoint","urlTemplate":"https:\/\/fullpatin.cl\/tienda\/?s={search_term_string}"},"query-input":{"@type":"PropertyValueSpecification","valueRequired":true,"valueName":"search_term_string"}}],"inLanguage":"es"},{"@type":"Organization","@id":"https:\/\/fullpatin.cl\/tienda\/#organization","name":"FULL PAT\u00cdN","url":"https:\/\/fullpatin.cl\/tienda\/","logo":{"@type":"ImageObject","inLanguage":"es","@id":"https:\/\/fullpatin.cl\/tienda\/#\/schema\/logo\/image\/","url":"https:\/\/fullpatin.cl\/tienda\/wp-content\/uploads\/2023\/12\/fp.png","contentUrl":"https:\/\/fullpatin.cl\/tienda\/wp-content\/uploads\/2023\/12\/fp.png","width":2185,"height":363,"caption":"FULL PAT\u00cdN"},"image":{"@id":"https:\/\/fullpatin.cl\/tienda\/#\/schema\/logo\/image\/"},"sameAs":["https:\/\/www.instagram.com\/full_patin\/"]}]}},"_links":{"self":[{"href":"https:\/\/fullpatin.cl\/tienda\/wp-json\/wp\/v2\/product\/2517","targetHints":{"allow":["GET"]}}],"collection":[{"href":"https:\/\/fullpatin.cl\/tienda\/wp-json\/wp\/v2\/product"}],"about":[{"href":"https:\/\/fullpatin.cl\/tienda\/wp-json\/wp\/v2\/types\/product"}],"replies":[{"embeddable":true,"href":"https:\/\/fullpatin.cl\/tienda\/wp-json\/wp\/v2\/comments?post=2517"}],"wp:featuredmedia":[{"embeddable":true,"href":"https:\/\/fullpatin.cl\/tienda\/wp-json\/wp\/v2\/media\/2518"}],"wp:attachment":[{"href":"https:\/\/fullpatin.cl\/tienda\/wp-json\/wp\/v2\/media?parent=2517"}],"wp:term":[{"taxonomy":"product_brand","embeddable":true,"href":"https:\/\/fullpatin.cl\/tienda\/wp-json\/wp\/v2\/product_brand?post=2517"},{"taxonomy":"product_cat","embeddable":true,"href":"https:\/\/fullpatin.cl\/tienda\/wp-json\/wp\/v2\/product_cat?post=2517"},{"taxonomy":"product_tag","embeddable":true,"href":"https:\/\/fullpatin.cl\/tienda\/wp-json\/wp\/v2\/product_tag?post=2517"}],"curies":[{"name":"wp","href":"https:\/\/api.w.org\/{rel}","templated":true}]}}