{"id":2498,"date":"2025-04-18T22:43:00","date_gmt":"2025-04-18T22:43:00","guid":{"rendered":"https:\/\/fullpatin.cl\/tienda\/?post_type=product&#038;p=2498"},"modified":"2026-04-23T12:20:02","modified_gmt":"2026-04-23T15:20:02","slug":"ruedas-roll-line-libre-giotto-49d","status":"publish","type":"product","link":"https:\/\/fullpatin.cl\/tienda\/producto\/ruedas-roll-line-libre-giotto-49d\/","title":{"rendered":"RUEDAS ROLL-LINE LIBRE GIOTTO 49D"},"content":{"rendered":"<p class=\" translation-block\">Las ruedas <strong>Giotto<\/strong> est\u00e1n dise\u00f1adas para su uso en competiciones y son las ruedas Roll-Line\u00a9 m\u00e1s populares.<\/p>\n<ul>\n<li>Ruedas monocasco fabricadas a partir de una mezcla de materiales polim\u00e9ricos termopl\u00e1sticos.<\/li>\n<li>Son ruedas con mucho equilibrio entre agarre y suavidad gracias a su perfil estrecho.<\/li>\n<li>El acabado y el rectificado posterior a su fabricaci\u00f3n permite su uso en competici\u00f3n con un tiempo de adaptaci\u00f3n m\u00ednimo.<\/li>\n<li>La cubierta cromada le da brillo y elegancia.<\/li>\n<li>Disponible en cinco durezas (colores) y 57 mm.<\/li>\n<li><strong>DISPONIBLES EN SETS DE 4 PIEZAS.<\/strong><\/li>\n<\/ul>\n","protected":false},"excerpt":{"rendered":"<p>Las ruedas Giotto est\u00e1n dise\u00f1adas para su uso en competiciones y son las ruedas Roll-Line\u00a9 m\u00e1s populares. Ruedas monocasco fabricadas a partir de una mezcla de materiales polim\u00e9ricos termopl\u00e1sticos. Son ruedas con mucho equilibrio entre agarre y suavidad gracias a su perfil estrecho. El acabado y el rectificado posterior a su fabricaci\u00f3n permite su uso&#8230;<\/p>\n","protected":false},"featured_media":2499,"comment_status":"open","ping_status":"closed","template":"","meta":{"_monsterinsights_skip_tracking":false,"_monsterinsights_sitenote_active":false,"_monsterinsights_sitenote_note":"","_monsterinsights_sitenote_category":0},"product_brand":[],"product_cat":[139],"product_tag":[122],"class_list":{"0":"post-2498","1":"product","2":"type-product","3":"status-publish","4":"has-post-thumbnail","6":"product_cat-libre","7":"product_tag-roll-line","9":"first","10":"instock","11":"taxable","12":"shipping-taxable","13":"purchasable","14":"product-type-simple"},"yoast_head":"<!-- This site is optimized with the Yoast SEO plugin v27.4 - https:\/\/yoast.com\/product\/yoast-seo-wordpress\/ -->\n<title>RUEDAS ROLL-LINE LIBRE GIOTTO 49D - Full Pat\u00edn<\/title>\n<meta name=\"robots\" content=\"index, follow, max-snippet:-1, max-image-preview:large, max-video-preview:-1\" \/>\n<link rel=\"canonical\" href=\"https:\/\/fullpatin.cl\/tienda\/producto\/ruedas-roll-line-libre-giotto-49d\/\" \/>\n<meta property=\"og:locale\" content=\"es_ES\" \/>\n<meta property=\"og:type\" content=\"article\" \/>\n<meta property=\"og:title\" content=\"RUEDAS ROLL-LINE LIBRE GIOTTO 49D - Full Pat\u00edn\" \/>\n<meta property=\"og:description\" content=\"Las ruedas Giotto est\u00e1n dise\u00f1adas para su uso en competiciones y son las ruedas Roll-Line\u00a9 m\u00e1s populares. Ruedas monocasco fabricadas a partir de una mezcla de materiales polim\u00e9ricos termopl\u00e1sticos. Son ruedas con mucho equilibrio entre agarre y suavidad gracias a su perfil estrecho. El acabado y el rectificado posterior a su fabricaci\u00f3n permite su uso...\" \/>\n<meta property=\"og:url\" content=\"https:\/\/fullpatin.cl\/tienda\/producto\/ruedas-roll-line-libre-giotto-49d\/\" \/>\n<meta property=\"og:site_name\" content=\"Full Pat\u00edn\" \/>\n<meta property=\"article:modified_time\" content=\"2026-04-23T15:20:02+00:00\" \/>\n<meta property=\"og:image\" content=\"https:\/\/fullpatin.cl\/tienda\/wp-content\/uploads\/2025\/04\/Diseno-sin-titulo-116.png\" \/>\n\t<meta property=\"og:image:width\" content=\"500\" \/>\n\t<meta property=\"og:image:height\" content=\"500\" \/>\n\t<meta property=\"og:image:type\" content=\"image\/png\" \/>\n<meta name=\"twitter:card\" content=\"summary_large_image\" \/>\n<meta name=\"twitter:label1\" content=\"Tiempo de lectura\" \/>\n\t<meta name=\"twitter:data1\" content=\"1 minuto\" \/>\n<script type=\"application\/ld+json\" class=\"yoast-schema-graph\">{\"@context\":\"https:\\\/\\\/schema.org\",\"@graph\":[{\"@type\":\"WebPage\",\"@id\":\"https:\\\/\\\/fullpatin.cl\\\/tienda\\\/producto\\\/ruedas-roll-line-libre-giotto-49d\\\/\",\"url\":\"https:\\\/\\\/fullpatin.cl\\\/tienda\\\/producto\\\/ruedas-roll-line-libre-giotto-49d\\\/\",\"name\":\"RUEDAS ROLL-LINE LIBRE GIOTTO 49D - Full Pat\u00edn\",\"isPartOf\":{\"@id\":\"https:\\\/\\\/fullpatin.cl\\\/tienda\\\/#website\"},\"primaryImageOfPage\":{\"@id\":\"https:\\\/\\\/fullpatin.cl\\\/tienda\\\/producto\\\/ruedas-roll-line-libre-giotto-49d\\\/#primaryimage\"},\"image\":{\"@id\":\"https:\\\/\\\/fullpatin.cl\\\/tienda\\\/producto\\\/ruedas-roll-line-libre-giotto-49d\\\/#primaryimage\"},\"thumbnailUrl\":\"https:\\\/\\\/fullpatin.cl\\\/tienda\\\/wp-content\\\/uploads\\\/2025\\\/04\\\/Diseno-sin-titulo-116.png\",\"datePublished\":\"2025-04-18T22:43:00+00:00\",\"dateModified\":\"2026-04-23T15:20:02+00:00\",\"breadcrumb\":{\"@id\":\"https:\\\/\\\/fullpatin.cl\\\/tienda\\\/producto\\\/ruedas-roll-line-libre-giotto-49d\\\/#breadcrumb\"},\"inLanguage\":\"es\",\"potentialAction\":[{\"@type\":\"ReadAction\",\"target\":[\"https:\\\/\\\/fullpatin.cl\\\/tienda\\\/producto\\\/ruedas-roll-line-libre-giotto-49d\\\/\"]}]},{\"@type\":\"ImageObject\",\"inLanguage\":\"es\",\"@id\":\"https:\\\/\\\/fullpatin.cl\\\/tienda\\\/producto\\\/ruedas-roll-line-libre-giotto-49d\\\/#primaryimage\",\"url\":\"https:\\\/\\\/fullpatin.cl\\\/tienda\\\/wp-content\\\/uploads\\\/2025\\\/04\\\/Diseno-sin-titulo-116.png\",\"contentUrl\":\"https:\\\/\\\/fullpatin.cl\\\/tienda\\\/wp-content\\\/uploads\\\/2025\\\/04\\\/Diseno-sin-titulo-116.png\",\"width\":500,\"height\":500},{\"@type\":\"BreadcrumbList\",\"@id\":\"https:\\\/\\\/fullpatin.cl\\\/tienda\\\/producto\\\/ruedas-roll-line-libre-giotto-49d\\\/#breadcrumb\",\"itemListElement\":[{\"@type\":\"ListItem\",\"position\":1,\"name\":\"Portada\",\"item\":\"https:\\\/\\\/fullpatin.cl\\\/tienda\\\/\"},{\"@type\":\"ListItem\",\"position\":2,\"name\":\"Tienda\",\"item\":\"https:\\\/\\\/fullpatin.cl\\\/tienda\\\/tienda\\\/\"},{\"@type\":\"ListItem\",\"position\":3,\"name\":\"RUEDAS ROLL-LINE LIBRE GIOTTO 49D\"}]},{\"@type\":\"WebSite\",\"@id\":\"https:\\\/\\\/fullpatin.cl\\\/tienda\\\/#website\",\"url\":\"https:\\\/\\\/fullpatin.cl\\\/tienda\\\/\",\"name\":\"FULL PAT\u00cdN\",\"description\":\"Tienda\",\"publisher\":{\"@id\":\"https:\\\/\\\/fullpatin.cl\\\/tienda\\\/#organization\"},\"potentialAction\":[{\"@type\":\"SearchAction\",\"target\":{\"@type\":\"EntryPoint\",\"urlTemplate\":\"https:\\\/\\\/fullpatin.cl\\\/tienda\\\/?s={search_term_string}\"},\"query-input\":{\"@type\":\"PropertyValueSpecification\",\"valueRequired\":true,\"valueName\":\"search_term_string\"}}],\"inLanguage\":\"es\"},{\"@type\":\"Organization\",\"@id\":\"https:\\\/\\\/fullpatin.cl\\\/tienda\\\/#organization\",\"name\":\"FULL PAT\u00cdN\",\"url\":\"https:\\\/\\\/fullpatin.cl\\\/tienda\\\/\",\"logo\":{\"@type\":\"ImageObject\",\"inLanguage\":\"es\",\"@id\":\"https:\\\/\\\/fullpatin.cl\\\/tienda\\\/#\\\/schema\\\/logo\\\/image\\\/\",\"url\":\"https:\\\/\\\/fullpatin.cl\\\/tienda\\\/wp-content\\\/uploads\\\/2023\\\/12\\\/fp.png\",\"contentUrl\":\"https:\\\/\\\/fullpatin.cl\\\/tienda\\\/wp-content\\\/uploads\\\/2023\\\/12\\\/fp.png\",\"width\":2185,\"height\":363,\"caption\":\"FULL PAT\u00cdN\"},\"image\":{\"@id\":\"https:\\\/\\\/fullpatin.cl\\\/tienda\\\/#\\\/schema\\\/logo\\\/image\\\/\"},\"sameAs\":[\"https:\\\/\\\/www.instagram.com\\\/full_patin\\\/\"]}]}<\/script>\n<!-- \/ Yoast SEO plugin. -->","yoast_head_json":{"title":"RUEDAS ROLL-LINE LIBRE GIOTTO 49D - Full Pat\u00edn","robots":{"index":"index","follow":"follow","max-snippet":"max-snippet:-1","max-image-preview":"max-image-preview:large","max-video-preview":"max-video-preview:-1"},"canonical":"https:\/\/fullpatin.cl\/tienda\/producto\/ruedas-roll-line-libre-giotto-49d\/","og_locale":"es_ES","og_type":"article","og_title":"RUEDAS ROLL-LINE LIBRE GIOTTO 49D - Full Pat\u00edn","og_description":"Las ruedas Giotto est\u00e1n dise\u00f1adas para su uso en competiciones y son las ruedas Roll-Line\u00a9 m\u00e1s populares. Ruedas monocasco fabricadas a partir de una mezcla de materiales polim\u00e9ricos termopl\u00e1sticos. Son ruedas con mucho equilibrio entre agarre y suavidad gracias a su perfil estrecho. El acabado y el rectificado posterior a su fabricaci\u00f3n permite su uso...","og_url":"https:\/\/fullpatin.cl\/tienda\/producto\/ruedas-roll-line-libre-giotto-49d\/","og_site_name":"Full Pat\u00edn","article_modified_time":"2026-04-23T15:20:02+00:00","og_image":[{"width":500,"height":500,"url":"https:\/\/fullpatin.cl\/tienda\/wp-content\/uploads\/2025\/04\/Diseno-sin-titulo-116.png","type":"image\/png"}],"twitter_card":"summary_large_image","twitter_misc":{"Tiempo de lectura":"1 minuto"},"schema":{"@context":"https:\/\/schema.org","@graph":[{"@type":"WebPage","@id":"https:\/\/fullpatin.cl\/tienda\/producto\/ruedas-roll-line-libre-giotto-49d\/","url":"https:\/\/fullpatin.cl\/tienda\/producto\/ruedas-roll-line-libre-giotto-49d\/","name":"RUEDAS ROLL-LINE LIBRE GIOTTO 49D - Full Pat\u00edn","isPartOf":{"@id":"https:\/\/fullpatin.cl\/tienda\/#website"},"primaryImageOfPage":{"@id":"https:\/\/fullpatin.cl\/tienda\/producto\/ruedas-roll-line-libre-giotto-49d\/#primaryimage"},"image":{"@id":"https:\/\/fullpatin.cl\/tienda\/producto\/ruedas-roll-line-libre-giotto-49d\/#primaryimage"},"thumbnailUrl":"https:\/\/fullpatin.cl\/tienda\/wp-content\/uploads\/2025\/04\/Diseno-sin-titulo-116.png","datePublished":"2025-04-18T22:43:00+00:00","dateModified":"2026-04-23T15:20:02+00:00","breadcrumb":{"@id":"https:\/\/fullpatin.cl\/tienda\/producto\/ruedas-roll-line-libre-giotto-49d\/#breadcrumb"},"inLanguage":"es","potentialAction":[{"@type":"ReadAction","target":["https:\/\/fullpatin.cl\/tienda\/producto\/ruedas-roll-line-libre-giotto-49d\/"]}]},{"@type":"ImageObject","inLanguage":"es","@id":"https:\/\/fullpatin.cl\/tienda\/producto\/ruedas-roll-line-libre-giotto-49d\/#primaryimage","url":"https:\/\/fullpatin.cl\/tienda\/wp-content\/uploads\/2025\/04\/Diseno-sin-titulo-116.png","contentUrl":"https:\/\/fullpatin.cl\/tienda\/wp-content\/uploads\/2025\/04\/Diseno-sin-titulo-116.png","width":500,"height":500},{"@type":"BreadcrumbList","@id":"https:\/\/fullpatin.cl\/tienda\/producto\/ruedas-roll-line-libre-giotto-49d\/#breadcrumb","itemListElement":[{"@type":"ListItem","position":1,"name":"Portada","item":"https:\/\/fullpatin.cl\/tienda\/"},{"@type":"ListItem","position":2,"name":"Tienda","item":"https:\/\/fullpatin.cl\/tienda\/tienda\/"},{"@type":"ListItem","position":3,"name":"RUEDAS ROLL-LINE LIBRE GIOTTO 49D"}]},{"@type":"WebSite","@id":"https:\/\/fullpatin.cl\/tienda\/#website","url":"https:\/\/fullpatin.cl\/tienda\/","name":"FULL PAT\u00cdN","description":"Tienda","publisher":{"@id":"https:\/\/fullpatin.cl\/tienda\/#organization"},"potentialAction":[{"@type":"SearchAction","target":{"@type":"EntryPoint","urlTemplate":"https:\/\/fullpatin.cl\/tienda\/?s={search_term_string}"},"query-input":{"@type":"PropertyValueSpecification","valueRequired":true,"valueName":"search_term_string"}}],"inLanguage":"es"},{"@type":"Organization","@id":"https:\/\/fullpatin.cl\/tienda\/#organization","name":"FULL PAT\u00cdN","url":"https:\/\/fullpatin.cl\/tienda\/","logo":{"@type":"ImageObject","inLanguage":"es","@id":"https:\/\/fullpatin.cl\/tienda\/#\/schema\/logo\/image\/","url":"https:\/\/fullpatin.cl\/tienda\/wp-content\/uploads\/2023\/12\/fp.png","contentUrl":"https:\/\/fullpatin.cl\/tienda\/wp-content\/uploads\/2023\/12\/fp.png","width":2185,"height":363,"caption":"FULL PAT\u00cdN"},"image":{"@id":"https:\/\/fullpatin.cl\/tienda\/#\/schema\/logo\/image\/"},"sameAs":["https:\/\/www.instagram.com\/full_patin\/"]}]}},"_links":{"self":[{"href":"https:\/\/fullpatin.cl\/tienda\/wp-json\/wp\/v2\/product\/2498","targetHints":{"allow":["GET"]}}],"collection":[{"href":"https:\/\/fullpatin.cl\/tienda\/wp-json\/wp\/v2\/product"}],"about":[{"href":"https:\/\/fullpatin.cl\/tienda\/wp-json\/wp\/v2\/types\/product"}],"replies":[{"embeddable":true,"href":"https:\/\/fullpatin.cl\/tienda\/wp-json\/wp\/v2\/comments?post=2498"}],"wp:featuredmedia":[{"embeddable":true,"href":"https:\/\/fullpatin.cl\/tienda\/wp-json\/wp\/v2\/media\/2499"}],"wp:attachment":[{"href":"https:\/\/fullpatin.cl\/tienda\/wp-json\/wp\/v2\/media?parent=2498"}],"wp:term":[{"taxonomy":"product_brand","embeddable":true,"href":"https:\/\/fullpatin.cl\/tienda\/wp-json\/wp\/v2\/product_brand?post=2498"},{"taxonomy":"product_cat","embeddable":true,"href":"https:\/\/fullpatin.cl\/tienda\/wp-json\/wp\/v2\/product_cat?post=2498"},{"taxonomy":"product_tag","embeddable":true,"href":"https:\/\/fullpatin.cl\/tienda\/wp-json\/wp\/v2\/product_tag?post=2498"}],"curies":[{"name":"wp","href":"https:\/\/api.w.org\/{rel}","templated":true}]}}