{"id":2489,"date":"2025-04-18T21:34:13","date_gmt":"2025-04-18T21:34:13","guid":{"rendered":"https:\/\/fullpatin.cl\/tienda\/?post_type=product&#038;p=2489"},"modified":"2026-04-22T13:42:46","modified_gmt":"2026-04-22T16:42:46","slug":"ruedas-roll-line-libre-devil-47d","status":"publish","type":"product","link":"https:\/\/fullpatin.cl\/tienda\/producto\/ruedas-roll-line-libre-devil-47d\/","title":{"rendered":"RUEDAS ROLL-LINE LIBRE DEVIL 47D"},"content":{"rendered":"<p class=\" translation-block\">La rueda <strong>Devil<\/strong> est\u00e1 dise\u00f1ada para un alto rendimiento y para adaptarse a muchos tipos de superficies, aportando al patinador un agarre \u00f3ptimo sin perder velocidad.<\/p>\n<ul>\n<li>Dadas sus caracter\u00edsticas, esta rueda est\u00e1 equipada con una llanta rigida que le permite ser extremadamente suave y asegurar un buen agarre sin el achatamiento t\u00edpico de las ruedas tradicionales muy blandas o las a las ralentizaciones de las ruedas de poliuretano.<\/li>\n<li>La banda de rodadura est\u00e1 hecha de una mezcla de materiales polim\u00e9ricos termopl\u00e1sticos.<\/li>\n<li>El acabado torneado y el posterior esmerilado permiten su uso sin necesidad de un tiempo de adaptaci\u00f3n.<\/li>\n<li>Se pueden usar en combinaci\u00f3n con la rueda Professional para un equilibrio perfecto de todas las sensaciones que el patinador de alto nivel busca en su material.<\/li>\n<li>Disponible en siete durezas (colores) y un di\u00e1metro: 57 mm.<\/li>\n<li><strong>DISPONIBLE EN SETS DE 4 PIEZAS<\/strong><\/li>\n<\/ul>\n","protected":false},"excerpt":{"rendered":"<p>La rueda Devil est\u00e1 dise\u00f1ada para un alto rendimiento y para adaptarse a muchos tipos de superficies, aportando al patinador un agarre \u00f3ptimo sin perder velocidad. Dadas sus caracter\u00edsticas, esta rueda est\u00e1 equipada con una llanta rigida que le permite ser extremadamente suave y asegurar un buen agarre sin el achatamiento t\u00edpico de las ruedas&#8230;<\/p>\n","protected":false},"featured_media":2491,"comment_status":"open","ping_status":"closed","template":"","meta":{"_monsterinsights_skip_tracking":false,"_monsterinsights_sitenote_active":false,"_monsterinsights_sitenote_note":"","_monsterinsights_sitenote_category":0},"product_brand":[],"product_cat":[139],"product_tag":[122],"class_list":{"0":"post-2489","1":"product","2":"type-product","3":"status-publish","4":"has-post-thumbnail","6":"product_cat-libre","7":"product_tag-roll-line","9":"first","10":"instock","11":"taxable","12":"shipping-taxable","13":"purchasable","14":"product-type-simple"},"yoast_head":"<!-- This site is optimized with the Yoast SEO plugin v27.4 - https:\/\/yoast.com\/product\/yoast-seo-wordpress\/ -->\n<title>RUEDAS ROLL-LINE LIBRE DEVIL 47D - Full Pat\u00edn<\/title>\n<meta name=\"robots\" content=\"index, follow, max-snippet:-1, max-image-preview:large, max-video-preview:-1\" \/>\n<link rel=\"canonical\" href=\"https:\/\/fullpatin.cl\/tienda\/producto\/ruedas-roll-line-libre-devil-47d\/\" \/>\n<meta property=\"og:locale\" content=\"es_ES\" \/>\n<meta property=\"og:type\" content=\"article\" \/>\n<meta property=\"og:title\" content=\"RUEDAS ROLL-LINE LIBRE DEVIL 47D - Full Pat\u00edn\" \/>\n<meta property=\"og:description\" content=\"La rueda Devil est\u00e1 dise\u00f1ada para un alto rendimiento y para adaptarse a muchos tipos de superficies, aportando al patinador un agarre \u00f3ptimo sin perder velocidad. Dadas sus caracter\u00edsticas, esta rueda est\u00e1 equipada con una llanta rigida que le permite ser extremadamente suave y asegurar un buen agarre sin el achatamiento t\u00edpico de las ruedas...\" \/>\n<meta property=\"og:url\" content=\"https:\/\/fullpatin.cl\/tienda\/producto\/ruedas-roll-line-libre-devil-47d\/\" \/>\n<meta property=\"og:site_name\" content=\"Full Pat\u00edn\" \/>\n<meta property=\"article:modified_time\" content=\"2026-04-22T16:42:46+00:00\" \/>\n<meta property=\"og:image\" content=\"https:\/\/fullpatin.cl\/tienda\/wp-content\/uploads\/2025\/04\/Diseno-sin-titulo-112-1.png\" \/>\n\t<meta property=\"og:image:width\" content=\"500\" \/>\n\t<meta property=\"og:image:height\" content=\"500\" \/>\n\t<meta property=\"og:image:type\" content=\"image\/png\" \/>\n<meta name=\"twitter:card\" content=\"summary_large_image\" \/>\n<meta name=\"twitter:label1\" content=\"Tiempo de lectura\" \/>\n\t<meta name=\"twitter:data1\" content=\"1 minuto\" \/>\n<script type=\"application\/ld+json\" class=\"yoast-schema-graph\">{\"@context\":\"https:\\\/\\\/schema.org\",\"@graph\":[{\"@type\":\"WebPage\",\"@id\":\"https:\\\/\\\/fullpatin.cl\\\/tienda\\\/producto\\\/ruedas-roll-line-libre-devil-47d\\\/\",\"url\":\"https:\\\/\\\/fullpatin.cl\\\/tienda\\\/producto\\\/ruedas-roll-line-libre-devil-47d\\\/\",\"name\":\"RUEDAS ROLL-LINE LIBRE DEVIL 47D - Full Pat\u00edn\",\"isPartOf\":{\"@id\":\"https:\\\/\\\/fullpatin.cl\\\/tienda\\\/#website\"},\"primaryImageOfPage\":{\"@id\":\"https:\\\/\\\/fullpatin.cl\\\/tienda\\\/producto\\\/ruedas-roll-line-libre-devil-47d\\\/#primaryimage\"},\"image\":{\"@id\":\"https:\\\/\\\/fullpatin.cl\\\/tienda\\\/producto\\\/ruedas-roll-line-libre-devil-47d\\\/#primaryimage\"},\"thumbnailUrl\":\"https:\\\/\\\/fullpatin.cl\\\/tienda\\\/wp-content\\\/uploads\\\/2025\\\/04\\\/Diseno-sin-titulo-112-1.png\",\"datePublished\":\"2025-04-18T21:34:13+00:00\",\"dateModified\":\"2026-04-22T16:42:46+00:00\",\"breadcrumb\":{\"@id\":\"https:\\\/\\\/fullpatin.cl\\\/tienda\\\/producto\\\/ruedas-roll-line-libre-devil-47d\\\/#breadcrumb\"},\"inLanguage\":\"es\",\"potentialAction\":[{\"@type\":\"ReadAction\",\"target\":[\"https:\\\/\\\/fullpatin.cl\\\/tienda\\\/producto\\\/ruedas-roll-line-libre-devil-47d\\\/\"]}]},{\"@type\":\"ImageObject\",\"inLanguage\":\"es\",\"@id\":\"https:\\\/\\\/fullpatin.cl\\\/tienda\\\/producto\\\/ruedas-roll-line-libre-devil-47d\\\/#primaryimage\",\"url\":\"https:\\\/\\\/fullpatin.cl\\\/tienda\\\/wp-content\\\/uploads\\\/2025\\\/04\\\/Diseno-sin-titulo-112-1.png\",\"contentUrl\":\"https:\\\/\\\/fullpatin.cl\\\/tienda\\\/wp-content\\\/uploads\\\/2025\\\/04\\\/Diseno-sin-titulo-112-1.png\",\"width\":500,\"height\":500},{\"@type\":\"BreadcrumbList\",\"@id\":\"https:\\\/\\\/fullpatin.cl\\\/tienda\\\/producto\\\/ruedas-roll-line-libre-devil-47d\\\/#breadcrumb\",\"itemListElement\":[{\"@type\":\"ListItem\",\"position\":1,\"name\":\"Portada\",\"item\":\"https:\\\/\\\/fullpatin.cl\\\/tienda\\\/\"},{\"@type\":\"ListItem\",\"position\":2,\"name\":\"Tienda\",\"item\":\"https:\\\/\\\/fullpatin.cl\\\/tienda\\\/tienda\\\/\"},{\"@type\":\"ListItem\",\"position\":3,\"name\":\"RUEDAS ROLL-LINE LIBRE DEVIL 47D\"}]},{\"@type\":\"WebSite\",\"@id\":\"https:\\\/\\\/fullpatin.cl\\\/tienda\\\/#website\",\"url\":\"https:\\\/\\\/fullpatin.cl\\\/tienda\\\/\",\"name\":\"FULL PAT\u00cdN\",\"description\":\"Tienda\",\"publisher\":{\"@id\":\"https:\\\/\\\/fullpatin.cl\\\/tienda\\\/#organization\"},\"potentialAction\":[{\"@type\":\"SearchAction\",\"target\":{\"@type\":\"EntryPoint\",\"urlTemplate\":\"https:\\\/\\\/fullpatin.cl\\\/tienda\\\/?s={search_term_string}\"},\"query-input\":{\"@type\":\"PropertyValueSpecification\",\"valueRequired\":true,\"valueName\":\"search_term_string\"}}],\"inLanguage\":\"es\"},{\"@type\":\"Organization\",\"@id\":\"https:\\\/\\\/fullpatin.cl\\\/tienda\\\/#organization\",\"name\":\"FULL PAT\u00cdN\",\"url\":\"https:\\\/\\\/fullpatin.cl\\\/tienda\\\/\",\"logo\":{\"@type\":\"ImageObject\",\"inLanguage\":\"es\",\"@id\":\"https:\\\/\\\/fullpatin.cl\\\/tienda\\\/#\\\/schema\\\/logo\\\/image\\\/\",\"url\":\"https:\\\/\\\/fullpatin.cl\\\/tienda\\\/wp-content\\\/uploads\\\/2023\\\/12\\\/fp.png\",\"contentUrl\":\"https:\\\/\\\/fullpatin.cl\\\/tienda\\\/wp-content\\\/uploads\\\/2023\\\/12\\\/fp.png\",\"width\":2185,\"height\":363,\"caption\":\"FULL PAT\u00cdN\"},\"image\":{\"@id\":\"https:\\\/\\\/fullpatin.cl\\\/tienda\\\/#\\\/schema\\\/logo\\\/image\\\/\"},\"sameAs\":[\"https:\\\/\\\/www.instagram.com\\\/full_patin\\\/\"]}]}<\/script>\n<!-- \/ Yoast SEO plugin. -->","yoast_head_json":{"title":"RUEDAS ROLL-LINE LIBRE DEVIL 47D - Full Pat\u00edn","robots":{"index":"index","follow":"follow","max-snippet":"max-snippet:-1","max-image-preview":"max-image-preview:large","max-video-preview":"max-video-preview:-1"},"canonical":"https:\/\/fullpatin.cl\/tienda\/producto\/ruedas-roll-line-libre-devil-47d\/","og_locale":"es_ES","og_type":"article","og_title":"RUEDAS ROLL-LINE LIBRE DEVIL 47D - Full Pat\u00edn","og_description":"La rueda Devil est\u00e1 dise\u00f1ada para un alto rendimiento y para adaptarse a muchos tipos de superficies, aportando al patinador un agarre \u00f3ptimo sin perder velocidad. Dadas sus caracter\u00edsticas, esta rueda est\u00e1 equipada con una llanta rigida que le permite ser extremadamente suave y asegurar un buen agarre sin el achatamiento t\u00edpico de las ruedas...","og_url":"https:\/\/fullpatin.cl\/tienda\/producto\/ruedas-roll-line-libre-devil-47d\/","og_site_name":"Full Pat\u00edn","article_modified_time":"2026-04-22T16:42:46+00:00","og_image":[{"width":500,"height":500,"url":"https:\/\/fullpatin.cl\/tienda\/wp-content\/uploads\/2025\/04\/Diseno-sin-titulo-112-1.png","type":"image\/png"}],"twitter_card":"summary_large_image","twitter_misc":{"Tiempo de lectura":"1 minuto"},"schema":{"@context":"https:\/\/schema.org","@graph":[{"@type":"WebPage","@id":"https:\/\/fullpatin.cl\/tienda\/producto\/ruedas-roll-line-libre-devil-47d\/","url":"https:\/\/fullpatin.cl\/tienda\/producto\/ruedas-roll-line-libre-devil-47d\/","name":"RUEDAS ROLL-LINE LIBRE DEVIL 47D - Full Pat\u00edn","isPartOf":{"@id":"https:\/\/fullpatin.cl\/tienda\/#website"},"primaryImageOfPage":{"@id":"https:\/\/fullpatin.cl\/tienda\/producto\/ruedas-roll-line-libre-devil-47d\/#primaryimage"},"image":{"@id":"https:\/\/fullpatin.cl\/tienda\/producto\/ruedas-roll-line-libre-devil-47d\/#primaryimage"},"thumbnailUrl":"https:\/\/fullpatin.cl\/tienda\/wp-content\/uploads\/2025\/04\/Diseno-sin-titulo-112-1.png","datePublished":"2025-04-18T21:34:13+00:00","dateModified":"2026-04-22T16:42:46+00:00","breadcrumb":{"@id":"https:\/\/fullpatin.cl\/tienda\/producto\/ruedas-roll-line-libre-devil-47d\/#breadcrumb"},"inLanguage":"es","potentialAction":[{"@type":"ReadAction","target":["https:\/\/fullpatin.cl\/tienda\/producto\/ruedas-roll-line-libre-devil-47d\/"]}]},{"@type":"ImageObject","inLanguage":"es","@id":"https:\/\/fullpatin.cl\/tienda\/producto\/ruedas-roll-line-libre-devil-47d\/#primaryimage","url":"https:\/\/fullpatin.cl\/tienda\/wp-content\/uploads\/2025\/04\/Diseno-sin-titulo-112-1.png","contentUrl":"https:\/\/fullpatin.cl\/tienda\/wp-content\/uploads\/2025\/04\/Diseno-sin-titulo-112-1.png","width":500,"height":500},{"@type":"BreadcrumbList","@id":"https:\/\/fullpatin.cl\/tienda\/producto\/ruedas-roll-line-libre-devil-47d\/#breadcrumb","itemListElement":[{"@type":"ListItem","position":1,"name":"Portada","item":"https:\/\/fullpatin.cl\/tienda\/"},{"@type":"ListItem","position":2,"name":"Tienda","item":"https:\/\/fullpatin.cl\/tienda\/tienda\/"},{"@type":"ListItem","position":3,"name":"RUEDAS ROLL-LINE LIBRE DEVIL 47D"}]},{"@type":"WebSite","@id":"https:\/\/fullpatin.cl\/tienda\/#website","url":"https:\/\/fullpatin.cl\/tienda\/","name":"FULL PAT\u00cdN","description":"Tienda","publisher":{"@id":"https:\/\/fullpatin.cl\/tienda\/#organization"},"potentialAction":[{"@type":"SearchAction","target":{"@type":"EntryPoint","urlTemplate":"https:\/\/fullpatin.cl\/tienda\/?s={search_term_string}"},"query-input":{"@type":"PropertyValueSpecification","valueRequired":true,"valueName":"search_term_string"}}],"inLanguage":"es"},{"@type":"Organization","@id":"https:\/\/fullpatin.cl\/tienda\/#organization","name":"FULL PAT\u00cdN","url":"https:\/\/fullpatin.cl\/tienda\/","logo":{"@type":"ImageObject","inLanguage":"es","@id":"https:\/\/fullpatin.cl\/tienda\/#\/schema\/logo\/image\/","url":"https:\/\/fullpatin.cl\/tienda\/wp-content\/uploads\/2023\/12\/fp.png","contentUrl":"https:\/\/fullpatin.cl\/tienda\/wp-content\/uploads\/2023\/12\/fp.png","width":2185,"height":363,"caption":"FULL PAT\u00cdN"},"image":{"@id":"https:\/\/fullpatin.cl\/tienda\/#\/schema\/logo\/image\/"},"sameAs":["https:\/\/www.instagram.com\/full_patin\/"]}]}},"_links":{"self":[{"href":"https:\/\/fullpatin.cl\/tienda\/wp-json\/wp\/v2\/product\/2489","targetHints":{"allow":["GET"]}}],"collection":[{"href":"https:\/\/fullpatin.cl\/tienda\/wp-json\/wp\/v2\/product"}],"about":[{"href":"https:\/\/fullpatin.cl\/tienda\/wp-json\/wp\/v2\/types\/product"}],"replies":[{"embeddable":true,"href":"https:\/\/fullpatin.cl\/tienda\/wp-json\/wp\/v2\/comments?post=2489"}],"wp:featuredmedia":[{"embeddable":true,"href":"https:\/\/fullpatin.cl\/tienda\/wp-json\/wp\/v2\/media\/2491"}],"wp:attachment":[{"href":"https:\/\/fullpatin.cl\/tienda\/wp-json\/wp\/v2\/media?parent=2489"}],"wp:term":[{"taxonomy":"product_brand","embeddable":true,"href":"https:\/\/fullpatin.cl\/tienda\/wp-json\/wp\/v2\/product_brand?post=2489"},{"taxonomy":"product_cat","embeddable":true,"href":"https:\/\/fullpatin.cl\/tienda\/wp-json\/wp\/v2\/product_cat?post=2489"},{"taxonomy":"product_tag","embeddable":true,"href":"https:\/\/fullpatin.cl\/tienda\/wp-json\/wp\/v2\/product_tag?post=2489"}],"curies":[{"name":"wp","href":"https:\/\/api.w.org\/{rel}","templated":true}]}}