{"id":2380,"date":"2025-03-29T17:04:27","date_gmt":"2025-03-29T17:04:27","guid":{"rendered":"https:\/\/fullpatin.cl\/tienda\/?post_type=product&#038;p=2380"},"modified":"2026-04-22T13:13:55","modified_gmt":"2026-04-22T16:13:55","slug":"plancha-roll-line-agile","status":"publish","type":"product","link":"https:\/\/fullpatin.cl\/tienda\/producto\/plancha-roll-line-agile\/","title":{"rendered":"PLANCHA ROLL-LINE AGILE"},"content":{"rendered":"<p class=\" translation-block\"><strong>Agile<\/strong> es la plancha revolucionaria dise\u00f1ada para satisfacer a las necesidades de los jugadores de hockey m\u00e1s sofisticados.<\/p>\n<ul>\n<li>La reducida distancia entre eje es la gran novedad que otorga una agilidad nunca antes vista, para cambios de direcci\u00f3n r\u00e1pidos y efectivos.<\/li>\n<li>La estructura rebajada de 5mm reduce el centro de gravedad para una mayor estabilidad.<\/li>\n<li>Diferenciaci\u00f3n entre plancha derecha e izquierda que facilita el arranque.<\/li>\n<li>Mecanismo \u201cClick Action\u201d que permite una mayor precisi\u00f3n de las suspensiones.<\/li>\n<li>Base realizada a partir de una barra de Aluminio trefilada y completamente mecanizada en CNC.<\/li>\n<li>Pernos de 13 mm en \u00e1ngulo de 16 \u00b0 con configuraci\u00f3n baja.<\/li>\n<li>Suspensiones de elast\u00f3mero disponibles en 5 durezas (colores) disponibles.<\/li>\n<li>Trenes direccionales de aluminio con ejes de acero de 7 mm y pivote ajustable.<\/li>\n<li>Frenos hockey y juego de llaves incluidos.<\/li>\n<\/ul>\n","protected":false},"excerpt":{"rendered":"<p>Agile es la plancha revolucionaria dise\u00f1ada para satisfacer a las necesidades de los jugadores de hockey m\u00e1s sofisticados. La reducida distancia entre eje es la gran novedad que otorga una agilidad nunca antes vista, para cambios de direcci\u00f3n r\u00e1pidos y efectivos. La estructura rebajada de 5mm reduce el centro de gravedad para una mayor estabilidad&#8230;.<\/p>\n","protected":false},"featured_media":4773,"comment_status":"open","ping_status":"closed","template":"","meta":{"_monsterinsights_skip_tracking":false,"_monsterinsights_sitenote_active":false,"_monsterinsights_sitenote_note":"","_monsterinsights_sitenote_category":0},"product_brand":[],"product_cat":[48],"product_tag":[122],"class_list":{"0":"post-2380","1":"product","2":"type-product","3":"status-publish","4":"has-post-thumbnail","6":"product_cat-planchas","7":"product_tag-roll-line","8":"pa_tallas-110","9":"pa_tallas-111","10":"pa_tallas-112","11":"pa_tallas-113","12":"pa_tallas-135","14":"first","15":"instock","16":"taxable","17":"shipping-taxable","18":"purchasable","19":"product-type-variable"},"yoast_head":"<!-- This site is optimized with the Yoast SEO plugin v27.4 - https:\/\/yoast.com\/product\/yoast-seo-wordpress\/ -->\n<title>PLANCHA ROLL-LINE AGILE - Full Pat\u00edn<\/title>\n<meta name=\"robots\" content=\"index, follow, max-snippet:-1, max-image-preview:large, max-video-preview:-1\" \/>\n<link rel=\"canonical\" href=\"https:\/\/fullpatin.cl\/tienda\/producto\/plancha-roll-line-agile\/\" \/>\n<meta property=\"og:locale\" content=\"es_ES\" \/>\n<meta property=\"og:type\" content=\"article\" \/>\n<meta property=\"og:title\" content=\"PLANCHA ROLL-LINE AGILE - Full Pat\u00edn\" \/>\n<meta property=\"og:description\" content=\"Agile es la plancha revolucionaria dise\u00f1ada para satisfacer a las necesidades de los jugadores de hockey m\u00e1s sofisticados. La reducida distancia entre eje es la gran novedad que otorga una agilidad nunca antes vista, para cambios de direcci\u00f3n r\u00e1pidos y efectivos. La estructura rebajada de 5mm reduce el centro de gravedad para una mayor estabilidad....\" \/>\n<meta property=\"og:url\" content=\"https:\/\/fullpatin.cl\/tienda\/producto\/plancha-roll-line-agile\/\" \/>\n<meta property=\"og:site_name\" content=\"Full Pat\u00edn\" \/>\n<meta property=\"article:modified_time\" content=\"2026-04-22T16:13:55+00:00\" \/>\n<meta property=\"og:image\" content=\"https:\/\/fullpatin.cl\/tienda\/wp-content\/uploads\/2025\/03\/agile.png\" \/>\n\t<meta property=\"og:image:width\" content=\"1080\" \/>\n\t<meta property=\"og:image:height\" content=\"1080\" \/>\n\t<meta property=\"og:image:type\" content=\"image\/png\" \/>\n<meta name=\"twitter:card\" content=\"summary_large_image\" \/>\n<meta name=\"twitter:label1\" content=\"Tiempo de lectura\" \/>\n\t<meta name=\"twitter:data1\" content=\"1 minuto\" \/>\n<script type=\"application\/ld+json\" class=\"yoast-schema-graph\">{\"@context\":\"https:\\\/\\\/schema.org\",\"@graph\":[{\"@type\":\"WebPage\",\"@id\":\"https:\\\/\\\/fullpatin.cl\\\/tienda\\\/producto\\\/plancha-roll-line-agile\\\/\",\"url\":\"https:\\\/\\\/fullpatin.cl\\\/tienda\\\/producto\\\/plancha-roll-line-agile\\\/\",\"name\":\"PLANCHA ROLL-LINE AGILE - Full Pat\u00edn\",\"isPartOf\":{\"@id\":\"https:\\\/\\\/fullpatin.cl\\\/tienda\\\/#website\"},\"primaryImageOfPage\":{\"@id\":\"https:\\\/\\\/fullpatin.cl\\\/tienda\\\/producto\\\/plancha-roll-line-agile\\\/#primaryimage\"},\"image\":{\"@id\":\"https:\\\/\\\/fullpatin.cl\\\/tienda\\\/producto\\\/plancha-roll-line-agile\\\/#primaryimage\"},\"thumbnailUrl\":\"https:\\\/\\\/fullpatin.cl\\\/tienda\\\/wp-content\\\/uploads\\\/2025\\\/03\\\/agile.png\",\"datePublished\":\"2025-03-29T17:04:27+00:00\",\"dateModified\":\"2026-04-22T16:13:55+00:00\",\"breadcrumb\":{\"@id\":\"https:\\\/\\\/fullpatin.cl\\\/tienda\\\/producto\\\/plancha-roll-line-agile\\\/#breadcrumb\"},\"inLanguage\":\"es\",\"potentialAction\":[{\"@type\":\"ReadAction\",\"target\":[\"https:\\\/\\\/fullpatin.cl\\\/tienda\\\/producto\\\/plancha-roll-line-agile\\\/\"]}]},{\"@type\":\"ImageObject\",\"inLanguage\":\"es\",\"@id\":\"https:\\\/\\\/fullpatin.cl\\\/tienda\\\/producto\\\/plancha-roll-line-agile\\\/#primaryimage\",\"url\":\"https:\\\/\\\/fullpatin.cl\\\/tienda\\\/wp-content\\\/uploads\\\/2025\\\/03\\\/agile.png\",\"contentUrl\":\"https:\\\/\\\/fullpatin.cl\\\/tienda\\\/wp-content\\\/uploads\\\/2025\\\/03\\\/agile.png\",\"width\":1080,\"height\":1080},{\"@type\":\"BreadcrumbList\",\"@id\":\"https:\\\/\\\/fullpatin.cl\\\/tienda\\\/producto\\\/plancha-roll-line-agile\\\/#breadcrumb\",\"itemListElement\":[{\"@type\":\"ListItem\",\"position\":1,\"name\":\"Portada\",\"item\":\"https:\\\/\\\/fullpatin.cl\\\/tienda\\\/\"},{\"@type\":\"ListItem\",\"position\":2,\"name\":\"Tienda\",\"item\":\"https:\\\/\\\/fullpatin.cl\\\/tienda\\\/tienda\\\/\"},{\"@type\":\"ListItem\",\"position\":3,\"name\":\"PLANCHA ROLL-LINE AGILE\"}]},{\"@type\":\"WebSite\",\"@id\":\"https:\\\/\\\/fullpatin.cl\\\/tienda\\\/#website\",\"url\":\"https:\\\/\\\/fullpatin.cl\\\/tienda\\\/\",\"name\":\"FULL PAT\u00cdN\",\"description\":\"Tienda\",\"publisher\":{\"@id\":\"https:\\\/\\\/fullpatin.cl\\\/tienda\\\/#organization\"},\"potentialAction\":[{\"@type\":\"SearchAction\",\"target\":{\"@type\":\"EntryPoint\",\"urlTemplate\":\"https:\\\/\\\/fullpatin.cl\\\/tienda\\\/?s={search_term_string}\"},\"query-input\":{\"@type\":\"PropertyValueSpecification\",\"valueRequired\":true,\"valueName\":\"search_term_string\"}}],\"inLanguage\":\"es\"},{\"@type\":\"Organization\",\"@id\":\"https:\\\/\\\/fullpatin.cl\\\/tienda\\\/#organization\",\"name\":\"FULL PAT\u00cdN\",\"url\":\"https:\\\/\\\/fullpatin.cl\\\/tienda\\\/\",\"logo\":{\"@type\":\"ImageObject\",\"inLanguage\":\"es\",\"@id\":\"https:\\\/\\\/fullpatin.cl\\\/tienda\\\/#\\\/schema\\\/logo\\\/image\\\/\",\"url\":\"https:\\\/\\\/fullpatin.cl\\\/tienda\\\/wp-content\\\/uploads\\\/2023\\\/12\\\/fp.png\",\"contentUrl\":\"https:\\\/\\\/fullpatin.cl\\\/tienda\\\/wp-content\\\/uploads\\\/2023\\\/12\\\/fp.png\",\"width\":2185,\"height\":363,\"caption\":\"FULL PAT\u00cdN\"},\"image\":{\"@id\":\"https:\\\/\\\/fullpatin.cl\\\/tienda\\\/#\\\/schema\\\/logo\\\/image\\\/\"},\"sameAs\":[\"https:\\\/\\\/www.instagram.com\\\/full_patin\\\/\"]}]}<\/script>\n<!-- \/ Yoast SEO plugin. -->","yoast_head_json":{"title":"PLANCHA ROLL-LINE AGILE - Full Pat\u00edn","robots":{"index":"index","follow":"follow","max-snippet":"max-snippet:-1","max-image-preview":"max-image-preview:large","max-video-preview":"max-video-preview:-1"},"canonical":"https:\/\/fullpatin.cl\/tienda\/producto\/plancha-roll-line-agile\/","og_locale":"es_ES","og_type":"article","og_title":"PLANCHA ROLL-LINE AGILE - Full Pat\u00edn","og_description":"Agile es la plancha revolucionaria dise\u00f1ada para satisfacer a las necesidades de los jugadores de hockey m\u00e1s sofisticados. La reducida distancia entre eje es la gran novedad que otorga una agilidad nunca antes vista, para cambios de direcci\u00f3n r\u00e1pidos y efectivos. La estructura rebajada de 5mm reduce el centro de gravedad para una mayor estabilidad....","og_url":"https:\/\/fullpatin.cl\/tienda\/producto\/plancha-roll-line-agile\/","og_site_name":"Full Pat\u00edn","article_modified_time":"2026-04-22T16:13:55+00:00","og_image":[{"width":1080,"height":1080,"url":"https:\/\/fullpatin.cl\/tienda\/wp-content\/uploads\/2025\/03\/agile.png","type":"image\/png"}],"twitter_card":"summary_large_image","twitter_misc":{"Tiempo de lectura":"1 minuto"},"schema":{"@context":"https:\/\/schema.org","@graph":[{"@type":"WebPage","@id":"https:\/\/fullpatin.cl\/tienda\/producto\/plancha-roll-line-agile\/","url":"https:\/\/fullpatin.cl\/tienda\/producto\/plancha-roll-line-agile\/","name":"PLANCHA ROLL-LINE AGILE - Full Pat\u00edn","isPartOf":{"@id":"https:\/\/fullpatin.cl\/tienda\/#website"},"primaryImageOfPage":{"@id":"https:\/\/fullpatin.cl\/tienda\/producto\/plancha-roll-line-agile\/#primaryimage"},"image":{"@id":"https:\/\/fullpatin.cl\/tienda\/producto\/plancha-roll-line-agile\/#primaryimage"},"thumbnailUrl":"https:\/\/fullpatin.cl\/tienda\/wp-content\/uploads\/2025\/03\/agile.png","datePublished":"2025-03-29T17:04:27+00:00","dateModified":"2026-04-22T16:13:55+00:00","breadcrumb":{"@id":"https:\/\/fullpatin.cl\/tienda\/producto\/plancha-roll-line-agile\/#breadcrumb"},"inLanguage":"es","potentialAction":[{"@type":"ReadAction","target":["https:\/\/fullpatin.cl\/tienda\/producto\/plancha-roll-line-agile\/"]}]},{"@type":"ImageObject","inLanguage":"es","@id":"https:\/\/fullpatin.cl\/tienda\/producto\/plancha-roll-line-agile\/#primaryimage","url":"https:\/\/fullpatin.cl\/tienda\/wp-content\/uploads\/2025\/03\/agile.png","contentUrl":"https:\/\/fullpatin.cl\/tienda\/wp-content\/uploads\/2025\/03\/agile.png","width":1080,"height":1080},{"@type":"BreadcrumbList","@id":"https:\/\/fullpatin.cl\/tienda\/producto\/plancha-roll-line-agile\/#breadcrumb","itemListElement":[{"@type":"ListItem","position":1,"name":"Portada","item":"https:\/\/fullpatin.cl\/tienda\/"},{"@type":"ListItem","position":2,"name":"Tienda","item":"https:\/\/fullpatin.cl\/tienda\/tienda\/"},{"@type":"ListItem","position":3,"name":"PLANCHA ROLL-LINE AGILE"}]},{"@type":"WebSite","@id":"https:\/\/fullpatin.cl\/tienda\/#website","url":"https:\/\/fullpatin.cl\/tienda\/","name":"FULL PAT\u00cdN","description":"Tienda","publisher":{"@id":"https:\/\/fullpatin.cl\/tienda\/#organization"},"potentialAction":[{"@type":"SearchAction","target":{"@type":"EntryPoint","urlTemplate":"https:\/\/fullpatin.cl\/tienda\/?s={search_term_string}"},"query-input":{"@type":"PropertyValueSpecification","valueRequired":true,"valueName":"search_term_string"}}],"inLanguage":"es"},{"@type":"Organization","@id":"https:\/\/fullpatin.cl\/tienda\/#organization","name":"FULL PAT\u00cdN","url":"https:\/\/fullpatin.cl\/tienda\/","logo":{"@type":"ImageObject","inLanguage":"es","@id":"https:\/\/fullpatin.cl\/tienda\/#\/schema\/logo\/image\/","url":"https:\/\/fullpatin.cl\/tienda\/wp-content\/uploads\/2023\/12\/fp.png","contentUrl":"https:\/\/fullpatin.cl\/tienda\/wp-content\/uploads\/2023\/12\/fp.png","width":2185,"height":363,"caption":"FULL PAT\u00cdN"},"image":{"@id":"https:\/\/fullpatin.cl\/tienda\/#\/schema\/logo\/image\/"},"sameAs":["https:\/\/www.instagram.com\/full_patin\/"]}]}},"_links":{"self":[{"href":"https:\/\/fullpatin.cl\/tienda\/wp-json\/wp\/v2\/product\/2380","targetHints":{"allow":["GET"]}}],"collection":[{"href":"https:\/\/fullpatin.cl\/tienda\/wp-json\/wp\/v2\/product"}],"about":[{"href":"https:\/\/fullpatin.cl\/tienda\/wp-json\/wp\/v2\/types\/product"}],"replies":[{"embeddable":true,"href":"https:\/\/fullpatin.cl\/tienda\/wp-json\/wp\/v2\/comments?post=2380"}],"wp:featuredmedia":[{"embeddable":true,"href":"https:\/\/fullpatin.cl\/tienda\/wp-json\/wp\/v2\/media\/4773"}],"wp:attachment":[{"href":"https:\/\/fullpatin.cl\/tienda\/wp-json\/wp\/v2\/media?parent=2380"}],"wp:term":[{"taxonomy":"product_brand","embeddable":true,"href":"https:\/\/fullpatin.cl\/tienda\/wp-json\/wp\/v2\/product_brand?post=2380"},{"taxonomy":"product_cat","embeddable":true,"href":"https:\/\/fullpatin.cl\/tienda\/wp-json\/wp\/v2\/product_cat?post=2380"},{"taxonomy":"product_tag","embeddable":true,"href":"https:\/\/fullpatin.cl\/tienda\/wp-json\/wp\/v2\/product_tag?post=2380"}],"curies":[{"name":"wp","href":"https:\/\/api.w.org\/{rel}","templated":true}]}}