{"id":186,"date":"2021-10-27T21:52:23","date_gmt":"2021-10-27T21:52:23","guid":{"rendered":"https:\/\/fullpatin.cl\/tienda\/?post_type=product&#038;p=186"},"modified":"2026-04-22T11:46:30","modified_gmt":"2026-04-22T14:46:30","slug":"rodamiento-azemad","status":"publish","type":"product","link":"https:\/\/fullpatin.cl\/tienda\/producto\/rodamiento-azemad\/","title":{"rendered":"RODAMIENTOS AZEMAD ABEC 9"},"content":{"rendered":"<p>Con materiales y caracter\u00edsticas elegidos al detalle, dise\u00f1ados para el patinaje de alta competici\u00f3n y para momentos de gran intensidad, los rodamientos <strong>AZEMAD Dash<\/strong> est\u00e1n pensados para ofrecer a los patinadores un gran compromiso con el rendimiento.<\/p>\n<p>Con un mantenimiento muy sencillo y pr\u00e1ctico, ya que est\u00e1n selladas por una sola cara, lo que facilita su limpieza, tienen un anillo de nylon ultraligero que reduce el peso del rodamiento. La lubricaci\u00f3n con aceite reduce la fricci\u00f3n y favorece un patinaje r\u00e1pido y suave, ya que el aceite reduce la resistencia en la rotaci\u00f3n del rodamiento, aumentando la velocidad m\u00e1xima que se puede alcanzar.<\/p>\n<p>Con una clasificaci\u00f3n <strong>ABEC 9<\/strong>, estos rodamientos est\u00e1n dise\u00f1ados para una respuesta de alto rendimiento y para un deslizamiento r\u00e1pido y suave, con 7 bolas interiores de alta precisi\u00f3n. Las bolas de alta precisi\u00f3n mantienen la separaci\u00f3n entre las pistas del rodamiento y su finalidad es reducir la fricci\u00f3n rotacional y soportar las cargas radiales y axiales, permitiendo que las fuerzas ejercidas sobre el rodamiento se distribuyan uniformemente, manteniendo as\u00ed todas sus prestaciones.<\/p>\n","protected":false},"excerpt":{"rendered":"<p>Con materiales y caracter\u00edsticas elegidos al detalle, dise\u00f1ados para el patinaje de alta competici\u00f3n y para momentos de gran intensidad, los rodamientos AZEMAD Dash est\u00e1n pensados para ofrecer a los patinadores un gran compromiso con el rendimiento. Con un mantenimiento muy sencillo y pr\u00e1ctico, ya que est\u00e1n selladas por una sola cara, lo que facilita&#8230;<\/p>\n","protected":false},"featured_media":187,"comment_status":"open","ping_status":"closed","template":"","meta":{"_monsterinsights_skip_tracking":false,"_monsterinsights_sitenote_active":false,"_monsterinsights_sitenote_note":"","_monsterinsights_sitenote_category":0},"product_brand":[],"product_cat":[47],"product_tag":[117],"class_list":{"0":"post-186","1":"product","2":"type-product","3":"status-publish","4":"has-post-thumbnail","6":"product_cat-rodamientohockey","7":"product_tag-azemad","9":"first","10":"instock","11":"taxable","12":"shipping-taxable","13":"purchasable","14":"product-type-simple"},"yoast_head":"<!-- This site is optimized with the Yoast SEO plugin v27.4 - https:\/\/yoast.com\/product\/yoast-seo-wordpress\/ -->\n<title>RODAMIENTOS AZEMAD ABEC 9 - Full Pat\u00edn<\/title>\n<meta name=\"robots\" content=\"index, follow, max-snippet:-1, max-image-preview:large, max-video-preview:-1\" \/>\n<link rel=\"canonical\" href=\"https:\/\/fullpatin.cl\/tienda\/producto\/rodamiento-azemad\/\" \/>\n<meta property=\"og:locale\" content=\"es_ES\" \/>\n<meta property=\"og:type\" content=\"article\" \/>\n<meta property=\"og:title\" content=\"RODAMIENTOS AZEMAD ABEC 9 - Full Pat\u00edn\" \/>\n<meta property=\"og:description\" content=\"Con materiales y caracter\u00edsticas elegidos al detalle, dise\u00f1ados para el patinaje de alta competici\u00f3n y para momentos de gran intensidad, los rodamientos AZEMAD Dash est\u00e1n pensados para ofrecer a los patinadores un gran compromiso con el rendimiento. Con un mantenimiento muy sencillo y pr\u00e1ctico, ya que est\u00e1n selladas por una sola cara, lo que facilita...\" \/>\n<meta property=\"og:url\" content=\"https:\/\/fullpatin.cl\/tienda\/producto\/rodamiento-azemad\/\" \/>\n<meta property=\"og:site_name\" content=\"Full Pat\u00edn\" \/>\n<meta property=\"article:modified_time\" content=\"2026-04-22T14:46:30+00:00\" \/>\n<meta property=\"og:image\" content=\"https:\/\/fullpatin.cl\/tienda\/wp-content\/uploads\/2021\/10\/rodamiento1.png\" \/>\n\t<meta property=\"og:image:width\" content=\"500\" \/>\n\t<meta property=\"og:image:height\" content=\"500\" \/>\n\t<meta property=\"og:image:type\" content=\"image\/png\" \/>\n<meta name=\"twitter:card\" content=\"summary_large_image\" \/>\n<meta name=\"twitter:label1\" content=\"Tiempo de lectura\" \/>\n\t<meta name=\"twitter:data1\" content=\"2 minutos\" \/>\n<script type=\"application\/ld+json\" class=\"yoast-schema-graph\">{\"@context\":\"https:\\\/\\\/schema.org\",\"@graph\":[{\"@type\":\"WebPage\",\"@id\":\"https:\\\/\\\/fullpatin.cl\\\/tienda\\\/producto\\\/rodamiento-azemad\\\/\",\"url\":\"https:\\\/\\\/fullpatin.cl\\\/tienda\\\/producto\\\/rodamiento-azemad\\\/\",\"name\":\"RODAMIENTOS AZEMAD ABEC 9 - Full Pat\u00edn\",\"isPartOf\":{\"@id\":\"https:\\\/\\\/fullpatin.cl\\\/tienda\\\/#website\"},\"primaryImageOfPage\":{\"@id\":\"https:\\\/\\\/fullpatin.cl\\\/tienda\\\/producto\\\/rodamiento-azemad\\\/#primaryimage\"},\"image\":{\"@id\":\"https:\\\/\\\/fullpatin.cl\\\/tienda\\\/producto\\\/rodamiento-azemad\\\/#primaryimage\"},\"thumbnailUrl\":\"https:\\\/\\\/fullpatin.cl\\\/tienda\\\/wp-content\\\/uploads\\\/2021\\\/10\\\/rodamiento1.png\",\"datePublished\":\"2021-10-27T21:52:23+00:00\",\"dateModified\":\"2026-04-22T14:46:30+00:00\",\"breadcrumb\":{\"@id\":\"https:\\\/\\\/fullpatin.cl\\\/tienda\\\/producto\\\/rodamiento-azemad\\\/#breadcrumb\"},\"inLanguage\":\"es\",\"potentialAction\":[{\"@type\":\"ReadAction\",\"target\":[\"https:\\\/\\\/fullpatin.cl\\\/tienda\\\/producto\\\/rodamiento-azemad\\\/\"]}]},{\"@type\":\"ImageObject\",\"inLanguage\":\"es\",\"@id\":\"https:\\\/\\\/fullpatin.cl\\\/tienda\\\/producto\\\/rodamiento-azemad\\\/#primaryimage\",\"url\":\"https:\\\/\\\/fullpatin.cl\\\/tienda\\\/wp-content\\\/uploads\\\/2021\\\/10\\\/rodamiento1.png\",\"contentUrl\":\"https:\\\/\\\/fullpatin.cl\\\/tienda\\\/wp-content\\\/uploads\\\/2021\\\/10\\\/rodamiento1.png\",\"width\":500,\"height\":500},{\"@type\":\"BreadcrumbList\",\"@id\":\"https:\\\/\\\/fullpatin.cl\\\/tienda\\\/producto\\\/rodamiento-azemad\\\/#breadcrumb\",\"itemListElement\":[{\"@type\":\"ListItem\",\"position\":1,\"name\":\"Portada\",\"item\":\"https:\\\/\\\/fullpatin.cl\\\/tienda\\\/\"},{\"@type\":\"ListItem\",\"position\":2,\"name\":\"Tienda\",\"item\":\"https:\\\/\\\/fullpatin.cl\\\/tienda\\\/tienda\\\/\"},{\"@type\":\"ListItem\",\"position\":3,\"name\":\"RODAMIENTOS AZEMAD ABEC 9\"}]},{\"@type\":\"WebSite\",\"@id\":\"https:\\\/\\\/fullpatin.cl\\\/tienda\\\/#website\",\"url\":\"https:\\\/\\\/fullpatin.cl\\\/tienda\\\/\",\"name\":\"FULL PAT\u00cdN\",\"description\":\"Tienda\",\"publisher\":{\"@id\":\"https:\\\/\\\/fullpatin.cl\\\/tienda\\\/#organization\"},\"potentialAction\":[{\"@type\":\"SearchAction\",\"target\":{\"@type\":\"EntryPoint\",\"urlTemplate\":\"https:\\\/\\\/fullpatin.cl\\\/tienda\\\/?s={search_term_string}\"},\"query-input\":{\"@type\":\"PropertyValueSpecification\",\"valueRequired\":true,\"valueName\":\"search_term_string\"}}],\"inLanguage\":\"es\"},{\"@type\":\"Organization\",\"@id\":\"https:\\\/\\\/fullpatin.cl\\\/tienda\\\/#organization\",\"name\":\"FULL PAT\u00cdN\",\"url\":\"https:\\\/\\\/fullpatin.cl\\\/tienda\\\/\",\"logo\":{\"@type\":\"ImageObject\",\"inLanguage\":\"es\",\"@id\":\"https:\\\/\\\/fullpatin.cl\\\/tienda\\\/#\\\/schema\\\/logo\\\/image\\\/\",\"url\":\"https:\\\/\\\/fullpatin.cl\\\/tienda\\\/wp-content\\\/uploads\\\/2023\\\/12\\\/fp.png\",\"contentUrl\":\"https:\\\/\\\/fullpatin.cl\\\/tienda\\\/wp-content\\\/uploads\\\/2023\\\/12\\\/fp.png\",\"width\":2185,\"height\":363,\"caption\":\"FULL PAT\u00cdN\"},\"image\":{\"@id\":\"https:\\\/\\\/fullpatin.cl\\\/tienda\\\/#\\\/schema\\\/logo\\\/image\\\/\"},\"sameAs\":[\"https:\\\/\\\/www.instagram.com\\\/full_patin\\\/\"]}]}<\/script>\n<!-- \/ Yoast SEO plugin. -->","yoast_head_json":{"title":"RODAMIENTOS AZEMAD ABEC 9 - Full Pat\u00edn","robots":{"index":"index","follow":"follow","max-snippet":"max-snippet:-1","max-image-preview":"max-image-preview:large","max-video-preview":"max-video-preview:-1"},"canonical":"https:\/\/fullpatin.cl\/tienda\/producto\/rodamiento-azemad\/","og_locale":"es_ES","og_type":"article","og_title":"RODAMIENTOS AZEMAD ABEC 9 - Full Pat\u00edn","og_description":"Con materiales y caracter\u00edsticas elegidos al detalle, dise\u00f1ados para el patinaje de alta competici\u00f3n y para momentos de gran intensidad, los rodamientos AZEMAD Dash est\u00e1n pensados para ofrecer a los patinadores un gran compromiso con el rendimiento. Con un mantenimiento muy sencillo y pr\u00e1ctico, ya que est\u00e1n selladas por una sola cara, lo que facilita...","og_url":"https:\/\/fullpatin.cl\/tienda\/producto\/rodamiento-azemad\/","og_site_name":"Full Pat\u00edn","article_modified_time":"2026-04-22T14:46:30+00:00","og_image":[{"width":500,"height":500,"url":"https:\/\/fullpatin.cl\/tienda\/wp-content\/uploads\/2021\/10\/rodamiento1.png","type":"image\/png"}],"twitter_card":"summary_large_image","twitter_misc":{"Tiempo de lectura":"2 minutos"},"schema":{"@context":"https:\/\/schema.org","@graph":[{"@type":"WebPage","@id":"https:\/\/fullpatin.cl\/tienda\/producto\/rodamiento-azemad\/","url":"https:\/\/fullpatin.cl\/tienda\/producto\/rodamiento-azemad\/","name":"RODAMIENTOS AZEMAD ABEC 9 - Full Pat\u00edn","isPartOf":{"@id":"https:\/\/fullpatin.cl\/tienda\/#website"},"primaryImageOfPage":{"@id":"https:\/\/fullpatin.cl\/tienda\/producto\/rodamiento-azemad\/#primaryimage"},"image":{"@id":"https:\/\/fullpatin.cl\/tienda\/producto\/rodamiento-azemad\/#primaryimage"},"thumbnailUrl":"https:\/\/fullpatin.cl\/tienda\/wp-content\/uploads\/2021\/10\/rodamiento1.png","datePublished":"2021-10-27T21:52:23+00:00","dateModified":"2026-04-22T14:46:30+00:00","breadcrumb":{"@id":"https:\/\/fullpatin.cl\/tienda\/producto\/rodamiento-azemad\/#breadcrumb"},"inLanguage":"es","potentialAction":[{"@type":"ReadAction","target":["https:\/\/fullpatin.cl\/tienda\/producto\/rodamiento-azemad\/"]}]},{"@type":"ImageObject","inLanguage":"es","@id":"https:\/\/fullpatin.cl\/tienda\/producto\/rodamiento-azemad\/#primaryimage","url":"https:\/\/fullpatin.cl\/tienda\/wp-content\/uploads\/2021\/10\/rodamiento1.png","contentUrl":"https:\/\/fullpatin.cl\/tienda\/wp-content\/uploads\/2021\/10\/rodamiento1.png","width":500,"height":500},{"@type":"BreadcrumbList","@id":"https:\/\/fullpatin.cl\/tienda\/producto\/rodamiento-azemad\/#breadcrumb","itemListElement":[{"@type":"ListItem","position":1,"name":"Portada","item":"https:\/\/fullpatin.cl\/tienda\/"},{"@type":"ListItem","position":2,"name":"Tienda","item":"https:\/\/fullpatin.cl\/tienda\/tienda\/"},{"@type":"ListItem","position":3,"name":"RODAMIENTOS AZEMAD ABEC 9"}]},{"@type":"WebSite","@id":"https:\/\/fullpatin.cl\/tienda\/#website","url":"https:\/\/fullpatin.cl\/tienda\/","name":"FULL PAT\u00cdN","description":"Tienda","publisher":{"@id":"https:\/\/fullpatin.cl\/tienda\/#organization"},"potentialAction":[{"@type":"SearchAction","target":{"@type":"EntryPoint","urlTemplate":"https:\/\/fullpatin.cl\/tienda\/?s={search_term_string}"},"query-input":{"@type":"PropertyValueSpecification","valueRequired":true,"valueName":"search_term_string"}}],"inLanguage":"es"},{"@type":"Organization","@id":"https:\/\/fullpatin.cl\/tienda\/#organization","name":"FULL PAT\u00cdN","url":"https:\/\/fullpatin.cl\/tienda\/","logo":{"@type":"ImageObject","inLanguage":"es","@id":"https:\/\/fullpatin.cl\/tienda\/#\/schema\/logo\/image\/","url":"https:\/\/fullpatin.cl\/tienda\/wp-content\/uploads\/2023\/12\/fp.png","contentUrl":"https:\/\/fullpatin.cl\/tienda\/wp-content\/uploads\/2023\/12\/fp.png","width":2185,"height":363,"caption":"FULL PAT\u00cdN"},"image":{"@id":"https:\/\/fullpatin.cl\/tienda\/#\/schema\/logo\/image\/"},"sameAs":["https:\/\/www.instagram.com\/full_patin\/"]}]}},"_links":{"self":[{"href":"https:\/\/fullpatin.cl\/tienda\/wp-json\/wp\/v2\/product\/186","targetHints":{"allow":["GET"]}}],"collection":[{"href":"https:\/\/fullpatin.cl\/tienda\/wp-json\/wp\/v2\/product"}],"about":[{"href":"https:\/\/fullpatin.cl\/tienda\/wp-json\/wp\/v2\/types\/product"}],"replies":[{"embeddable":true,"href":"https:\/\/fullpatin.cl\/tienda\/wp-json\/wp\/v2\/comments?post=186"}],"wp:featuredmedia":[{"embeddable":true,"href":"https:\/\/fullpatin.cl\/tienda\/wp-json\/wp\/v2\/media\/187"}],"wp:attachment":[{"href":"https:\/\/fullpatin.cl\/tienda\/wp-json\/wp\/v2\/media?parent=186"}],"wp:term":[{"taxonomy":"product_brand","embeddable":true,"href":"https:\/\/fullpatin.cl\/tienda\/wp-json\/wp\/v2\/product_brand?post=186"},{"taxonomy":"product_cat","embeddable":true,"href":"https:\/\/fullpatin.cl\/tienda\/wp-json\/wp\/v2\/product_cat?post=186"},{"taxonomy":"product_tag","embeddable":true,"href":"https:\/\/fullpatin.cl\/tienda\/wp-json\/wp\/v2\/product_tag?post=186"}],"curies":[{"name":"wp","href":"https:\/\/api.w.org\/{rel}","templated":true}]}}