{"id":1807,"date":"2024-06-06T22:09:26","date_gmt":"2024-06-06T22:09:26","guid":{"rendered":"https:\/\/fullpatin.cl\/tienda\/?post_type=product&#038;p=1807"},"modified":"2026-04-23T14:48:02","modified_gmt":"2026-04-23T17:48:02","slug":"stick-azemad-azex-special","status":"publish","type":"product","link":"https:\/\/fullpatin.cl\/tienda\/producto\/stick-azemad-azex-special\/","title":{"rendered":"STICK AZEMAD AZEX SPECIAL"},"content":{"rendered":"<p>La caracter\u00edstica principal de los modelos de la familia\u00a0<strong>AZEX<\/strong>\u00a0es la pala del stick. La pala de madera laminada recubierta de fibra compuesta, tiene su distintiva curvatura de 96\u00ba, que permite una mayor amplitud (en comparaci\u00f3n con los modelos de 90\u00ba), con un control de la pelota igualmente r\u00e1pido.<\/p>\n<p>El modelo Special tiene un mango fino y duro, manteniendo el equilibrio entre su geometr\u00eda delgada y su madera de alta densidad. Con una geometr\u00eda de stick m\u00e1s estrecha, proporciona un agarre m\u00e1s manejable, pero su mayor rigidez proporciona una gran sensaci\u00f3n de seguridad, y es adecuado para aquellos que buscan un compromiso entre la comodidad del agarre, la destreza t\u00e9cnica y la potencia que transmite el stick.<\/p>\n<p>El tacto confortable del\u00a0<strong>AZEX Special\u00a0<\/strong>garantiza un gran equilibrio de todas las caracter\u00edsticas del stick, entre destreza t\u00e9cnica, estabilidad, precisi\u00f3n y potencia, combinando todos estos factores con la geometr\u00eda m\u00e1s abierta de su pala, que aumenta el radio de acci\u00f3n y favorece un posicionamiento del cuerpo m\u00e1s equilibrado.<\/p>\n","protected":false},"excerpt":{"rendered":"<p>La caracter\u00edstica principal de los modelos de la familia\u00a0AZEX\u00a0es la pala del stick. La pala de madera laminada recubierta de fibra compuesta, tiene su distintiva curvatura de 96\u00ba, que permite una mayor amplitud (en comparaci\u00f3n con los modelos de 90\u00ba), con un control de la pelota igualmente r\u00e1pido. El modelo Special tiene un mango fino&#8230;<\/p>\n","protected":false},"featured_media":4302,"comment_status":"open","ping_status":"closed","template":"","meta":{"_monsterinsights_skip_tracking":false,"_monsterinsights_sitenote_active":false,"_monsterinsights_sitenote_note":"","_monsterinsights_sitenote_category":0},"product_brand":[],"product_cat":[16],"product_tag":[117],"class_list":{"0":"post-1807","1":"product","2":"type-product","3":"status-publish","4":"has-post-thumbnail","6":"product_cat-sticks-hockey-sobre-patines","7":"product_tag-azemad","9":"first","10":"instock","11":"taxable","12":"shipping-taxable","13":"purchasable","14":"product-type-simple"},"yoast_head":"<!-- This site is optimized with the Yoast SEO plugin v27.4 - https:\/\/yoast.com\/product\/yoast-seo-wordpress\/ -->\n<title>STICK AZEMAD AZEX SPECIAL - Full Pat\u00edn<\/title>\n<meta name=\"robots\" content=\"index, follow, max-snippet:-1, max-image-preview:large, max-video-preview:-1\" \/>\n<link rel=\"canonical\" href=\"https:\/\/fullpatin.cl\/tienda\/producto\/stick-azemad-azex-special\/\" \/>\n<meta property=\"og:locale\" content=\"es_ES\" \/>\n<meta property=\"og:type\" content=\"article\" \/>\n<meta property=\"og:title\" content=\"STICK AZEMAD AZEX SPECIAL - Full Pat\u00edn\" \/>\n<meta property=\"og:description\" content=\"La caracter\u00edstica principal de los modelos de la familia\u00a0AZEX\u00a0es la pala del stick. La pala de madera laminada recubierta de fibra compuesta, tiene su distintiva curvatura de 96\u00ba, que permite una mayor amplitud (en comparaci\u00f3n con los modelos de 90\u00ba), con un control de la pelota igualmente r\u00e1pido. El modelo Special tiene un mango fino...\" \/>\n<meta property=\"og:url\" content=\"https:\/\/fullpatin.cl\/tienda\/producto\/stick-azemad-azex-special\/\" \/>\n<meta property=\"og:site_name\" content=\"Full Pat\u00edn\" \/>\n<meta property=\"article:modified_time\" content=\"2026-04-23T17:48:02+00:00\" \/>\n<meta property=\"og:image\" content=\"https:\/\/fullpatin.cl\/tienda\/wp-content\/uploads\/2024\/06\/azex_special.png\" \/>\n\t<meta property=\"og:image:width\" content=\"1080\" \/>\n\t<meta property=\"og:image:height\" content=\"1080\" \/>\n\t<meta property=\"og:image:type\" content=\"image\/png\" \/>\n<meta name=\"twitter:card\" content=\"summary_large_image\" \/>\n<meta name=\"twitter:label1\" content=\"Tiempo de lectura\" \/>\n\t<meta name=\"twitter:data1\" content=\"1 minuto\" \/>\n<script type=\"application\/ld+json\" class=\"yoast-schema-graph\">{\"@context\":\"https:\\\/\\\/schema.org\",\"@graph\":[{\"@type\":\"WebPage\",\"@id\":\"https:\\\/\\\/fullpatin.cl\\\/tienda\\\/producto\\\/stick-azemad-azex-special\\\/\",\"url\":\"https:\\\/\\\/fullpatin.cl\\\/tienda\\\/producto\\\/stick-azemad-azex-special\\\/\",\"name\":\"STICK AZEMAD AZEX SPECIAL - Full Pat\u00edn\",\"isPartOf\":{\"@id\":\"https:\\\/\\\/fullpatin.cl\\\/tienda\\\/#website\"},\"primaryImageOfPage\":{\"@id\":\"https:\\\/\\\/fullpatin.cl\\\/tienda\\\/producto\\\/stick-azemad-azex-special\\\/#primaryimage\"},\"image\":{\"@id\":\"https:\\\/\\\/fullpatin.cl\\\/tienda\\\/producto\\\/stick-azemad-azex-special\\\/#primaryimage\"},\"thumbnailUrl\":\"https:\\\/\\\/fullpatin.cl\\\/tienda\\\/wp-content\\\/uploads\\\/2024\\\/06\\\/azex_special.png\",\"datePublished\":\"2024-06-06T22:09:26+00:00\",\"dateModified\":\"2026-04-23T17:48:02+00:00\",\"breadcrumb\":{\"@id\":\"https:\\\/\\\/fullpatin.cl\\\/tienda\\\/producto\\\/stick-azemad-azex-special\\\/#breadcrumb\"},\"inLanguage\":\"es\",\"potentialAction\":[{\"@type\":\"ReadAction\",\"target\":[\"https:\\\/\\\/fullpatin.cl\\\/tienda\\\/producto\\\/stick-azemad-azex-special\\\/\"]}]},{\"@type\":\"ImageObject\",\"inLanguage\":\"es\",\"@id\":\"https:\\\/\\\/fullpatin.cl\\\/tienda\\\/producto\\\/stick-azemad-azex-special\\\/#primaryimage\",\"url\":\"https:\\\/\\\/fullpatin.cl\\\/tienda\\\/wp-content\\\/uploads\\\/2024\\\/06\\\/azex_special.png\",\"contentUrl\":\"https:\\\/\\\/fullpatin.cl\\\/tienda\\\/wp-content\\\/uploads\\\/2024\\\/06\\\/azex_special.png\",\"width\":1080,\"height\":1080},{\"@type\":\"BreadcrumbList\",\"@id\":\"https:\\\/\\\/fullpatin.cl\\\/tienda\\\/producto\\\/stick-azemad-azex-special\\\/#breadcrumb\",\"itemListElement\":[{\"@type\":\"ListItem\",\"position\":1,\"name\":\"Portada\",\"item\":\"https:\\\/\\\/fullpatin.cl\\\/tienda\\\/\"},{\"@type\":\"ListItem\",\"position\":2,\"name\":\"Tienda\",\"item\":\"https:\\\/\\\/fullpatin.cl\\\/tienda\\\/tienda\\\/\"},{\"@type\":\"ListItem\",\"position\":3,\"name\":\"STICK AZEMAD AZEX SPECIAL\"}]},{\"@type\":\"WebSite\",\"@id\":\"https:\\\/\\\/fullpatin.cl\\\/tienda\\\/#website\",\"url\":\"https:\\\/\\\/fullpatin.cl\\\/tienda\\\/\",\"name\":\"FULL PAT\u00cdN\",\"description\":\"Tienda\",\"publisher\":{\"@id\":\"https:\\\/\\\/fullpatin.cl\\\/tienda\\\/#organization\"},\"potentialAction\":[{\"@type\":\"SearchAction\",\"target\":{\"@type\":\"EntryPoint\",\"urlTemplate\":\"https:\\\/\\\/fullpatin.cl\\\/tienda\\\/?s={search_term_string}\"},\"query-input\":{\"@type\":\"PropertyValueSpecification\",\"valueRequired\":true,\"valueName\":\"search_term_string\"}}],\"inLanguage\":\"es\"},{\"@type\":\"Organization\",\"@id\":\"https:\\\/\\\/fullpatin.cl\\\/tienda\\\/#organization\",\"name\":\"FULL PAT\u00cdN\",\"url\":\"https:\\\/\\\/fullpatin.cl\\\/tienda\\\/\",\"logo\":{\"@type\":\"ImageObject\",\"inLanguage\":\"es\",\"@id\":\"https:\\\/\\\/fullpatin.cl\\\/tienda\\\/#\\\/schema\\\/logo\\\/image\\\/\",\"url\":\"https:\\\/\\\/fullpatin.cl\\\/tienda\\\/wp-content\\\/uploads\\\/2023\\\/12\\\/fp.png\",\"contentUrl\":\"https:\\\/\\\/fullpatin.cl\\\/tienda\\\/wp-content\\\/uploads\\\/2023\\\/12\\\/fp.png\",\"width\":2185,\"height\":363,\"caption\":\"FULL PAT\u00cdN\"},\"image\":{\"@id\":\"https:\\\/\\\/fullpatin.cl\\\/tienda\\\/#\\\/schema\\\/logo\\\/image\\\/\"},\"sameAs\":[\"https:\\\/\\\/www.instagram.com\\\/full_patin\\\/\"]}]}<\/script>\n<!-- \/ Yoast SEO plugin. -->","yoast_head_json":{"title":"STICK AZEMAD AZEX SPECIAL - Full Pat\u00edn","robots":{"index":"index","follow":"follow","max-snippet":"max-snippet:-1","max-image-preview":"max-image-preview:large","max-video-preview":"max-video-preview:-1"},"canonical":"https:\/\/fullpatin.cl\/tienda\/producto\/stick-azemad-azex-special\/","og_locale":"es_ES","og_type":"article","og_title":"STICK AZEMAD AZEX SPECIAL - Full Pat\u00edn","og_description":"La caracter\u00edstica principal de los modelos de la familia\u00a0AZEX\u00a0es la pala del stick. La pala de madera laminada recubierta de fibra compuesta, tiene su distintiva curvatura de 96\u00ba, que permite una mayor amplitud (en comparaci\u00f3n con los modelos de 90\u00ba), con un control de la pelota igualmente r\u00e1pido. El modelo Special tiene un mango fino...","og_url":"https:\/\/fullpatin.cl\/tienda\/producto\/stick-azemad-azex-special\/","og_site_name":"Full Pat\u00edn","article_modified_time":"2026-04-23T17:48:02+00:00","og_image":[{"width":1080,"height":1080,"url":"https:\/\/fullpatin.cl\/tienda\/wp-content\/uploads\/2024\/06\/azex_special.png","type":"image\/png"}],"twitter_card":"summary_large_image","twitter_misc":{"Tiempo de lectura":"1 minuto"},"schema":{"@context":"https:\/\/schema.org","@graph":[{"@type":"WebPage","@id":"https:\/\/fullpatin.cl\/tienda\/producto\/stick-azemad-azex-special\/","url":"https:\/\/fullpatin.cl\/tienda\/producto\/stick-azemad-azex-special\/","name":"STICK AZEMAD AZEX SPECIAL - Full Pat\u00edn","isPartOf":{"@id":"https:\/\/fullpatin.cl\/tienda\/#website"},"primaryImageOfPage":{"@id":"https:\/\/fullpatin.cl\/tienda\/producto\/stick-azemad-azex-special\/#primaryimage"},"image":{"@id":"https:\/\/fullpatin.cl\/tienda\/producto\/stick-azemad-azex-special\/#primaryimage"},"thumbnailUrl":"https:\/\/fullpatin.cl\/tienda\/wp-content\/uploads\/2024\/06\/azex_special.png","datePublished":"2024-06-06T22:09:26+00:00","dateModified":"2026-04-23T17:48:02+00:00","breadcrumb":{"@id":"https:\/\/fullpatin.cl\/tienda\/producto\/stick-azemad-azex-special\/#breadcrumb"},"inLanguage":"es","potentialAction":[{"@type":"ReadAction","target":["https:\/\/fullpatin.cl\/tienda\/producto\/stick-azemad-azex-special\/"]}]},{"@type":"ImageObject","inLanguage":"es","@id":"https:\/\/fullpatin.cl\/tienda\/producto\/stick-azemad-azex-special\/#primaryimage","url":"https:\/\/fullpatin.cl\/tienda\/wp-content\/uploads\/2024\/06\/azex_special.png","contentUrl":"https:\/\/fullpatin.cl\/tienda\/wp-content\/uploads\/2024\/06\/azex_special.png","width":1080,"height":1080},{"@type":"BreadcrumbList","@id":"https:\/\/fullpatin.cl\/tienda\/producto\/stick-azemad-azex-special\/#breadcrumb","itemListElement":[{"@type":"ListItem","position":1,"name":"Portada","item":"https:\/\/fullpatin.cl\/tienda\/"},{"@type":"ListItem","position":2,"name":"Tienda","item":"https:\/\/fullpatin.cl\/tienda\/tienda\/"},{"@type":"ListItem","position":3,"name":"STICK AZEMAD AZEX SPECIAL"}]},{"@type":"WebSite","@id":"https:\/\/fullpatin.cl\/tienda\/#website","url":"https:\/\/fullpatin.cl\/tienda\/","name":"FULL PAT\u00cdN","description":"Tienda","publisher":{"@id":"https:\/\/fullpatin.cl\/tienda\/#organization"},"potentialAction":[{"@type":"SearchAction","target":{"@type":"EntryPoint","urlTemplate":"https:\/\/fullpatin.cl\/tienda\/?s={search_term_string}"},"query-input":{"@type":"PropertyValueSpecification","valueRequired":true,"valueName":"search_term_string"}}],"inLanguage":"es"},{"@type":"Organization","@id":"https:\/\/fullpatin.cl\/tienda\/#organization","name":"FULL PAT\u00cdN","url":"https:\/\/fullpatin.cl\/tienda\/","logo":{"@type":"ImageObject","inLanguage":"es","@id":"https:\/\/fullpatin.cl\/tienda\/#\/schema\/logo\/image\/","url":"https:\/\/fullpatin.cl\/tienda\/wp-content\/uploads\/2023\/12\/fp.png","contentUrl":"https:\/\/fullpatin.cl\/tienda\/wp-content\/uploads\/2023\/12\/fp.png","width":2185,"height":363,"caption":"FULL PAT\u00cdN"},"image":{"@id":"https:\/\/fullpatin.cl\/tienda\/#\/schema\/logo\/image\/"},"sameAs":["https:\/\/www.instagram.com\/full_patin\/"]}]}},"_links":{"self":[{"href":"https:\/\/fullpatin.cl\/tienda\/wp-json\/wp\/v2\/product\/1807","targetHints":{"allow":["GET"]}}],"collection":[{"href":"https:\/\/fullpatin.cl\/tienda\/wp-json\/wp\/v2\/product"}],"about":[{"href":"https:\/\/fullpatin.cl\/tienda\/wp-json\/wp\/v2\/types\/product"}],"replies":[{"embeddable":true,"href":"https:\/\/fullpatin.cl\/tienda\/wp-json\/wp\/v2\/comments?post=1807"}],"wp:featuredmedia":[{"embeddable":true,"href":"https:\/\/fullpatin.cl\/tienda\/wp-json\/wp\/v2\/media\/4302"}],"wp:attachment":[{"href":"https:\/\/fullpatin.cl\/tienda\/wp-json\/wp\/v2\/media?parent=1807"}],"wp:term":[{"taxonomy":"product_brand","embeddable":true,"href":"https:\/\/fullpatin.cl\/tienda\/wp-json\/wp\/v2\/product_brand?post=1807"},{"taxonomy":"product_cat","embeddable":true,"href":"https:\/\/fullpatin.cl\/tienda\/wp-json\/wp\/v2\/product_cat?post=1807"},{"taxonomy":"product_tag","embeddable":true,"href":"https:\/\/fullpatin.cl\/tienda\/wp-json\/wp\/v2\/product_tag?post=1807"}],"curies":[{"name":"wp","href":"https:\/\/api.w.org\/{rel}","templated":true}]}}