{"id":1342,"date":"2023-12-19T08:08:59","date_gmt":"2023-12-19T08:08:59","guid":{"rendered":"https:\/\/fullpatin.cl\/tienda\/?post_type=product&#038;p=1342"},"modified":"2026-03-27T15:35:02","modified_gmt":"2026-03-27T18:35:02","slug":"pelota-oficial-azemad","status":"publish","type":"product","link":"https:\/\/fullpatin.cl\/tienda\/producto\/pelota-oficial-azemad\/","title":{"rendered":"PELOTA OFICIAL AZEMAD"},"content":{"rendered":"<p>La <strong>Pelota oficial AZEMAD<\/strong> ha sido desarrollada y adaptada para aportar a\u00fan m\u00e1s dinamismo y espectacularidad al juego del hockey sobre patines. Esta pelota pretende encontrar el equilibrio perfecto para adaptarse a diferentes superficies y temperaturas, sin perder nunca la calidad, manteniendo siempre la velocidad, el rebote y el contacto con el Stick dentro de los est\u00e1ndares requeridos.<\/p>\n<p>Las caracter\u00edsticas de esta pelota han sido cuidadosamente elegidas para elevar el juego, respetando siempre el reglamento oficial. Considerado un\u00e1nimemente como una pelota de calidad superior, este pelota fue el Pelota Oficial en varias competiciones de \u00e9lite, como los World Roller Games 2019 o la Liga Europea 2021, donde recibi\u00f3 multitud de elogios por parte de todos los implicados, desde jugadores, entrenadores y la propia organizaci\u00f3n de los torneos.<\/p>\n<p>Manteniendo el tradicional color negro y el habitual di\u00e1metro de 72 mm, la principal caracter\u00edstica innovadora de esta pelota se encuentra en el interior de su n\u00facleo, lo que la hace \u00fanica y exclusiva en el mercado de las pelotas de hockey sobre patines.<\/p>\n","protected":false},"excerpt":{"rendered":"<p>La Pelota oficial AZEMAD ha sido desarrollada y adaptada para aportar a\u00fan m\u00e1s dinamismo y espectacularidad al juego del hockey sobre patines. Esta pelota pretende encontrar el equilibrio perfecto para adaptarse a diferentes superficies y temperaturas, sin perder nunca la calidad, manteniendo siempre la velocidad, el rebote y el contacto con el Stick dentro de&#8230;<\/p>\n","protected":false},"featured_media":1343,"comment_status":"open","ping_status":"closed","template":"","meta":{"_monsterinsights_skip_tracking":false,"_monsterinsights_sitenote_active":false,"_monsterinsights_sitenote_note":"","_monsterinsights_sitenote_category":0},"product_brand":[],"product_cat":[67],"product_tag":[117],"class_list":{"0":"post-1342","1":"product","2":"type-product","3":"status-publish","4":"has-post-thumbnail","6":"product_cat-bochas","7":"product_tag-azemad","9":"first","10":"outofstock","11":"taxable","12":"shipping-taxable","13":"purchasable","14":"product-type-simple"},"yoast_head":"<!-- This site is optimized with the Yoast SEO plugin v27.4 - https:\/\/yoast.com\/product\/yoast-seo-wordpress\/ -->\n<title>PELOTA OFICIAL AZEMAD - Full Pat\u00edn<\/title>\n<meta name=\"robots\" content=\"index, follow, max-snippet:-1, max-image-preview:large, max-video-preview:-1\" \/>\n<link rel=\"canonical\" href=\"https:\/\/fullpatin.cl\/tienda\/producto\/pelota-oficial-azemad\/\" \/>\n<meta property=\"og:locale\" content=\"es_ES\" \/>\n<meta property=\"og:type\" content=\"article\" \/>\n<meta property=\"og:title\" content=\"PELOTA OFICIAL AZEMAD - Full Pat\u00edn\" \/>\n<meta property=\"og:description\" content=\"La Pelota oficial AZEMAD ha sido desarrollada y adaptada para aportar a\u00fan m\u00e1s dinamismo y espectacularidad al juego del hockey sobre patines. Esta pelota pretende encontrar el equilibrio perfecto para adaptarse a diferentes superficies y temperaturas, sin perder nunca la calidad, manteniendo siempre la velocidad, el rebote y el contacto con el Stick dentro de...\" \/>\n<meta property=\"og:url\" content=\"https:\/\/fullpatin.cl\/tienda\/producto\/pelota-oficial-azemad\/\" \/>\n<meta property=\"og:site_name\" content=\"Full Pat\u00edn\" \/>\n<meta property=\"article:modified_time\" content=\"2026-03-27T18:35:02+00:00\" \/>\n<meta property=\"og:image\" content=\"https:\/\/fullpatin.cl\/tienda\/wp-content\/uploads\/2023\/12\/5f16a1e1219fb8e6d5822601_Azemad_OficialBall.png\" \/>\n\t<meta property=\"og:image:width\" content=\"1080\" \/>\n\t<meta property=\"og:image:height\" content=\"1080\" \/>\n\t<meta property=\"og:image:type\" content=\"image\/png\" \/>\n<meta name=\"twitter:card\" content=\"summary_large_image\" \/>\n<meta name=\"twitter:label1\" content=\"Tiempo de lectura\" \/>\n\t<meta name=\"twitter:data1\" content=\"1 minuto\" \/>\n<script type=\"application\/ld+json\" class=\"yoast-schema-graph\">{\"@context\":\"https:\\\/\\\/schema.org\",\"@graph\":[{\"@type\":\"WebPage\",\"@id\":\"https:\\\/\\\/fullpatin.cl\\\/tienda\\\/producto\\\/pelota-oficial-azemad\\\/\",\"url\":\"https:\\\/\\\/fullpatin.cl\\\/tienda\\\/producto\\\/pelota-oficial-azemad\\\/\",\"name\":\"PELOTA OFICIAL AZEMAD - Full Pat\u00edn\",\"isPartOf\":{\"@id\":\"https:\\\/\\\/fullpatin.cl\\\/tienda\\\/#website\"},\"primaryImageOfPage\":{\"@id\":\"https:\\\/\\\/fullpatin.cl\\\/tienda\\\/producto\\\/pelota-oficial-azemad\\\/#primaryimage\"},\"image\":{\"@id\":\"https:\\\/\\\/fullpatin.cl\\\/tienda\\\/producto\\\/pelota-oficial-azemad\\\/#primaryimage\"},\"thumbnailUrl\":\"https:\\\/\\\/fullpatin.cl\\\/tienda\\\/wp-content\\\/uploads\\\/2023\\\/12\\\/5f16a1e1219fb8e6d5822601_Azemad_OficialBall.png\",\"datePublished\":\"2023-12-19T08:08:59+00:00\",\"dateModified\":\"2026-03-27T18:35:02+00:00\",\"breadcrumb\":{\"@id\":\"https:\\\/\\\/fullpatin.cl\\\/tienda\\\/producto\\\/pelota-oficial-azemad\\\/#breadcrumb\"},\"inLanguage\":\"es\",\"potentialAction\":[{\"@type\":\"ReadAction\",\"target\":[\"https:\\\/\\\/fullpatin.cl\\\/tienda\\\/producto\\\/pelota-oficial-azemad\\\/\"]}]},{\"@type\":\"ImageObject\",\"inLanguage\":\"es\",\"@id\":\"https:\\\/\\\/fullpatin.cl\\\/tienda\\\/producto\\\/pelota-oficial-azemad\\\/#primaryimage\",\"url\":\"https:\\\/\\\/fullpatin.cl\\\/tienda\\\/wp-content\\\/uploads\\\/2023\\\/12\\\/5f16a1e1219fb8e6d5822601_Azemad_OficialBall.png\",\"contentUrl\":\"https:\\\/\\\/fullpatin.cl\\\/tienda\\\/wp-content\\\/uploads\\\/2023\\\/12\\\/5f16a1e1219fb8e6d5822601_Azemad_OficialBall.png\",\"width\":1080,\"height\":1080},{\"@type\":\"BreadcrumbList\",\"@id\":\"https:\\\/\\\/fullpatin.cl\\\/tienda\\\/producto\\\/pelota-oficial-azemad\\\/#breadcrumb\",\"itemListElement\":[{\"@type\":\"ListItem\",\"position\":1,\"name\":\"Portada\",\"item\":\"https:\\\/\\\/fullpatin.cl\\\/tienda\\\/\"},{\"@type\":\"ListItem\",\"position\":2,\"name\":\"Tienda\",\"item\":\"https:\\\/\\\/fullpatin.cl\\\/tienda\\\/tienda\\\/\"},{\"@type\":\"ListItem\",\"position\":3,\"name\":\"PELOTA OFICIAL AZEMAD\"}]},{\"@type\":\"WebSite\",\"@id\":\"https:\\\/\\\/fullpatin.cl\\\/tienda\\\/#website\",\"url\":\"https:\\\/\\\/fullpatin.cl\\\/tienda\\\/\",\"name\":\"FULL PAT\u00cdN\",\"description\":\"Tienda\",\"publisher\":{\"@id\":\"https:\\\/\\\/fullpatin.cl\\\/tienda\\\/#organization\"},\"potentialAction\":[{\"@type\":\"SearchAction\",\"target\":{\"@type\":\"EntryPoint\",\"urlTemplate\":\"https:\\\/\\\/fullpatin.cl\\\/tienda\\\/?s={search_term_string}\"},\"query-input\":{\"@type\":\"PropertyValueSpecification\",\"valueRequired\":true,\"valueName\":\"search_term_string\"}}],\"inLanguage\":\"es\"},{\"@type\":\"Organization\",\"@id\":\"https:\\\/\\\/fullpatin.cl\\\/tienda\\\/#organization\",\"name\":\"FULL PAT\u00cdN\",\"url\":\"https:\\\/\\\/fullpatin.cl\\\/tienda\\\/\",\"logo\":{\"@type\":\"ImageObject\",\"inLanguage\":\"es\",\"@id\":\"https:\\\/\\\/fullpatin.cl\\\/tienda\\\/#\\\/schema\\\/logo\\\/image\\\/\",\"url\":\"https:\\\/\\\/fullpatin.cl\\\/tienda\\\/wp-content\\\/uploads\\\/2023\\\/12\\\/fp.png\",\"contentUrl\":\"https:\\\/\\\/fullpatin.cl\\\/tienda\\\/wp-content\\\/uploads\\\/2023\\\/12\\\/fp.png\",\"width\":2185,\"height\":363,\"caption\":\"FULL PAT\u00cdN\"},\"image\":{\"@id\":\"https:\\\/\\\/fullpatin.cl\\\/tienda\\\/#\\\/schema\\\/logo\\\/image\\\/\"},\"sameAs\":[\"https:\\\/\\\/www.instagram.com\\\/full_patin\\\/\"]}]}<\/script>\n<!-- \/ Yoast SEO plugin. -->","yoast_head_json":{"title":"PELOTA OFICIAL AZEMAD - Full Pat\u00edn","robots":{"index":"index","follow":"follow","max-snippet":"max-snippet:-1","max-image-preview":"max-image-preview:large","max-video-preview":"max-video-preview:-1"},"canonical":"https:\/\/fullpatin.cl\/tienda\/producto\/pelota-oficial-azemad\/","og_locale":"es_ES","og_type":"article","og_title":"PELOTA OFICIAL AZEMAD - Full Pat\u00edn","og_description":"La Pelota oficial AZEMAD ha sido desarrollada y adaptada para aportar a\u00fan m\u00e1s dinamismo y espectacularidad al juego del hockey sobre patines. Esta pelota pretende encontrar el equilibrio perfecto para adaptarse a diferentes superficies y temperaturas, sin perder nunca la calidad, manteniendo siempre la velocidad, el rebote y el contacto con el Stick dentro de...","og_url":"https:\/\/fullpatin.cl\/tienda\/producto\/pelota-oficial-azemad\/","og_site_name":"Full Pat\u00edn","article_modified_time":"2026-03-27T18:35:02+00:00","og_image":[{"width":1080,"height":1080,"url":"https:\/\/fullpatin.cl\/tienda\/wp-content\/uploads\/2023\/12\/5f16a1e1219fb8e6d5822601_Azemad_OficialBall.png","type":"image\/png"}],"twitter_card":"summary_large_image","twitter_misc":{"Tiempo de lectura":"1 minuto"},"schema":{"@context":"https:\/\/schema.org","@graph":[{"@type":"WebPage","@id":"https:\/\/fullpatin.cl\/tienda\/producto\/pelota-oficial-azemad\/","url":"https:\/\/fullpatin.cl\/tienda\/producto\/pelota-oficial-azemad\/","name":"PELOTA OFICIAL AZEMAD - Full Pat\u00edn","isPartOf":{"@id":"https:\/\/fullpatin.cl\/tienda\/#website"},"primaryImageOfPage":{"@id":"https:\/\/fullpatin.cl\/tienda\/producto\/pelota-oficial-azemad\/#primaryimage"},"image":{"@id":"https:\/\/fullpatin.cl\/tienda\/producto\/pelota-oficial-azemad\/#primaryimage"},"thumbnailUrl":"https:\/\/fullpatin.cl\/tienda\/wp-content\/uploads\/2023\/12\/5f16a1e1219fb8e6d5822601_Azemad_OficialBall.png","datePublished":"2023-12-19T08:08:59+00:00","dateModified":"2026-03-27T18:35:02+00:00","breadcrumb":{"@id":"https:\/\/fullpatin.cl\/tienda\/producto\/pelota-oficial-azemad\/#breadcrumb"},"inLanguage":"es","potentialAction":[{"@type":"ReadAction","target":["https:\/\/fullpatin.cl\/tienda\/producto\/pelota-oficial-azemad\/"]}]},{"@type":"ImageObject","inLanguage":"es","@id":"https:\/\/fullpatin.cl\/tienda\/producto\/pelota-oficial-azemad\/#primaryimage","url":"https:\/\/fullpatin.cl\/tienda\/wp-content\/uploads\/2023\/12\/5f16a1e1219fb8e6d5822601_Azemad_OficialBall.png","contentUrl":"https:\/\/fullpatin.cl\/tienda\/wp-content\/uploads\/2023\/12\/5f16a1e1219fb8e6d5822601_Azemad_OficialBall.png","width":1080,"height":1080},{"@type":"BreadcrumbList","@id":"https:\/\/fullpatin.cl\/tienda\/producto\/pelota-oficial-azemad\/#breadcrumb","itemListElement":[{"@type":"ListItem","position":1,"name":"Portada","item":"https:\/\/fullpatin.cl\/tienda\/"},{"@type":"ListItem","position":2,"name":"Tienda","item":"https:\/\/fullpatin.cl\/tienda\/tienda\/"},{"@type":"ListItem","position":3,"name":"PELOTA OFICIAL AZEMAD"}]},{"@type":"WebSite","@id":"https:\/\/fullpatin.cl\/tienda\/#website","url":"https:\/\/fullpatin.cl\/tienda\/","name":"FULL PAT\u00cdN","description":"Tienda","publisher":{"@id":"https:\/\/fullpatin.cl\/tienda\/#organization"},"potentialAction":[{"@type":"SearchAction","target":{"@type":"EntryPoint","urlTemplate":"https:\/\/fullpatin.cl\/tienda\/?s={search_term_string}"},"query-input":{"@type":"PropertyValueSpecification","valueRequired":true,"valueName":"search_term_string"}}],"inLanguage":"es"},{"@type":"Organization","@id":"https:\/\/fullpatin.cl\/tienda\/#organization","name":"FULL PAT\u00cdN","url":"https:\/\/fullpatin.cl\/tienda\/","logo":{"@type":"ImageObject","inLanguage":"es","@id":"https:\/\/fullpatin.cl\/tienda\/#\/schema\/logo\/image\/","url":"https:\/\/fullpatin.cl\/tienda\/wp-content\/uploads\/2023\/12\/fp.png","contentUrl":"https:\/\/fullpatin.cl\/tienda\/wp-content\/uploads\/2023\/12\/fp.png","width":2185,"height":363,"caption":"FULL PAT\u00cdN"},"image":{"@id":"https:\/\/fullpatin.cl\/tienda\/#\/schema\/logo\/image\/"},"sameAs":["https:\/\/www.instagram.com\/full_patin\/"]}]}},"_links":{"self":[{"href":"https:\/\/fullpatin.cl\/tienda\/wp-json\/wp\/v2\/product\/1342","targetHints":{"allow":["GET"]}}],"collection":[{"href":"https:\/\/fullpatin.cl\/tienda\/wp-json\/wp\/v2\/product"}],"about":[{"href":"https:\/\/fullpatin.cl\/tienda\/wp-json\/wp\/v2\/types\/product"}],"replies":[{"embeddable":true,"href":"https:\/\/fullpatin.cl\/tienda\/wp-json\/wp\/v2\/comments?post=1342"}],"wp:featuredmedia":[{"embeddable":true,"href":"https:\/\/fullpatin.cl\/tienda\/wp-json\/wp\/v2\/media\/1343"}],"wp:attachment":[{"href":"https:\/\/fullpatin.cl\/tienda\/wp-json\/wp\/v2\/media?parent=1342"}],"wp:term":[{"taxonomy":"product_brand","embeddable":true,"href":"https:\/\/fullpatin.cl\/tienda\/wp-json\/wp\/v2\/product_brand?post=1342"},{"taxonomy":"product_cat","embeddable":true,"href":"https:\/\/fullpatin.cl\/tienda\/wp-json\/wp\/v2\/product_cat?post=1342"},{"taxonomy":"product_tag","embeddable":true,"href":"https:\/\/fullpatin.cl\/tienda\/wp-json\/wp\/v2\/product_tag?post=1342"}],"curies":[{"name":"wp","href":"https:\/\/api.w.org\/{rel}","templated":true}]}}