{"id":1282,"date":"2023-12-19T07:11:03","date_gmt":"2023-12-19T07:11:03","guid":{"rendered":"https:\/\/fullpatin.cl\/tienda\/?post_type=product&#038;p=1282"},"modified":"2026-02-03T15:21:12","modified_gmt":"2026-02-03T18:21:12","slug":"bota-reno-oddity-blanco-azul","status":"publish","type":"product","link":"https:\/\/fullpatin.cl\/tienda\/producto\/bota-reno-oddity-blanco-azul\/","title":{"rendered":"BOTA RENO ODDITY BLANCO\/AZUL"},"content":{"rendered":"<p class=\"mb-6\">Dise\u00f1ada para jugadores que buscan libertad de movimiento, velocidad y precisi\u00f3n en la pista. La <em class=\"italic\">Oddity<\/em> redefine la comodidad con un dise\u00f1o ultraligero, materiales premium y una est\u00e9tica impecable.<\/p>\n<p class=\"mb-6\">\u2699\ufe0f Prestaciones t\u00e9cnicas:<\/p>\n<ul class=\"list-disc pl-6 mb-6\">\n<li><strong class=\"font-semibold\">Piel premium<\/strong>: ajuste perfecto, sujeci\u00f3n c\u00f3moda y durabilidad superior.<\/li>\n<li><strong class=\"font-semibold\">Forro antisudor<\/strong>: frescura garantizada incluso en los partidos m\u00e1s intensos.<\/li>\n<li><strong class=\"font-semibold\">Suela delgada de fibra<\/strong>: m\u00e1s baja en el tal\u00f3n para una pisada \u00e1gil, mayor movilidad y control sobre los patines.<\/li>\n<li><strong class=\"font-semibold\">Dise\u00f1o ultraligero<\/strong>: favorece el equilibrio y la velocidad en cada movimiento.<\/li>\n<\/ul>\n<p class=\"mb-6\">\u26a0\ufe0f Nota sobre fabricaci\u00f3n<\/p>\n<p class=\"mb-6\">Para garantizar el mejor rendimiento t\u00e9cnico, <strong class=\"font-semibold\">la empresa se reserva el derecho de modificar el dise\u00f1o de las leng\u00fcetas seg\u00fan necesidades de producci\u00f3n<\/strong>, sin que ello afecte la calidad ni las prestaciones del producto.<\/p>\n","protected":false},"excerpt":{"rendered":"<p>Dise\u00f1ada para jugadores que buscan libertad de movimiento, velocidad y precisi\u00f3n en la pista. La Oddity redefine la comodidad con un dise\u00f1o ultraligero, materiales premium y una est\u00e9tica impecable. \u2699\ufe0f Prestaciones t\u00e9cnicas: Piel premium: ajuste perfecto, sujeci\u00f3n c\u00f3moda y durabilidad superior. Forro antisudor: frescura garantizada incluso en los partidos m\u00e1s intensos. Suela delgada de fibra:&#8230;<\/p>\n","protected":false},"featured_media":1283,"comment_status":"open","ping_status":"closed","template":"","meta":{"_monsterinsights_skip_tracking":false,"_monsterinsights_sitenote_active":false,"_monsterinsights_sitenote_note":"","_monsterinsights_sitenote_category":0},"product_brand":[],"product_cat":[17],"product_tag":[118],"class_list":{"0":"post-1282","1":"product","2":"type-product","3":"status-publish","4":"has-post-thumbnail","6":"product_cat-botas-hockey","7":"product_tag-reno","8":"pa_tallas-95","9":"pa_tallas-96","10":"pa_tallas-97","11":"pa_tallas-98","13":"first","14":"instock","15":"taxable","16":"shipping-taxable","17":"purchasable","18":"product-type-variable"},"yoast_head":"<!-- This site is optimized with the Yoast SEO plugin v27.4 - https:\/\/yoast.com\/product\/yoast-seo-wordpress\/ -->\n<title>BOTA RENO ODDITY BLANCO\/AZUL - Full Pat\u00edn<\/title>\n<meta name=\"robots\" content=\"index, follow, max-snippet:-1, max-image-preview:large, max-video-preview:-1\" \/>\n<link rel=\"canonical\" href=\"https:\/\/fullpatin.cl\/tienda\/producto\/bota-reno-oddity-blanco-azul\/\" \/>\n<meta property=\"og:locale\" content=\"es_ES\" \/>\n<meta property=\"og:type\" content=\"article\" \/>\n<meta property=\"og:title\" content=\"BOTA RENO ODDITY BLANCO\/AZUL - Full Pat\u00edn\" \/>\n<meta property=\"og:description\" content=\"Dise\u00f1ada para jugadores que buscan libertad de movimiento, velocidad y precisi\u00f3n en la pista. La Oddity redefine la comodidad con un dise\u00f1o ultraligero, materiales premium y una est\u00e9tica impecable. \u2699\ufe0f Prestaciones t\u00e9cnicas: Piel premium: ajuste perfecto, sujeci\u00f3n c\u00f3moda y durabilidad superior. Forro antisudor: frescura garantizada incluso en los partidos m\u00e1s intensos. Suela delgada de fibra:...\" \/>\n<meta property=\"og:url\" content=\"https:\/\/fullpatin.cl\/tienda\/producto\/bota-reno-oddity-blanco-azul\/\" \/>\n<meta property=\"og:site_name\" content=\"Full Pat\u00edn\" \/>\n<meta property=\"article:modified_time\" content=\"2026-02-03T18:21:12+00:00\" \/>\n<meta property=\"og:image\" content=\"https:\/\/fullpatin.cl\/tienda\/wp-content\/uploads\/2023\/12\/oddity.png\" \/>\n\t<meta property=\"og:image:width\" content=\"600\" \/>\n\t<meta property=\"og:image:height\" content=\"600\" \/>\n\t<meta property=\"og:image:type\" content=\"image\/png\" \/>\n<meta name=\"twitter:card\" content=\"summary_large_image\" \/>\n<meta name=\"twitter:label1\" content=\"Tiempo de lectura\" \/>\n\t<meta name=\"twitter:data1\" content=\"1 minuto\" \/>\n<script type=\"application\/ld+json\" class=\"yoast-schema-graph\">{\"@context\":\"https:\\\/\\\/schema.org\",\"@graph\":[{\"@type\":\"WebPage\",\"@id\":\"https:\\\/\\\/fullpatin.cl\\\/tienda\\\/producto\\\/bota-reno-oddity-blanco-azul\\\/\",\"url\":\"https:\\\/\\\/fullpatin.cl\\\/tienda\\\/producto\\\/bota-reno-oddity-blanco-azul\\\/\",\"name\":\"BOTA RENO ODDITY BLANCO\\\/AZUL - Full Pat\u00edn\",\"isPartOf\":{\"@id\":\"https:\\\/\\\/fullpatin.cl\\\/tienda\\\/#website\"},\"primaryImageOfPage\":{\"@id\":\"https:\\\/\\\/fullpatin.cl\\\/tienda\\\/producto\\\/bota-reno-oddity-blanco-azul\\\/#primaryimage\"},\"image\":{\"@id\":\"https:\\\/\\\/fullpatin.cl\\\/tienda\\\/producto\\\/bota-reno-oddity-blanco-azul\\\/#primaryimage\"},\"thumbnailUrl\":\"https:\\\/\\\/fullpatin.cl\\\/tienda\\\/wp-content\\\/uploads\\\/2023\\\/12\\\/oddity.png\",\"datePublished\":\"2023-12-19T07:11:03+00:00\",\"dateModified\":\"2026-02-03T18:21:12+00:00\",\"breadcrumb\":{\"@id\":\"https:\\\/\\\/fullpatin.cl\\\/tienda\\\/producto\\\/bota-reno-oddity-blanco-azul\\\/#breadcrumb\"},\"inLanguage\":\"es\",\"potentialAction\":[{\"@type\":\"ReadAction\",\"target\":[\"https:\\\/\\\/fullpatin.cl\\\/tienda\\\/producto\\\/bota-reno-oddity-blanco-azul\\\/\"]}]},{\"@type\":\"ImageObject\",\"inLanguage\":\"es\",\"@id\":\"https:\\\/\\\/fullpatin.cl\\\/tienda\\\/producto\\\/bota-reno-oddity-blanco-azul\\\/#primaryimage\",\"url\":\"https:\\\/\\\/fullpatin.cl\\\/tienda\\\/wp-content\\\/uploads\\\/2023\\\/12\\\/oddity.png\",\"contentUrl\":\"https:\\\/\\\/fullpatin.cl\\\/tienda\\\/wp-content\\\/uploads\\\/2023\\\/12\\\/oddity.png\",\"width\":600,\"height\":600},{\"@type\":\"BreadcrumbList\",\"@id\":\"https:\\\/\\\/fullpatin.cl\\\/tienda\\\/producto\\\/bota-reno-oddity-blanco-azul\\\/#breadcrumb\",\"itemListElement\":[{\"@type\":\"ListItem\",\"position\":1,\"name\":\"Portada\",\"item\":\"https:\\\/\\\/fullpatin.cl\\\/tienda\\\/\"},{\"@type\":\"ListItem\",\"position\":2,\"name\":\"Tienda\",\"item\":\"https:\\\/\\\/fullpatin.cl\\\/tienda\\\/tienda\\\/\"},{\"@type\":\"ListItem\",\"position\":3,\"name\":\"BOTA RENO ODDITY BLANCO\\\/AZUL\"}]},{\"@type\":\"WebSite\",\"@id\":\"https:\\\/\\\/fullpatin.cl\\\/tienda\\\/#website\",\"url\":\"https:\\\/\\\/fullpatin.cl\\\/tienda\\\/\",\"name\":\"FULL PAT\u00cdN\",\"description\":\"Tienda\",\"publisher\":{\"@id\":\"https:\\\/\\\/fullpatin.cl\\\/tienda\\\/#organization\"},\"potentialAction\":[{\"@type\":\"SearchAction\",\"target\":{\"@type\":\"EntryPoint\",\"urlTemplate\":\"https:\\\/\\\/fullpatin.cl\\\/tienda\\\/?s={search_term_string}\"},\"query-input\":{\"@type\":\"PropertyValueSpecification\",\"valueRequired\":true,\"valueName\":\"search_term_string\"}}],\"inLanguage\":\"es\"},{\"@type\":\"Organization\",\"@id\":\"https:\\\/\\\/fullpatin.cl\\\/tienda\\\/#organization\",\"name\":\"FULL PAT\u00cdN\",\"url\":\"https:\\\/\\\/fullpatin.cl\\\/tienda\\\/\",\"logo\":{\"@type\":\"ImageObject\",\"inLanguage\":\"es\",\"@id\":\"https:\\\/\\\/fullpatin.cl\\\/tienda\\\/#\\\/schema\\\/logo\\\/image\\\/\",\"url\":\"https:\\\/\\\/fullpatin.cl\\\/tienda\\\/wp-content\\\/uploads\\\/2023\\\/12\\\/fp.png\",\"contentUrl\":\"https:\\\/\\\/fullpatin.cl\\\/tienda\\\/wp-content\\\/uploads\\\/2023\\\/12\\\/fp.png\",\"width\":2185,\"height\":363,\"caption\":\"FULL PAT\u00cdN\"},\"image\":{\"@id\":\"https:\\\/\\\/fullpatin.cl\\\/tienda\\\/#\\\/schema\\\/logo\\\/image\\\/\"},\"sameAs\":[\"https:\\\/\\\/www.instagram.com\\\/full_patin\\\/\"]}]}<\/script>\n<!-- \/ Yoast SEO plugin. -->","yoast_head_json":{"title":"BOTA RENO ODDITY BLANCO\/AZUL - Full Pat\u00edn","robots":{"index":"index","follow":"follow","max-snippet":"max-snippet:-1","max-image-preview":"max-image-preview:large","max-video-preview":"max-video-preview:-1"},"canonical":"https:\/\/fullpatin.cl\/tienda\/producto\/bota-reno-oddity-blanco-azul\/","og_locale":"es_ES","og_type":"article","og_title":"BOTA RENO ODDITY BLANCO\/AZUL - Full Pat\u00edn","og_description":"Dise\u00f1ada para jugadores que buscan libertad de movimiento, velocidad y precisi\u00f3n en la pista. La Oddity redefine la comodidad con un dise\u00f1o ultraligero, materiales premium y una est\u00e9tica impecable. \u2699\ufe0f Prestaciones t\u00e9cnicas: Piel premium: ajuste perfecto, sujeci\u00f3n c\u00f3moda y durabilidad superior. Forro antisudor: frescura garantizada incluso en los partidos m\u00e1s intensos. Suela delgada de fibra:...","og_url":"https:\/\/fullpatin.cl\/tienda\/producto\/bota-reno-oddity-blanco-azul\/","og_site_name":"Full Pat\u00edn","article_modified_time":"2026-02-03T18:21:12+00:00","og_image":[{"width":600,"height":600,"url":"https:\/\/fullpatin.cl\/tienda\/wp-content\/uploads\/2023\/12\/oddity.png","type":"image\/png"}],"twitter_card":"summary_large_image","twitter_misc":{"Tiempo de lectura":"1 minuto"},"schema":{"@context":"https:\/\/schema.org","@graph":[{"@type":"WebPage","@id":"https:\/\/fullpatin.cl\/tienda\/producto\/bota-reno-oddity-blanco-azul\/","url":"https:\/\/fullpatin.cl\/tienda\/producto\/bota-reno-oddity-blanco-azul\/","name":"BOTA RENO ODDITY BLANCO\/AZUL - Full Pat\u00edn","isPartOf":{"@id":"https:\/\/fullpatin.cl\/tienda\/#website"},"primaryImageOfPage":{"@id":"https:\/\/fullpatin.cl\/tienda\/producto\/bota-reno-oddity-blanco-azul\/#primaryimage"},"image":{"@id":"https:\/\/fullpatin.cl\/tienda\/producto\/bota-reno-oddity-blanco-azul\/#primaryimage"},"thumbnailUrl":"https:\/\/fullpatin.cl\/tienda\/wp-content\/uploads\/2023\/12\/oddity.png","datePublished":"2023-12-19T07:11:03+00:00","dateModified":"2026-02-03T18:21:12+00:00","breadcrumb":{"@id":"https:\/\/fullpatin.cl\/tienda\/producto\/bota-reno-oddity-blanco-azul\/#breadcrumb"},"inLanguage":"es","potentialAction":[{"@type":"ReadAction","target":["https:\/\/fullpatin.cl\/tienda\/producto\/bota-reno-oddity-blanco-azul\/"]}]},{"@type":"ImageObject","inLanguage":"es","@id":"https:\/\/fullpatin.cl\/tienda\/producto\/bota-reno-oddity-blanco-azul\/#primaryimage","url":"https:\/\/fullpatin.cl\/tienda\/wp-content\/uploads\/2023\/12\/oddity.png","contentUrl":"https:\/\/fullpatin.cl\/tienda\/wp-content\/uploads\/2023\/12\/oddity.png","width":600,"height":600},{"@type":"BreadcrumbList","@id":"https:\/\/fullpatin.cl\/tienda\/producto\/bota-reno-oddity-blanco-azul\/#breadcrumb","itemListElement":[{"@type":"ListItem","position":1,"name":"Portada","item":"https:\/\/fullpatin.cl\/tienda\/"},{"@type":"ListItem","position":2,"name":"Tienda","item":"https:\/\/fullpatin.cl\/tienda\/tienda\/"},{"@type":"ListItem","position":3,"name":"BOTA RENO ODDITY BLANCO\/AZUL"}]},{"@type":"WebSite","@id":"https:\/\/fullpatin.cl\/tienda\/#website","url":"https:\/\/fullpatin.cl\/tienda\/","name":"FULL PAT\u00cdN","description":"Tienda","publisher":{"@id":"https:\/\/fullpatin.cl\/tienda\/#organization"},"potentialAction":[{"@type":"SearchAction","target":{"@type":"EntryPoint","urlTemplate":"https:\/\/fullpatin.cl\/tienda\/?s={search_term_string}"},"query-input":{"@type":"PropertyValueSpecification","valueRequired":true,"valueName":"search_term_string"}}],"inLanguage":"es"},{"@type":"Organization","@id":"https:\/\/fullpatin.cl\/tienda\/#organization","name":"FULL PAT\u00cdN","url":"https:\/\/fullpatin.cl\/tienda\/","logo":{"@type":"ImageObject","inLanguage":"es","@id":"https:\/\/fullpatin.cl\/tienda\/#\/schema\/logo\/image\/","url":"https:\/\/fullpatin.cl\/tienda\/wp-content\/uploads\/2023\/12\/fp.png","contentUrl":"https:\/\/fullpatin.cl\/tienda\/wp-content\/uploads\/2023\/12\/fp.png","width":2185,"height":363,"caption":"FULL PAT\u00cdN"},"image":{"@id":"https:\/\/fullpatin.cl\/tienda\/#\/schema\/logo\/image\/"},"sameAs":["https:\/\/www.instagram.com\/full_patin\/"]}]}},"_links":{"self":[{"href":"https:\/\/fullpatin.cl\/tienda\/wp-json\/wp\/v2\/product\/1282","targetHints":{"allow":["GET"]}}],"collection":[{"href":"https:\/\/fullpatin.cl\/tienda\/wp-json\/wp\/v2\/product"}],"about":[{"href":"https:\/\/fullpatin.cl\/tienda\/wp-json\/wp\/v2\/types\/product"}],"replies":[{"embeddable":true,"href":"https:\/\/fullpatin.cl\/tienda\/wp-json\/wp\/v2\/comments?post=1282"}],"wp:featuredmedia":[{"embeddable":true,"href":"https:\/\/fullpatin.cl\/tienda\/wp-json\/wp\/v2\/media\/1283"}],"wp:attachment":[{"href":"https:\/\/fullpatin.cl\/tienda\/wp-json\/wp\/v2\/media?parent=1282"}],"wp:term":[{"taxonomy":"product_brand","embeddable":true,"href":"https:\/\/fullpatin.cl\/tienda\/wp-json\/wp\/v2\/product_brand?post=1282"},{"taxonomy":"product_cat","embeddable":true,"href":"https:\/\/fullpatin.cl\/tienda\/wp-json\/wp\/v2\/product_cat?post=1282"},{"taxonomy":"product_tag","embeddable":true,"href":"https:\/\/fullpatin.cl\/tienda\/wp-json\/wp\/v2\/product_tag?post=1282"}],"curies":[{"name":"wp","href":"https:\/\/api.w.org\/{rel}","templated":true}]}}