{"id":1166,"date":"2023-12-18T22:43:32","date_gmt":"2023-12-18T22:43:32","guid":{"rendered":"https:\/\/fullpatin.cl\/tienda\/?post_type=product&#038;p=1166"},"modified":"2026-04-22T17:35:38","modified_gmt":"2026-04-22T20:35:38","slug":"stick-azemad-azex-elite","status":"publish","type":"product","link":"https:\/\/fullpatin.cl\/tienda\/producto\/stick-azemad-azex-elite\/","title":{"rendered":"STICK AZEMAD AZEX ELITE"},"content":{"rendered":"<p>La caracter\u00edstica principal de los modelos de la familia <strong>AZEX<\/strong> es la pala del stick. La pala de madera laminada recubierta de fibra compuesta, tiene su distintiva curvatura de 96\u00ba, que permite un mayor alcance (en comparaci\u00f3n con los modelos de 90\u00ba), con un control de la pelota igualmente r\u00e1pido.<\/p>\n<p>El modelo Elite tiene el mango m\u00e1s fino y r\u00edgido de nuestro juego de sticks. Al ser extremadamente fino, es adecuado para los jugadores que optan por un mango m\u00e1s maniobrable, para aumentar la velocidad del regate y la habilidad t\u00e9cnica, promoviendo una rotaci\u00f3n m\u00e1s r\u00e1pida del stick.<\/p>\n<p>La <strong>AZEX Elite<\/strong> promueve una destreza t\u00e9cnica superior, encontrando un buen punto de agilidad sin tener que renunciar a la estabilidad por completo, ya que est\u00e1 fabricada con una madera m\u00e1s r\u00edgida y densa, para equilibrar con su geometr\u00eda m\u00e1s fina.<\/p>\n","protected":false},"excerpt":{"rendered":"<p>La caracter\u00edstica principal de los modelos de la familia AZEX es la pala del stick. La pala de madera laminada recubierta de fibra compuesta, tiene su distintiva curvatura de 96\u00ba, que permite un mayor alcance (en comparaci\u00f3n con los modelos de 90\u00ba), con un control de la pelota igualmente r\u00e1pido. El modelo Elite tiene el&#8230;<\/p>\n","protected":false},"featured_media":1167,"comment_status":"open","ping_status":"closed","template":"","meta":{"_monsterinsights_skip_tracking":false,"_monsterinsights_sitenote_active":false,"_monsterinsights_sitenote_note":"","_monsterinsights_sitenote_category":0},"product_brand":[],"product_cat":[16],"product_tag":[117],"class_list":{"0":"post-1166","1":"product","2":"type-product","3":"status-publish","4":"has-post-thumbnail","6":"product_cat-sticks-hockey-sobre-patines","7":"product_tag-azemad","9":"first","10":"instock","11":"taxable","12":"shipping-taxable","13":"purchasable","14":"product-type-simple"},"yoast_head":"<!-- This site is optimized with the Yoast SEO plugin v27.4 - https:\/\/yoast.com\/product\/yoast-seo-wordpress\/ -->\n<title>STICK AZEMAD AZEX ELITE - Full Pat\u00edn<\/title>\n<meta name=\"robots\" content=\"index, follow, max-snippet:-1, max-image-preview:large, max-video-preview:-1\" \/>\n<link rel=\"canonical\" href=\"https:\/\/fullpatin.cl\/tienda\/producto\/stick-azemad-azex-elite\/\" \/>\n<meta property=\"og:locale\" content=\"es_ES\" \/>\n<meta property=\"og:type\" content=\"article\" \/>\n<meta property=\"og:title\" content=\"STICK AZEMAD AZEX ELITE - Full Pat\u00edn\" \/>\n<meta property=\"og:description\" content=\"La caracter\u00edstica principal de los modelos de la familia AZEX es la pala del stick. La pala de madera laminada recubierta de fibra compuesta, tiene su distintiva curvatura de 96\u00ba, que permite un mayor alcance (en comparaci\u00f3n con los modelos de 90\u00ba), con un control de la pelota igualmente r\u00e1pido. El modelo Elite tiene el...\" \/>\n<meta property=\"og:url\" content=\"https:\/\/fullpatin.cl\/tienda\/producto\/stick-azemad-azex-elite\/\" \/>\n<meta property=\"og:site_name\" content=\"Full Pat\u00edn\" \/>\n<meta property=\"article:modified_time\" content=\"2026-04-22T20:35:38+00:00\" \/>\n<meta property=\"og:image\" content=\"https:\/\/fullpatin.cl\/tienda\/wp-content\/uploads\/2023\/12\/azex-elite.png\" \/>\n\t<meta property=\"og:image:width\" content=\"1000\" \/>\n\t<meta property=\"og:image:height\" content=\"1000\" \/>\n\t<meta property=\"og:image:type\" content=\"image\/png\" \/>\n<meta name=\"twitter:card\" content=\"summary_large_image\" \/>\n<meta name=\"twitter:label1\" content=\"Tiempo de lectura\" \/>\n\t<meta name=\"twitter:data1\" content=\"1 minuto\" \/>\n<script type=\"application\/ld+json\" class=\"yoast-schema-graph\">{\"@context\":\"https:\\\/\\\/schema.org\",\"@graph\":[{\"@type\":\"WebPage\",\"@id\":\"https:\\\/\\\/fullpatin.cl\\\/tienda\\\/producto\\\/stick-azemad-azex-elite\\\/\",\"url\":\"https:\\\/\\\/fullpatin.cl\\\/tienda\\\/producto\\\/stick-azemad-azex-elite\\\/\",\"name\":\"STICK AZEMAD AZEX ELITE - Full Pat\u00edn\",\"isPartOf\":{\"@id\":\"https:\\\/\\\/fullpatin.cl\\\/tienda\\\/#website\"},\"primaryImageOfPage\":{\"@id\":\"https:\\\/\\\/fullpatin.cl\\\/tienda\\\/producto\\\/stick-azemad-azex-elite\\\/#primaryimage\"},\"image\":{\"@id\":\"https:\\\/\\\/fullpatin.cl\\\/tienda\\\/producto\\\/stick-azemad-azex-elite\\\/#primaryimage\"},\"thumbnailUrl\":\"https:\\\/\\\/fullpatin.cl\\\/tienda\\\/wp-content\\\/uploads\\\/2023\\\/12\\\/azex-elite.png\",\"datePublished\":\"2023-12-18T22:43:32+00:00\",\"dateModified\":\"2026-04-22T20:35:38+00:00\",\"breadcrumb\":{\"@id\":\"https:\\\/\\\/fullpatin.cl\\\/tienda\\\/producto\\\/stick-azemad-azex-elite\\\/#breadcrumb\"},\"inLanguage\":\"es\",\"potentialAction\":[{\"@type\":\"ReadAction\",\"target\":[\"https:\\\/\\\/fullpatin.cl\\\/tienda\\\/producto\\\/stick-azemad-azex-elite\\\/\"]}]},{\"@type\":\"ImageObject\",\"inLanguage\":\"es\",\"@id\":\"https:\\\/\\\/fullpatin.cl\\\/tienda\\\/producto\\\/stick-azemad-azex-elite\\\/#primaryimage\",\"url\":\"https:\\\/\\\/fullpatin.cl\\\/tienda\\\/wp-content\\\/uploads\\\/2023\\\/12\\\/azex-elite.png\",\"contentUrl\":\"https:\\\/\\\/fullpatin.cl\\\/tienda\\\/wp-content\\\/uploads\\\/2023\\\/12\\\/azex-elite.png\",\"width\":1000,\"height\":1000},{\"@type\":\"BreadcrumbList\",\"@id\":\"https:\\\/\\\/fullpatin.cl\\\/tienda\\\/producto\\\/stick-azemad-azex-elite\\\/#breadcrumb\",\"itemListElement\":[{\"@type\":\"ListItem\",\"position\":1,\"name\":\"Portada\",\"item\":\"https:\\\/\\\/fullpatin.cl\\\/tienda\\\/\"},{\"@type\":\"ListItem\",\"position\":2,\"name\":\"Tienda\",\"item\":\"https:\\\/\\\/fullpatin.cl\\\/tienda\\\/tienda\\\/\"},{\"@type\":\"ListItem\",\"position\":3,\"name\":\"STICK AZEMAD AZEX ELITE\"}]},{\"@type\":\"WebSite\",\"@id\":\"https:\\\/\\\/fullpatin.cl\\\/tienda\\\/#website\",\"url\":\"https:\\\/\\\/fullpatin.cl\\\/tienda\\\/\",\"name\":\"FULL PAT\u00cdN\",\"description\":\"Tienda\",\"publisher\":{\"@id\":\"https:\\\/\\\/fullpatin.cl\\\/tienda\\\/#organization\"},\"potentialAction\":[{\"@type\":\"SearchAction\",\"target\":{\"@type\":\"EntryPoint\",\"urlTemplate\":\"https:\\\/\\\/fullpatin.cl\\\/tienda\\\/?s={search_term_string}\"},\"query-input\":{\"@type\":\"PropertyValueSpecification\",\"valueRequired\":true,\"valueName\":\"search_term_string\"}}],\"inLanguage\":\"es\"},{\"@type\":\"Organization\",\"@id\":\"https:\\\/\\\/fullpatin.cl\\\/tienda\\\/#organization\",\"name\":\"FULL PAT\u00cdN\",\"url\":\"https:\\\/\\\/fullpatin.cl\\\/tienda\\\/\",\"logo\":{\"@type\":\"ImageObject\",\"inLanguage\":\"es\",\"@id\":\"https:\\\/\\\/fullpatin.cl\\\/tienda\\\/#\\\/schema\\\/logo\\\/image\\\/\",\"url\":\"https:\\\/\\\/fullpatin.cl\\\/tienda\\\/wp-content\\\/uploads\\\/2023\\\/12\\\/fp.png\",\"contentUrl\":\"https:\\\/\\\/fullpatin.cl\\\/tienda\\\/wp-content\\\/uploads\\\/2023\\\/12\\\/fp.png\",\"width\":2185,\"height\":363,\"caption\":\"FULL PAT\u00cdN\"},\"image\":{\"@id\":\"https:\\\/\\\/fullpatin.cl\\\/tienda\\\/#\\\/schema\\\/logo\\\/image\\\/\"},\"sameAs\":[\"https:\\\/\\\/www.instagram.com\\\/full_patin\\\/\"]}]}<\/script>\n<!-- \/ Yoast SEO plugin. -->","yoast_head_json":{"title":"STICK AZEMAD AZEX ELITE - Full Pat\u00edn","robots":{"index":"index","follow":"follow","max-snippet":"max-snippet:-1","max-image-preview":"max-image-preview:large","max-video-preview":"max-video-preview:-1"},"canonical":"https:\/\/fullpatin.cl\/tienda\/producto\/stick-azemad-azex-elite\/","og_locale":"es_ES","og_type":"article","og_title":"STICK AZEMAD AZEX ELITE - Full Pat\u00edn","og_description":"La caracter\u00edstica principal de los modelos de la familia AZEX es la pala del stick. La pala de madera laminada recubierta de fibra compuesta, tiene su distintiva curvatura de 96\u00ba, que permite un mayor alcance (en comparaci\u00f3n con los modelos de 90\u00ba), con un control de la pelota igualmente r\u00e1pido. El modelo Elite tiene el...","og_url":"https:\/\/fullpatin.cl\/tienda\/producto\/stick-azemad-azex-elite\/","og_site_name":"Full Pat\u00edn","article_modified_time":"2026-04-22T20:35:38+00:00","og_image":[{"width":1000,"height":1000,"url":"https:\/\/fullpatin.cl\/tienda\/wp-content\/uploads\/2023\/12\/azex-elite.png","type":"image\/png"}],"twitter_card":"summary_large_image","twitter_misc":{"Tiempo de lectura":"1 minuto"},"schema":{"@context":"https:\/\/schema.org","@graph":[{"@type":"WebPage","@id":"https:\/\/fullpatin.cl\/tienda\/producto\/stick-azemad-azex-elite\/","url":"https:\/\/fullpatin.cl\/tienda\/producto\/stick-azemad-azex-elite\/","name":"STICK AZEMAD AZEX ELITE - Full Pat\u00edn","isPartOf":{"@id":"https:\/\/fullpatin.cl\/tienda\/#website"},"primaryImageOfPage":{"@id":"https:\/\/fullpatin.cl\/tienda\/producto\/stick-azemad-azex-elite\/#primaryimage"},"image":{"@id":"https:\/\/fullpatin.cl\/tienda\/producto\/stick-azemad-azex-elite\/#primaryimage"},"thumbnailUrl":"https:\/\/fullpatin.cl\/tienda\/wp-content\/uploads\/2023\/12\/azex-elite.png","datePublished":"2023-12-18T22:43:32+00:00","dateModified":"2026-04-22T20:35:38+00:00","breadcrumb":{"@id":"https:\/\/fullpatin.cl\/tienda\/producto\/stick-azemad-azex-elite\/#breadcrumb"},"inLanguage":"es","potentialAction":[{"@type":"ReadAction","target":["https:\/\/fullpatin.cl\/tienda\/producto\/stick-azemad-azex-elite\/"]}]},{"@type":"ImageObject","inLanguage":"es","@id":"https:\/\/fullpatin.cl\/tienda\/producto\/stick-azemad-azex-elite\/#primaryimage","url":"https:\/\/fullpatin.cl\/tienda\/wp-content\/uploads\/2023\/12\/azex-elite.png","contentUrl":"https:\/\/fullpatin.cl\/tienda\/wp-content\/uploads\/2023\/12\/azex-elite.png","width":1000,"height":1000},{"@type":"BreadcrumbList","@id":"https:\/\/fullpatin.cl\/tienda\/producto\/stick-azemad-azex-elite\/#breadcrumb","itemListElement":[{"@type":"ListItem","position":1,"name":"Portada","item":"https:\/\/fullpatin.cl\/tienda\/"},{"@type":"ListItem","position":2,"name":"Tienda","item":"https:\/\/fullpatin.cl\/tienda\/tienda\/"},{"@type":"ListItem","position":3,"name":"STICK AZEMAD AZEX ELITE"}]},{"@type":"WebSite","@id":"https:\/\/fullpatin.cl\/tienda\/#website","url":"https:\/\/fullpatin.cl\/tienda\/","name":"FULL PAT\u00cdN","description":"Tienda","publisher":{"@id":"https:\/\/fullpatin.cl\/tienda\/#organization"},"potentialAction":[{"@type":"SearchAction","target":{"@type":"EntryPoint","urlTemplate":"https:\/\/fullpatin.cl\/tienda\/?s={search_term_string}"},"query-input":{"@type":"PropertyValueSpecification","valueRequired":true,"valueName":"search_term_string"}}],"inLanguage":"es"},{"@type":"Organization","@id":"https:\/\/fullpatin.cl\/tienda\/#organization","name":"FULL PAT\u00cdN","url":"https:\/\/fullpatin.cl\/tienda\/","logo":{"@type":"ImageObject","inLanguage":"es","@id":"https:\/\/fullpatin.cl\/tienda\/#\/schema\/logo\/image\/","url":"https:\/\/fullpatin.cl\/tienda\/wp-content\/uploads\/2023\/12\/fp.png","contentUrl":"https:\/\/fullpatin.cl\/tienda\/wp-content\/uploads\/2023\/12\/fp.png","width":2185,"height":363,"caption":"FULL PAT\u00cdN"},"image":{"@id":"https:\/\/fullpatin.cl\/tienda\/#\/schema\/logo\/image\/"},"sameAs":["https:\/\/www.instagram.com\/full_patin\/"]}]}},"_links":{"self":[{"href":"https:\/\/fullpatin.cl\/tienda\/wp-json\/wp\/v2\/product\/1166","targetHints":{"allow":["GET"]}}],"collection":[{"href":"https:\/\/fullpatin.cl\/tienda\/wp-json\/wp\/v2\/product"}],"about":[{"href":"https:\/\/fullpatin.cl\/tienda\/wp-json\/wp\/v2\/types\/product"}],"replies":[{"embeddable":true,"href":"https:\/\/fullpatin.cl\/tienda\/wp-json\/wp\/v2\/comments?post=1166"}],"wp:featuredmedia":[{"embeddable":true,"href":"https:\/\/fullpatin.cl\/tienda\/wp-json\/wp\/v2\/media\/1167"}],"wp:attachment":[{"href":"https:\/\/fullpatin.cl\/tienda\/wp-json\/wp\/v2\/media?parent=1166"}],"wp:term":[{"taxonomy":"product_brand","embeddable":true,"href":"https:\/\/fullpatin.cl\/tienda\/wp-json\/wp\/v2\/product_brand?post=1166"},{"taxonomy":"product_cat","embeddable":true,"href":"https:\/\/fullpatin.cl\/tienda\/wp-json\/wp\/v2\/product_cat?post=1166"},{"taxonomy":"product_tag","embeddable":true,"href":"https:\/\/fullpatin.cl\/tienda\/wp-json\/wp\/v2\/product_tag?post=1166"}],"curies":[{"name":"wp","href":"https:\/\/api.w.org\/{rel}","templated":true}]}}