{"id":3995,"date":"2025-09-20T15:33:08","date_gmt":"2025-09-20T15:33:08","guid":{"rendered":"https:\/\/fullpatin.cl\/tienda\/?page_id=3995"},"modified":"2025-09-20T15:33:08","modified_gmt":"2025-09-20T15:33:08","slug":"envios","status":"publish","type":"page","link":"https:\/\/fullpatin.cl\/tienda\/envios\/","title":{"rendered":"Env\u00edos"},"content":{"rendered":"<p data-start=\"254\" data-end=\"442\">En <strong data-start=\"257\" data-end=\"270\">FullPat\u00edn<\/strong> nos comprometemos a que tu pedido llegue de manera r\u00e1pida, segura y confiable. A continuaci\u00f3n te detallamos los plazos, costos y condiciones de env\u00edo seg\u00fan la ubicaci\u00f3n:<\/p>\n<hr data-start=\"444\" data-end=\"447\" \/>\n<h3 data-start=\"449\" data-end=\"488\">Env\u00edos dentro de Santiago Urbano<\/h3>\n<ul data-start=\"490\" data-end=\"847\">\n<li data-start=\"490\" data-end=\"592\">\n<p data-start=\"492\" data-end=\"592\">Los pedidos realizados para <strong data-start=\"520\" data-end=\"539\">Santiago urbano<\/strong> son despachados a trav\u00e9s de un <strong data-start=\"571\" data-end=\"589\">courier propio<\/strong>.<\/p>\n<\/li>\n<li data-start=\"593\" data-end=\"690\">\n<p data-start=\"595\" data-end=\"690\">El <strong data-start=\"598\" data-end=\"623\">retiro de los pedidos<\/strong> se realiza normalmente a las <strong data-start=\"653\" data-end=\"666\">14:00 hrs<\/strong> desde nuestra tienda.<\/p>\n<\/li>\n<li data-start=\"691\" data-end=\"787\">\n<p data-start=\"693\" data-end=\"787\">Los pedidos llegan el <strong data-start=\"715\" data-end=\"751\">mismo d\u00eda h\u00e1bil antes de las 22:00 hrs<\/strong>, dentro del \u00e1rea urbana definida.<\/p>\n<\/li>\n<li data-start=\"788\" data-end=\"847\">\n<p data-start=\"790\" data-end=\"847\">El <strong data-start=\"793\" data-end=\"812\">costo del env\u00edo<\/strong> es de <strong data-start=\"819\" data-end=\"833\">$3.800 CLP<\/strong> por pedido.<\/p>\n<\/li>\n<li data-start=\"788\" data-end=\"847\">\n<p data-start=\"790\" data-end=\"847\">Esta modalidad aplica \u00fanicamente para la <strong data-start=\"901\" data-end=\"928\">zona urbana de Santiago<\/strong>.<\/p>\n<\/li>\n<\/ul>\n<hr data-start=\"933\" data-end=\"936\" \/>\n<h3 data-start=\"938\" data-end=\"962\">Env\u00edos a Regiones<\/h3>\n<ul data-start=\"964\" data-end=\"1553\">\n<li data-start=\"964\" data-end=\"1083\">\n<p data-start=\"966\" data-end=\"1083\">Los env\u00edos a <strong data-start=\"979\" data-end=\"1008\">otras ciudades o regiones<\/strong> se realizan mediante <strong data-start=\"1030\" data-end=\"1041\">Starken<\/strong> o <strong data-start=\"1044\" data-end=\"1058\">Pullman Go<\/strong>, seg\u00fan disponibilidad.<\/p>\n<\/li>\n<li data-start=\"1084\" data-end=\"1176\">\n<p data-start=\"1086\" data-end=\"1176\">Los pedidos son entregados a la empresa de transporte <strong data-start=\"1140\" data-end=\"1160\">al d\u00eda h\u00e1bil siguiente<\/strong> de la compra.<\/p>\n<\/li>\n<li data-start=\"1177\" data-end=\"1271\">\n<p data-start=\"1179\" data-end=\"1271\">El <strong data-start=\"1182\" data-end=\"1203\">tiempo de entrega<\/strong> depende de la empresa de transporte y de la localidad de destino.<\/p>\n<\/li>\n<li data-start=\"1272\" data-end=\"1431\">\n<p data-start=\"1274\" data-end=\"1431\">Todos los env\u00edos incluyen un <strong data-start=\"1303\" data-end=\"1328\">n\u00famero de seguimiento<\/strong>, el cual ser\u00e1 enviado al cliente por correo electr\u00f3nico para poder <strong data-start=\"1396\" data-end=\"1428\">hacer seguimiento del pedido<\/strong>.<\/p>\n<\/li>\n<li data-start=\"1432\" data-end=\"1553\">\n<p data-start=\"1434\" data-end=\"1553\">Los <strong data-start=\"1438\" data-end=\"1468\">costos de env\u00edo a regiones<\/strong> son a cargo del cliente y se acuerdan seg\u00fan el destino y la empresa de transporte.<\/p>\n<\/li>\n<\/ul>\n<hr data-start=\"1555\" data-end=\"1558\" \/>\n<h3 data-start=\"1560\" data-end=\"1594\">Consideraciones Importantes<\/h3>\n<ul data-start=\"1596\" data-end=\"2081\">\n<li data-start=\"1596\" data-end=\"1748\">\n<p data-start=\"1598\" data-end=\"1748\">No nos hacemos responsables de retrasos ocasionados por <strong data-start=\"1654\" data-end=\"1670\">fuerza mayor<\/strong>, condiciones clim\u00e1ticas o problemas internos de las empresas de transporte.<\/p>\n<\/li>\n<li data-start=\"1749\" data-end=\"1902\">\n<p data-start=\"1751\" data-end=\"1902\">Es responsabilidad del cliente <strong data-start=\"1782\" data-end=\"1819\">verificar la direcci\u00f3n de entrega<\/strong> al momento de realizar la compra para asegurar la correcta recepci\u00f3n del pedido.<\/p>\n<\/li>\n<li data-start=\"1903\" data-end=\"2081\">\n<p data-start=\"1905\" data-end=\"2081\">Cualquier inconveniente con la entrega debe ser reportado a nuestro equipo de atenci\u00f3n al cliente a la brevedad para poder asistir y gestionar el seguimiento correspondiente.<\/p>\n<\/li>\n<\/ul>\n<hr data-start=\"2083\" data-end=\"2086\" \/>\n<h3 data-start=\"2088\" data-end=\"2103\">\ud83d\udcde Contacto<\/h3>\n<p data-start=\"2105\" data-end=\"2179\">Para cualquier consulta relacionada con env\u00edos o seguimiento de pedidos:<\/p>\n<ul data-start=\"2180\" data-end=\"2265\">\n<li data-start=\"2180\" data-end=\"2227\">\n<p data-start=\"2182\" data-end=\"2227\">Correo electr\u00f3nico: ventas@fullpatin.cl<\/p>\n<\/li>\n<li data-start=\"2228\" data-end=\"2265\">\n<p data-start=\"2230\" data-end=\"2265\">Whatsapp: +56 9 8713 1804<\/p>\n<p><img loading=\"lazy\" decoding=\"async\" class=\"alignnone size-medium wp-image-3979\" src=\"https:\/\/fullpatin.cl\/tienda\/wp-content\/uploads\/2025\/09\/fp_hor.png-300x50.webp\" alt=\"\" width=\"300\" height=\"50\" srcset=\"https:\/\/fullpatin.cl\/tienda\/wp-content\/uploads\/2025\/09\/fp_hor.png-300x50.webp 300w, https:\/\/fullpatin.cl\/tienda\/wp-content\/uploads\/2025\/09\/fp_hor.png-1024x170.webp 1024w, https:\/\/fullpatin.cl\/tienda\/wp-content\/uploads\/2025\/09\/fp_hor.png-600x100.webp 600w, https:\/\/fullpatin.cl\/tienda\/wp-content\/uploads\/2025\/09\/fp_hor.png.webp 1600w\" sizes=\"auto, (max-width: 300px) 100vw, 300px\" \/><\/p>\n<\/li>\n<\/ul>\n","protected":false},"excerpt":{"rendered":"<p>En FullPat\u00edn nos comprometemos a que tu pedido llegue de manera r\u00e1pida, segura y confiable. A continuaci\u00f3n te detallamos los plazos, costos y condiciones de env\u00edo seg\u00fan la ubicaci\u00f3n: Env\u00edos dentro de Santiago Urbano Los pedidos realizados para Santiago urbano son despachados a trav\u00e9s de un courier propio. El retiro de los pedidos se realiza&#8230;<\/p>\n","protected":false},"author":2,"featured_media":0,"parent":0,"menu_order":0,"comment_status":"closed","ping_status":"closed","template":"","meta":{"_monsterinsights_skip_tracking":false,"_monsterinsights_sitenote_active":false,"_monsterinsights_sitenote_note":"","_monsterinsights_sitenote_category":0,"footnotes":""},"class_list":["post-3995","page","type-page","status-publish","hentry"],"yoast_head":"<!-- This site is optimized with the Yoast SEO plugin v27.4 - https:\/\/yoast.com\/product\/yoast-seo-wordpress\/ -->\n<title>Env\u00edos - Full Pat\u00edn<\/title>\n<meta name=\"robots\" content=\"index, follow, max-snippet:-1, max-image-preview:large, max-video-preview:-1\" \/>\n<link rel=\"canonical\" href=\"https:\/\/fullpatin.cl\/tienda\/envios\/\" \/>\n<meta property=\"og:locale\" content=\"es_ES\" \/>\n<meta property=\"og:type\" content=\"article\" \/>\n<meta property=\"og:title\" content=\"Env\u00edos - Full Pat\u00edn\" \/>\n<meta property=\"og:description\" content=\"En FullPat\u00edn nos comprometemos a que tu pedido llegue de manera r\u00e1pida, segura y confiable. A continuaci\u00f3n te detallamos los plazos, costos y condiciones de env\u00edo seg\u00fan la ubicaci\u00f3n: Env\u00edos dentro de Santiago Urbano Los pedidos realizados para Santiago urbano son despachados a trav\u00e9s de un courier propio. El retiro de los pedidos se realiza...\" \/>\n<meta property=\"og:url\" content=\"https:\/\/fullpatin.cl\/tienda\/envios\/\" \/>\n<meta property=\"og:site_name\" content=\"Full Pat\u00edn\" \/>\n<meta property=\"og:image\" content=\"https:\/\/fullpatin.cl\/tienda\/wp-content\/uploads\/2025\/09\/fp_hor.png.webp\" \/>\n\t<meta property=\"og:image:width\" content=\"1600\" \/>\n\t<meta property=\"og:image:height\" content=\"266\" \/>\n\t<meta property=\"og:image:type\" content=\"image\/webp\" \/>\n<meta name=\"twitter:card\" content=\"summary_large_image\" \/>\n<meta name=\"twitter:label1\" content=\"Tiempo de lectura\" \/>\n\t<meta name=\"twitter:data1\" content=\"2 minutos\" \/>\n<script type=\"application\/ld+json\" class=\"yoast-schema-graph\">{\"@context\":\"https:\\\/\\\/schema.org\",\"@graph\":[{\"@type\":\"WebPage\",\"@id\":\"https:\\\/\\\/fullpatin.cl\\\/tienda\\\/envios\\\/\",\"url\":\"https:\\\/\\\/fullpatin.cl\\\/tienda\\\/envios\\\/\",\"name\":\"Env\u00edos - Full Pat\u00edn\",\"isPartOf\":{\"@id\":\"https:\\\/\\\/fullpatin.cl\\\/tienda\\\/#website\"},\"primaryImageOfPage\":{\"@id\":\"https:\\\/\\\/fullpatin.cl\\\/tienda\\\/envios\\\/#primaryimage\"},\"image\":{\"@id\":\"https:\\\/\\\/fullpatin.cl\\\/tienda\\\/envios\\\/#primaryimage\"},\"thumbnailUrl\":\"https:\\\/\\\/fullpatin.cl\\\/tienda\\\/wp-content\\\/uploads\\\/2025\\\/09\\\/fp_hor.png-300x50.webp\",\"datePublished\":\"2025-09-20T15:33:08+00:00\",\"breadcrumb\":{\"@id\":\"https:\\\/\\\/fullpatin.cl\\\/tienda\\\/envios\\\/#breadcrumb\"},\"inLanguage\":\"es\",\"potentialAction\":[{\"@type\":\"ReadAction\",\"target\":[\"https:\\\/\\\/fullpatin.cl\\\/tienda\\\/envios\\\/\"]}]},{\"@type\":\"ImageObject\",\"inLanguage\":\"es\",\"@id\":\"https:\\\/\\\/fullpatin.cl\\\/tienda\\\/envios\\\/#primaryimage\",\"url\":\"https:\\\/\\\/fullpatin.cl\\\/tienda\\\/wp-content\\\/uploads\\\/2025\\\/09\\\/fp_hor.png.webp\",\"contentUrl\":\"https:\\\/\\\/fullpatin.cl\\\/tienda\\\/wp-content\\\/uploads\\\/2025\\\/09\\\/fp_hor.png.webp\",\"width\":1600,\"height\":266},{\"@type\":\"BreadcrumbList\",\"@id\":\"https:\\\/\\\/fullpatin.cl\\\/tienda\\\/envios\\\/#breadcrumb\",\"itemListElement\":[{\"@type\":\"ListItem\",\"position\":1,\"name\":\"Portada\",\"item\":\"https:\\\/\\\/fullpatin.cl\\\/tienda\\\/\"},{\"@type\":\"ListItem\",\"position\":2,\"name\":\"Env\u00edos\"}]},{\"@type\":\"WebSite\",\"@id\":\"https:\\\/\\\/fullpatin.cl\\\/tienda\\\/#website\",\"url\":\"https:\\\/\\\/fullpatin.cl\\\/tienda\\\/\",\"name\":\"FULL PAT\u00cdN\",\"description\":\"Tienda\",\"publisher\":{\"@id\":\"https:\\\/\\\/fullpatin.cl\\\/tienda\\\/#organization\"},\"potentialAction\":[{\"@type\":\"SearchAction\",\"target\":{\"@type\":\"EntryPoint\",\"urlTemplate\":\"https:\\\/\\\/fullpatin.cl\\\/tienda\\\/?s={search_term_string}\"},\"query-input\":{\"@type\":\"PropertyValueSpecification\",\"valueRequired\":true,\"valueName\":\"search_term_string\"}}],\"inLanguage\":\"es\"},{\"@type\":\"Organization\",\"@id\":\"https:\\\/\\\/fullpatin.cl\\\/tienda\\\/#organization\",\"name\":\"FULL PAT\u00cdN\",\"url\":\"https:\\\/\\\/fullpatin.cl\\\/tienda\\\/\",\"logo\":{\"@type\":\"ImageObject\",\"inLanguage\":\"es\",\"@id\":\"https:\\\/\\\/fullpatin.cl\\\/tienda\\\/#\\\/schema\\\/logo\\\/image\\\/\",\"url\":\"https:\\\/\\\/fullpatin.cl\\\/tienda\\\/wp-content\\\/uploads\\\/2023\\\/12\\\/fp.png\",\"contentUrl\":\"https:\\\/\\\/fullpatin.cl\\\/tienda\\\/wp-content\\\/uploads\\\/2023\\\/12\\\/fp.png\",\"width\":2185,\"height\":363,\"caption\":\"FULL PAT\u00cdN\"},\"image\":{\"@id\":\"https:\\\/\\\/fullpatin.cl\\\/tienda\\\/#\\\/schema\\\/logo\\\/image\\\/\"},\"sameAs\":[\"https:\\\/\\\/www.instagram.com\\\/full_patin\\\/\"]}]}<\/script>\n<!-- \/ Yoast SEO plugin. -->","yoast_head_json":{"title":"Env\u00edos - Full Pat\u00edn","robots":{"index":"index","follow":"follow","max-snippet":"max-snippet:-1","max-image-preview":"max-image-preview:large","max-video-preview":"max-video-preview:-1"},"canonical":"https:\/\/fullpatin.cl\/tienda\/envios\/","og_locale":"es_ES","og_type":"article","og_title":"Env\u00edos - Full Pat\u00edn","og_description":"En FullPat\u00edn nos comprometemos a que tu pedido llegue de manera r\u00e1pida, segura y confiable. A continuaci\u00f3n te detallamos los plazos, costos y condiciones de env\u00edo seg\u00fan la ubicaci\u00f3n: Env\u00edos dentro de Santiago Urbano Los pedidos realizados para Santiago urbano son despachados a trav\u00e9s de un courier propio. El retiro de los pedidos se realiza...","og_url":"https:\/\/fullpatin.cl\/tienda\/envios\/","og_site_name":"Full Pat\u00edn","og_image":[{"width":1600,"height":266,"url":"https:\/\/fullpatin.cl\/tienda\/wp-content\/uploads\/2025\/09\/fp_hor.png.webp","type":"image\/webp"}],"twitter_card":"summary_large_image","twitter_misc":{"Tiempo de lectura":"2 minutos"},"schema":{"@context":"https:\/\/schema.org","@graph":[{"@type":"WebPage","@id":"https:\/\/fullpatin.cl\/tienda\/envios\/","url":"https:\/\/fullpatin.cl\/tienda\/envios\/","name":"Env\u00edos - Full Pat\u00edn","isPartOf":{"@id":"https:\/\/fullpatin.cl\/tienda\/#website"},"primaryImageOfPage":{"@id":"https:\/\/fullpatin.cl\/tienda\/envios\/#primaryimage"},"image":{"@id":"https:\/\/fullpatin.cl\/tienda\/envios\/#primaryimage"},"thumbnailUrl":"https:\/\/fullpatin.cl\/tienda\/wp-content\/uploads\/2025\/09\/fp_hor.png-300x50.webp","datePublished":"2025-09-20T15:33:08+00:00","breadcrumb":{"@id":"https:\/\/fullpatin.cl\/tienda\/envios\/#breadcrumb"},"inLanguage":"es","potentialAction":[{"@type":"ReadAction","target":["https:\/\/fullpatin.cl\/tienda\/envios\/"]}]},{"@type":"ImageObject","inLanguage":"es","@id":"https:\/\/fullpatin.cl\/tienda\/envios\/#primaryimage","url":"https:\/\/fullpatin.cl\/tienda\/wp-content\/uploads\/2025\/09\/fp_hor.png.webp","contentUrl":"https:\/\/fullpatin.cl\/tienda\/wp-content\/uploads\/2025\/09\/fp_hor.png.webp","width":1600,"height":266},{"@type":"BreadcrumbList","@id":"https:\/\/fullpatin.cl\/tienda\/envios\/#breadcrumb","itemListElement":[{"@type":"ListItem","position":1,"name":"Portada","item":"https:\/\/fullpatin.cl\/tienda\/"},{"@type":"ListItem","position":2,"name":"Env\u00edos"}]},{"@type":"WebSite","@id":"https:\/\/fullpatin.cl\/tienda\/#website","url":"https:\/\/fullpatin.cl\/tienda\/","name":"FULL PAT\u00cdN","description":"Tienda","publisher":{"@id":"https:\/\/fullpatin.cl\/tienda\/#organization"},"potentialAction":[{"@type":"SearchAction","target":{"@type":"EntryPoint","urlTemplate":"https:\/\/fullpatin.cl\/tienda\/?s={search_term_string}"},"query-input":{"@type":"PropertyValueSpecification","valueRequired":true,"valueName":"search_term_string"}}],"inLanguage":"es"},{"@type":"Organization","@id":"https:\/\/fullpatin.cl\/tienda\/#organization","name":"FULL PAT\u00cdN","url":"https:\/\/fullpatin.cl\/tienda\/","logo":{"@type":"ImageObject","inLanguage":"es","@id":"https:\/\/fullpatin.cl\/tienda\/#\/schema\/logo\/image\/","url":"https:\/\/fullpatin.cl\/tienda\/wp-content\/uploads\/2023\/12\/fp.png","contentUrl":"https:\/\/fullpatin.cl\/tienda\/wp-content\/uploads\/2023\/12\/fp.png","width":2185,"height":363,"caption":"FULL PAT\u00cdN"},"image":{"@id":"https:\/\/fullpatin.cl\/tienda\/#\/schema\/logo\/image\/"},"sameAs":["https:\/\/www.instagram.com\/full_patin\/"]}]}},"_links":{"self":[{"href":"https:\/\/fullpatin.cl\/tienda\/wp-json\/wp\/v2\/pages\/3995","targetHints":{"allow":["GET"]}}],"collection":[{"href":"https:\/\/fullpatin.cl\/tienda\/wp-json\/wp\/v2\/pages"}],"about":[{"href":"https:\/\/fullpatin.cl\/tienda\/wp-json\/wp\/v2\/types\/page"}],"author":[{"embeddable":true,"href":"https:\/\/fullpatin.cl\/tienda\/wp-json\/wp\/v2\/users\/2"}],"replies":[{"embeddable":true,"href":"https:\/\/fullpatin.cl\/tienda\/wp-json\/wp\/v2\/comments?post=3995"}],"version-history":[{"count":1,"href":"https:\/\/fullpatin.cl\/tienda\/wp-json\/wp\/v2\/pages\/3995\/revisions"}],"predecessor-version":[{"id":3996,"href":"https:\/\/fullpatin.cl\/tienda\/wp-json\/wp\/v2\/pages\/3995\/revisions\/3996"}],"wp:attachment":[{"href":"https:\/\/fullpatin.cl\/tienda\/wp-json\/wp\/v2\/media?parent=3995"}],"curies":[{"name":"wp","href":"https:\/\/api.w.org\/{rel}","templated":true}]}}