{"id":19,"date":"2025-09-20T15:08:57","date_gmt":"2025-09-20T15:08:57","guid":{"rendered":"https:\/\/fullpatin.cl\/tienda\/?page_id=19"},"modified":"2025-09-20T15:24:17","modified_gmt":"2025-09-20T15:24:17","slug":"reembolso_devoluciones","status":"publish","type":"page","link":"https:\/\/fullpatin.cl\/tienda\/reembolso_devoluciones\/","title":{"rendered":"Pol\u00edtica de devoluciones y reembolsos"},"content":{"rendered":"<h3 data-start=\"308\" data-end=\"332\">Derecho a Retracto<\/h3>\n<p data-start=\"334\" data-end=\"546\">De acuerdo con la Ley N\u00b0 19.496 sobre Protecci\u00f3n de los Derechos de los Consumidores, <strong data-start=\"420\" data-end=\"465\">tienes derecho a retractarte de tu compra<\/strong> dentro de los <strong data-start=\"480\" data-end=\"500\">10 d\u00edas corridos<\/strong> desde la recepci\u00f3n del producto, siempre que:<\/p>\n<ul data-start=\"548\" data-end=\"732\">\n<li data-start=\"548\" data-end=\"579\">\n<p data-start=\"550\" data-end=\"579\">El producto est\u00e9 <strong data-start=\"567\" data-end=\"578\">sin uso<\/strong>.<\/p>\n<\/li>\n<li data-start=\"580\" data-end=\"621\">\n<p data-start=\"582\" data-end=\"621\">Se conserve en su <strong data-start=\"600\" data-end=\"620\">empaque original<\/strong>.<\/p>\n<\/li>\n<li data-start=\"622\" data-end=\"679\">\n<p data-start=\"624\" data-end=\"679\">Incluya todas sus <strong data-start=\"642\" data-end=\"678\">etiquetas, manuales y accesorios<\/strong>.<\/p>\n<\/li>\n<li data-start=\"680\" data-end=\"732\">\n<p data-start=\"682\" data-end=\"732\">Se presente la <strong data-start=\"697\" data-end=\"731\">boleta o comprobante de compra<\/strong>.<\/p>\n<\/li>\n<\/ul>\n<p data-start=\"734\" data-end=\"848\"><em data-start=\"734\" data-end=\"848\">Este derecho no aplica si el producto ha sido utilizado o si no se cuenta con la documentaci\u00f3n mencionada.<\/em><\/p>\n<h3 data-start=\"850\" data-end=\"888\">Cambios por Talla o Preferencia<\/h3>\n<ul data-start=\"890\" data-end=\"1292\">\n<li data-start=\"890\" data-end=\"975\">\n<p data-start=\"892\" data-end=\"975\"><strong data-start=\"892\" data-end=\"915\">Plazo para cambios:<\/strong> Hasta <strong data-start=\"922\" data-end=\"942\">30 d\u00edas corridos<\/strong> desde la recepci\u00f3n del producto.<\/p>\n<\/li>\n<li data-start=\"976\" data-end=\"1089\">\n<p data-start=\"978\" data-end=\"1089\"><strong data-start=\"978\" data-end=\"994\">Condiciones:<\/strong> El producto debe estar <strong data-start=\"1018\" data-end=\"1029\">sin uso<\/strong>, con <strong data-start=\"1035\" data-end=\"1059\">etiquetas originales<\/strong> y en su <strong data-start=\"1068\" data-end=\"1088\">empaque original<\/strong>.<\/p>\n<\/li>\n<li data-start=\"1090\" data-end=\"1292\">\n<p data-start=\"1092\" data-end=\"1292\"><strong data-start=\"1092\" data-end=\"1104\">Proceso:<\/strong> Para solicitar un cambio, por favor cont\u00e1ctanos a trav\u00e9s de nuestro formulario de contacto o correo electr\u00f3nico. Los costos de env\u00edo asociados al cambio ser\u00e1n <strong data-start=\"1264\" data-end=\"1291\">asumidos por el cliente<\/strong>.<\/p>\n<\/li>\n<\/ul>\n<h3 data-start=\"1294\" data-end=\"1336\">Productos No Aceptables para Cambio<\/h3>\n<p data-start=\"1338\" data-end=\"1382\">No se aceptar\u00e1n cambios ni devoluciones por:<\/p>\n<ul data-start=\"1384\" data-end=\"1590\">\n<li data-start=\"1384\" data-end=\"1422\">\n<p data-start=\"1386\" data-end=\"1422\">Productos que hayan sido <strong data-start=\"1411\" data-end=\"1421\">usados<\/strong>.<\/p>\n<\/li>\n<li data-start=\"1423\" data-end=\"1522\">\n<p data-start=\"1425\" data-end=\"1522\">Productos que no se encuentren en su <strong data-start=\"1462\" data-end=\"1481\">estado original<\/strong> (sin etiquetas, empaques da\u00f1ados, etc.).<\/p>\n<\/li>\n<li data-start=\"1523\" data-end=\"1590\">\n<p data-start=\"1525\" data-end=\"1590\">Productos adquiridos en <strong data-start=\"1549\" data-end=\"1575\">promociones especiales<\/strong> u\u00a0<strong data-start=\"1578\" data-end=\"1589\">ofertas<\/strong>.<\/p>\n<\/li>\n<\/ul>\n<h3 data-start=\"1592\" data-end=\"1630\">Garant\u00eda por Fallas de F\u00e1brica<\/h3>\n<ul data-start=\"1632\" data-end=\"2073\">\n<li data-start=\"1632\" data-end=\"1728\">\n<p data-start=\"1634\" data-end=\"1728\"><strong data-start=\"1634\" data-end=\"1644\">Plazo:<\/strong> Tienes <strong data-start=\"1652\" data-end=\"1663\">6 meses<\/strong> desde la recepci\u00f3n del producto para reportar fallas de f\u00e1brica.<\/p>\n<\/li>\n<li data-start=\"1729\" data-end=\"1824\">\n<p data-start=\"1731\" data-end=\"1824\"><strong data-start=\"1731\" data-end=\"1747\">Condiciones:<\/strong> La falla debe ser atribuible a defectos de fabricaci\u00f3n y no al uso indebido.<\/p>\n<\/li>\n<li data-start=\"1825\" data-end=\"2073\">\n<p data-start=\"1827\" data-end=\"2073\"><strong data-start=\"1827\" data-end=\"1839\">Proceso:<\/strong> Para solicitar una garant\u00eda, por favor cont\u00e1ctanos con una descripci\u00f3n detallada del problema y, si es posible, fotos del defecto. Los costos de env\u00edo asociados a la devoluci\u00f3n del producto defectuoso ser\u00e1n <strong data-start=\"2047\" data-end=\"2072\">asumidos por nosotros<\/strong>.<\/p>\n<\/li>\n<\/ul>\n<h3 data-start=\"2075\" data-end=\"2104\">Exclusiones de Garant\u00eda<\/h3>\n<p data-start=\"2106\" data-end=\"2118\">No cubrimos:<\/p>\n<ul data-start=\"2120\" data-end=\"2354\">\n<li data-start=\"2120\" data-end=\"2217\">\n<p data-start=\"2122\" data-end=\"2217\">Da\u00f1os causados por <strong data-start=\"2141\" data-end=\"2157\">uso indebido<\/strong>, <strong data-start=\"2159\" data-end=\"2173\">mal manejo<\/strong> o <strong data-start=\"2176\" data-end=\"2216\">exposici\u00f3n a condiciones inadecuadas<\/strong>.<\/p>\n<\/li>\n<li data-start=\"2218\" data-end=\"2256\">\n<p data-start=\"2220\" data-end=\"2256\">Desgaste normal por <strong data-start=\"2240\" data-end=\"2255\">uso regular<\/strong>.<\/p>\n<\/li>\n<li data-start=\"2257\" data-end=\"2354\">\n<p data-start=\"2259\" data-end=\"2354\">Da\u00f1os causados por <strong data-start=\"2278\" data-end=\"2302\">limpieza inapropiada<\/strong> o el uso de <strong data-start=\"2315\" data-end=\"2337\">productos qu\u00edmicos<\/strong> no recomendados.<\/p>\n<\/li>\n<\/ul>\n<h3 data-start=\"2356\" data-end=\"2371\">Contacto<\/h3>\n<p data-start=\"2373\" data-end=\"2467\">Para iniciar un proceso de cambio, devoluci\u00f3n o garant\u00eda, por favor comun\u00edcate con nosotros a:<\/p>\n<ul data-start=\"2469\" data-end=\"2550\">\n<li data-start=\"2469\" data-end=\"2514\">\n<p data-start=\"2471\" data-end=\"2514\">Correo electr\u00f3nico: ventas@fullpatin.cl<\/p>\n<\/li>\n<li data-start=\"2515\" data-end=\"2550\">\n<p data-start=\"2517\" data-end=\"2550\">Whatsapp: +56 9 8713 1804<\/p>\n<\/li>\n<\/ul>\n","protected":false},"excerpt":{"rendered":"<p>Derecho a Retracto De acuerdo con la Ley N\u00b0 19.496 sobre Protecci\u00f3n de los Derechos de los Consumidores, tienes derecho a retractarte de tu compra dentro de los 10 d\u00edas corridos desde la recepci\u00f3n del producto, siempre que: El producto est\u00e9 sin uso. Se conserve en su empaque original. Incluya todas sus etiquetas, manuales y&#8230;<\/p>\n","protected":false},"author":1,"featured_media":0,"parent":0,"menu_order":0,"comment_status":"closed","ping_status":"closed","template":"","meta":{"_monsterinsights_skip_tracking":false,"_monsterinsights_sitenote_active":false,"_monsterinsights_sitenote_note":"","_monsterinsights_sitenote_category":0,"footnotes":""},"class_list":["post-19","page","type-page","status-publish","hentry"],"yoast_head":"<!-- This site is optimized with the Yoast SEO plugin v27.4 - https:\/\/yoast.com\/product\/yoast-seo-wordpress\/ -->\n<title>Pol\u00edtica de devoluciones y reembolsos - Full Pat\u00edn<\/title>\n<meta name=\"robots\" content=\"index, follow, max-snippet:-1, max-image-preview:large, max-video-preview:-1\" \/>\n<link rel=\"canonical\" href=\"https:\/\/fullpatin.cl\/tienda\/reembolso_devoluciones\/\" \/>\n<meta property=\"og:locale\" content=\"es_ES\" \/>\n<meta property=\"og:type\" content=\"article\" \/>\n<meta property=\"og:title\" content=\"Pol\u00edtica de devoluciones y reembolsos - Full Pat\u00edn\" \/>\n<meta property=\"og:description\" content=\"Derecho a Retracto De acuerdo con la Ley N\u00b0 19.496 sobre Protecci\u00f3n de los Derechos de los Consumidores, tienes derecho a retractarte de tu compra dentro de los 10 d\u00edas corridos desde la recepci\u00f3n del producto, siempre que: El producto est\u00e9 sin uso. Se conserve en su empaque original. Incluya todas sus etiquetas, manuales y...\" \/>\n<meta property=\"og:url\" content=\"https:\/\/fullpatin.cl\/tienda\/reembolso_devoluciones\/\" \/>\n<meta property=\"og:site_name\" content=\"Full Pat\u00edn\" \/>\n<meta property=\"article:modified_time\" content=\"2025-09-20T15:24:17+00:00\" \/>\n<meta name=\"twitter:card\" content=\"summary_large_image\" \/>\n<meta name=\"twitter:label1\" content=\"Tiempo de lectura\" \/>\n\t<meta name=\"twitter:data1\" content=\"2 minutos\" \/>\n<script type=\"application\/ld+json\" class=\"yoast-schema-graph\">{\"@context\":\"https:\\\/\\\/schema.org\",\"@graph\":[{\"@type\":\"WebPage\",\"@id\":\"https:\\\/\\\/fullpatin.cl\\\/tienda\\\/reembolso_devoluciones\\\/\",\"url\":\"https:\\\/\\\/fullpatin.cl\\\/tienda\\\/reembolso_devoluciones\\\/\",\"name\":\"Pol\u00edtica de devoluciones y reembolsos - Full Pat\u00edn\",\"isPartOf\":{\"@id\":\"https:\\\/\\\/fullpatin.cl\\\/tienda\\\/#website\"},\"datePublished\":\"2025-09-20T15:08:57+00:00\",\"dateModified\":\"2025-09-20T15:24:17+00:00\",\"breadcrumb\":{\"@id\":\"https:\\\/\\\/fullpatin.cl\\\/tienda\\\/reembolso_devoluciones\\\/#breadcrumb\"},\"inLanguage\":\"es\",\"potentialAction\":[{\"@type\":\"ReadAction\",\"target\":[\"https:\\\/\\\/fullpatin.cl\\\/tienda\\\/reembolso_devoluciones\\\/\"]}]},{\"@type\":\"BreadcrumbList\",\"@id\":\"https:\\\/\\\/fullpatin.cl\\\/tienda\\\/reembolso_devoluciones\\\/#breadcrumb\",\"itemListElement\":[{\"@type\":\"ListItem\",\"position\":1,\"name\":\"Portada\",\"item\":\"https:\\\/\\\/fullpatin.cl\\\/tienda\\\/\"},{\"@type\":\"ListItem\",\"position\":2,\"name\":\"Pol\u00edtica de devoluciones y reembolsos\"}]},{\"@type\":\"WebSite\",\"@id\":\"https:\\\/\\\/fullpatin.cl\\\/tienda\\\/#website\",\"url\":\"https:\\\/\\\/fullpatin.cl\\\/tienda\\\/\",\"name\":\"FULL PAT\u00cdN\",\"description\":\"Tienda\",\"publisher\":{\"@id\":\"https:\\\/\\\/fullpatin.cl\\\/tienda\\\/#organization\"},\"potentialAction\":[{\"@type\":\"SearchAction\",\"target\":{\"@type\":\"EntryPoint\",\"urlTemplate\":\"https:\\\/\\\/fullpatin.cl\\\/tienda\\\/?s={search_term_string}\"},\"query-input\":{\"@type\":\"PropertyValueSpecification\",\"valueRequired\":true,\"valueName\":\"search_term_string\"}}],\"inLanguage\":\"es\"},{\"@type\":\"Organization\",\"@id\":\"https:\\\/\\\/fullpatin.cl\\\/tienda\\\/#organization\",\"name\":\"FULL PAT\u00cdN\",\"url\":\"https:\\\/\\\/fullpatin.cl\\\/tienda\\\/\",\"logo\":{\"@type\":\"ImageObject\",\"inLanguage\":\"es\",\"@id\":\"https:\\\/\\\/fullpatin.cl\\\/tienda\\\/#\\\/schema\\\/logo\\\/image\\\/\",\"url\":\"https:\\\/\\\/fullpatin.cl\\\/tienda\\\/wp-content\\\/uploads\\\/2023\\\/12\\\/fp.png\",\"contentUrl\":\"https:\\\/\\\/fullpatin.cl\\\/tienda\\\/wp-content\\\/uploads\\\/2023\\\/12\\\/fp.png\",\"width\":2185,\"height\":363,\"caption\":\"FULL PAT\u00cdN\"},\"image\":{\"@id\":\"https:\\\/\\\/fullpatin.cl\\\/tienda\\\/#\\\/schema\\\/logo\\\/image\\\/\"},\"sameAs\":[\"https:\\\/\\\/www.instagram.com\\\/full_patin\\\/\"]}]}<\/script>\n<!-- \/ Yoast SEO plugin. -->","yoast_head_json":{"title":"Pol\u00edtica de devoluciones y reembolsos - Full Pat\u00edn","robots":{"index":"index","follow":"follow","max-snippet":"max-snippet:-1","max-image-preview":"max-image-preview:large","max-video-preview":"max-video-preview:-1"},"canonical":"https:\/\/fullpatin.cl\/tienda\/reembolso_devoluciones\/","og_locale":"es_ES","og_type":"article","og_title":"Pol\u00edtica de devoluciones y reembolsos - Full Pat\u00edn","og_description":"Derecho a Retracto De acuerdo con la Ley N\u00b0 19.496 sobre Protecci\u00f3n de los Derechos de los Consumidores, tienes derecho a retractarte de tu compra dentro de los 10 d\u00edas corridos desde la recepci\u00f3n del producto, siempre que: El producto est\u00e9 sin uso. Se conserve en su empaque original. Incluya todas sus etiquetas, manuales y...","og_url":"https:\/\/fullpatin.cl\/tienda\/reembolso_devoluciones\/","og_site_name":"Full Pat\u00edn","article_modified_time":"2025-09-20T15:24:17+00:00","twitter_card":"summary_large_image","twitter_misc":{"Tiempo de lectura":"2 minutos"},"schema":{"@context":"https:\/\/schema.org","@graph":[{"@type":"WebPage","@id":"https:\/\/fullpatin.cl\/tienda\/reembolso_devoluciones\/","url":"https:\/\/fullpatin.cl\/tienda\/reembolso_devoluciones\/","name":"Pol\u00edtica de devoluciones y reembolsos - Full Pat\u00edn","isPartOf":{"@id":"https:\/\/fullpatin.cl\/tienda\/#website"},"datePublished":"2025-09-20T15:08:57+00:00","dateModified":"2025-09-20T15:24:17+00:00","breadcrumb":{"@id":"https:\/\/fullpatin.cl\/tienda\/reembolso_devoluciones\/#breadcrumb"},"inLanguage":"es","potentialAction":[{"@type":"ReadAction","target":["https:\/\/fullpatin.cl\/tienda\/reembolso_devoluciones\/"]}]},{"@type":"BreadcrumbList","@id":"https:\/\/fullpatin.cl\/tienda\/reembolso_devoluciones\/#breadcrumb","itemListElement":[{"@type":"ListItem","position":1,"name":"Portada","item":"https:\/\/fullpatin.cl\/tienda\/"},{"@type":"ListItem","position":2,"name":"Pol\u00edtica de devoluciones y reembolsos"}]},{"@type":"WebSite","@id":"https:\/\/fullpatin.cl\/tienda\/#website","url":"https:\/\/fullpatin.cl\/tienda\/","name":"FULL PAT\u00cdN","description":"Tienda","publisher":{"@id":"https:\/\/fullpatin.cl\/tienda\/#organization"},"potentialAction":[{"@type":"SearchAction","target":{"@type":"EntryPoint","urlTemplate":"https:\/\/fullpatin.cl\/tienda\/?s={search_term_string}"},"query-input":{"@type":"PropertyValueSpecification","valueRequired":true,"valueName":"search_term_string"}}],"inLanguage":"es"},{"@type":"Organization","@id":"https:\/\/fullpatin.cl\/tienda\/#organization","name":"FULL PAT\u00cdN","url":"https:\/\/fullpatin.cl\/tienda\/","logo":{"@type":"ImageObject","inLanguage":"es","@id":"https:\/\/fullpatin.cl\/tienda\/#\/schema\/logo\/image\/","url":"https:\/\/fullpatin.cl\/tienda\/wp-content\/uploads\/2023\/12\/fp.png","contentUrl":"https:\/\/fullpatin.cl\/tienda\/wp-content\/uploads\/2023\/12\/fp.png","width":2185,"height":363,"caption":"FULL PAT\u00cdN"},"image":{"@id":"https:\/\/fullpatin.cl\/tienda\/#\/schema\/logo\/image\/"},"sameAs":["https:\/\/www.instagram.com\/full_patin\/"]}]}},"_links":{"self":[{"href":"https:\/\/fullpatin.cl\/tienda\/wp-json\/wp\/v2\/pages\/19","targetHints":{"allow":["GET"]}}],"collection":[{"href":"https:\/\/fullpatin.cl\/tienda\/wp-json\/wp\/v2\/pages"}],"about":[{"href":"https:\/\/fullpatin.cl\/tienda\/wp-json\/wp\/v2\/types\/page"}],"author":[{"embeddable":true,"href":"https:\/\/fullpatin.cl\/tienda\/wp-json\/wp\/v2\/users\/1"}],"replies":[{"embeddable":true,"href":"https:\/\/fullpatin.cl\/tienda\/wp-json\/wp\/v2\/comments?post=19"}],"version-history":[{"count":5,"href":"https:\/\/fullpatin.cl\/tienda\/wp-json\/wp\/v2\/pages\/19\/revisions"}],"predecessor-version":[{"id":3994,"href":"https:\/\/fullpatin.cl\/tienda\/wp-json\/wp\/v2\/pages\/19\/revisions\/3994"}],"wp:attachment":[{"href":"https:\/\/fullpatin.cl\/tienda\/wp-json\/wp\/v2\/media?parent=19"}],"curies":[{"name":"wp","href":"https:\/\/api.w.org\/{rel}","templated":true}]}}