{"id":125,"date":"2021-10-27T15:44:27","date_gmt":"2021-10-27T15:44:27","guid":{"rendered":"https:\/\/fullpatin.cl\/tienda\/?page_id=125"},"modified":"2025-09-20T14:15:52","modified_gmt":"2025-09-20T14:15:52","slug":"sobre-nosotros","status":"publish","type":"page","link":"https:\/\/fullpatin.cl\/tienda\/sobre-nosotros\/","title":{"rendered":"Sobre Nosotros"},"content":{"rendered":"<p data-start=\"259\" data-end=\"583\">En <strong data-start=\"262\" data-end=\"275\">FullPat\u00edn<\/strong> somos una tienda especializada en <strong data-start=\"310\" data-end=\"345\">deportes sobre patines en Chile<\/strong>, con un enfoque en <strong data-start=\"365\" data-end=\"389\">hockey sobre patines<\/strong> y <strong data-start=\"392\" data-end=\"414\">patinaje art\u00edstico<\/strong>. Nuestra misi\u00f3n es entregar a jugadores, arqueros y patinadores todo el equipamiento necesario para que puedan desarrollar su pasi\u00f3n con la mejor calidad y seguridad.<\/p>\n<p data-start=\"585\" data-end=\"853\">Conocemos de cerca el mundo del patinaje, por eso trabajamos con <strong data-start=\"650\" data-end=\"691\">marcas reconocidas internacionalmente<\/strong> y productos de alto rendimiento: <strong data-start=\"725\" data-end=\"780\">botas, sticks, protecciones, vestuario y accesorios<\/strong> que se adaptan tanto a deportistas principiantes como a profesionales.<\/p>\n<p data-start=\"855\" data-end=\"1095\">M\u00e1s que una tienda, somos parte de la comunidad del patinaje en Chile. Queremos impulsar el crecimiento de estas disciplinas ofreciendo <strong data-start=\"991\" data-end=\"1017\">asesor\u00eda personalizada<\/strong>, productos garantizados y un servicio confiable, con env\u00edos a todo el pa\u00eds.<\/p>\n<p data-start=\"1097\" data-end=\"1402\">En <strong data-start=\"1100\" data-end=\"1113\">FullPat\u00edn<\/strong> creemos que el deporte es m\u00e1s que competencia: es trabajo en equipo, disciplina, salud y diversi\u00f3n. Por eso estamos comprometidos en acompa\u00f1arte en cada entrenamiento, partido o presentaci\u00f3n art\u00edstica, brind\u00e1ndote el equipamiento que necesitas para dar tu mejor rendimiento en la pista.<\/p>\n<p data-start=\"1404\" data-end=\"1442\"><strong data-start=\"1404\" data-end=\"1440\">FullPat\u00edn \u2013 Pasi\u00f3n sobre ruedas.<\/strong><\/p>\n<p><img loading=\"lazy\" decoding=\"async\" class=\"alignnone size-medium wp-image-3979\" src=\"https:\/\/fullpatin.cl\/tienda\/wp-content\/uploads\/2025\/09\/fp_hor.png-300x50.webp\" alt=\"\" width=\"300\" height=\"50\" srcset=\"https:\/\/fullpatin.cl\/tienda\/wp-content\/uploads\/2025\/09\/fp_hor.png-300x50.webp 300w, https:\/\/fullpatin.cl\/tienda\/wp-content\/uploads\/2025\/09\/fp_hor.png-1024x170.webp 1024w, https:\/\/fullpatin.cl\/tienda\/wp-content\/uploads\/2025\/09\/fp_hor.png-600x100.webp 600w, https:\/\/fullpatin.cl\/tienda\/wp-content\/uploads\/2025\/09\/fp_hor.png.webp 1600w\" sizes=\"auto, (max-width: 300px) 100vw, 300px\" \/><\/p>\n","protected":false},"excerpt":{"rendered":"<p>En FullPat\u00edn somos una tienda especializada en deportes sobre patines en Chile, con un enfoque en hockey sobre patines y patinaje art\u00edstico. Nuestra misi\u00f3n es entregar a jugadores, arqueros y patinadores todo el equipamiento necesario para que puedan desarrollar su pasi\u00f3n con la mejor calidad y seguridad. Conocemos de cerca el mundo del patinaje, por&#8230;<\/p>\n","protected":false},"author":1,"featured_media":0,"parent":0,"menu_order":0,"comment_status":"closed","ping_status":"closed","template":"","meta":{"_monsterinsights_skip_tracking":false,"_monsterinsights_sitenote_active":false,"_monsterinsights_sitenote_note":"","_monsterinsights_sitenote_category":0,"footnotes":""},"class_list":["post-125","page","type-page","status-publish","hentry"],"yoast_head":"<!-- This site is optimized with the Yoast SEO plugin v27.4 - https:\/\/yoast.com\/product\/yoast-seo-wordpress\/ -->\n<title>Sobre Nosotros | FullPat\u00edn<\/title>\n<meta name=\"description\" content=\"Conoce FullPat\u00edn, la tienda online en Chile especializada en hockey sobre patines. Equipamiento de calidad para jugadores y patinadores.\" \/>\n<meta name=\"robots\" content=\"index, follow, max-snippet:-1, max-image-preview:large, max-video-preview:-1\" \/>\n<link rel=\"canonical\" href=\"https:\/\/fullpatin.cl\/tienda\/sobre-nosotros\/\" \/>\n<meta property=\"og:locale\" content=\"es_ES\" \/>\n<meta property=\"og:type\" content=\"article\" \/>\n<meta property=\"og:title\" content=\"Sobre Nosotros | FullPat\u00edn\" \/>\n<meta property=\"og:description\" content=\"Conoce FullPat\u00edn, la tienda online en Chile especializada en hockey sobre patines. Equipamiento de calidad para jugadores y patinadores.\" \/>\n<meta property=\"og:url\" content=\"https:\/\/fullpatin.cl\/tienda\/sobre-nosotros\/\" \/>\n<meta property=\"og:site_name\" content=\"Full Pat\u00edn\" \/>\n<meta property=\"article:modified_time\" content=\"2025-09-20T14:15:52+00:00\" \/>\n<meta property=\"og:image\" content=\"https:\/\/fullpatin.cl\/tienda\/wp-content\/uploads\/2025\/09\/fp_hor.png.webp\" \/>\n\t<meta property=\"og:image:width\" content=\"1600\" \/>\n\t<meta property=\"og:image:height\" content=\"266\" \/>\n\t<meta property=\"og:image:type\" content=\"image\/webp\" \/>\n<meta name=\"twitter:card\" content=\"summary_large_image\" \/>\n<meta name=\"twitter:label1\" content=\"Tiempo de lectura\" \/>\n\t<meta name=\"twitter:data1\" content=\"1 minuto\" \/>\n<script type=\"application\/ld+json\" class=\"yoast-schema-graph\">{\"@context\":\"https:\\\/\\\/schema.org\",\"@graph\":[{\"@type\":\"WebPage\",\"@id\":\"https:\\\/\\\/fullpatin.cl\\\/tienda\\\/sobre-nosotros\\\/\",\"url\":\"https:\\\/\\\/fullpatin.cl\\\/tienda\\\/sobre-nosotros\\\/\",\"name\":\"Sobre Nosotros | FullPat\u00edn\",\"isPartOf\":{\"@id\":\"https:\\\/\\\/fullpatin.cl\\\/tienda\\\/#website\"},\"primaryImageOfPage\":{\"@id\":\"https:\\\/\\\/fullpatin.cl\\\/tienda\\\/sobre-nosotros\\\/#primaryimage\"},\"image\":{\"@id\":\"https:\\\/\\\/fullpatin.cl\\\/tienda\\\/sobre-nosotros\\\/#primaryimage\"},\"thumbnailUrl\":\"https:\\\/\\\/fullpatin.cl\\\/tienda\\\/wp-content\\\/uploads\\\/2025\\\/09\\\/fp_hor.png-300x50.webp\",\"datePublished\":\"2021-10-27T15:44:27+00:00\",\"dateModified\":\"2025-09-20T14:15:52+00:00\",\"description\":\"Conoce FullPat\u00edn, la tienda online en Chile especializada en hockey sobre patines. Equipamiento de calidad para jugadores y patinadores.\",\"breadcrumb\":{\"@id\":\"https:\\\/\\\/fullpatin.cl\\\/tienda\\\/sobre-nosotros\\\/#breadcrumb\"},\"inLanguage\":\"es\",\"potentialAction\":[{\"@type\":\"ReadAction\",\"target\":[\"https:\\\/\\\/fullpatin.cl\\\/tienda\\\/sobre-nosotros\\\/\"]}]},{\"@type\":\"ImageObject\",\"inLanguage\":\"es\",\"@id\":\"https:\\\/\\\/fullpatin.cl\\\/tienda\\\/sobre-nosotros\\\/#primaryimage\",\"url\":\"https:\\\/\\\/fullpatin.cl\\\/tienda\\\/wp-content\\\/uploads\\\/2025\\\/09\\\/fp_hor.png.webp\",\"contentUrl\":\"https:\\\/\\\/fullpatin.cl\\\/tienda\\\/wp-content\\\/uploads\\\/2025\\\/09\\\/fp_hor.png.webp\",\"width\":1600,\"height\":266},{\"@type\":\"BreadcrumbList\",\"@id\":\"https:\\\/\\\/fullpatin.cl\\\/tienda\\\/sobre-nosotros\\\/#breadcrumb\",\"itemListElement\":[{\"@type\":\"ListItem\",\"position\":1,\"name\":\"Portada\",\"item\":\"https:\\\/\\\/fullpatin.cl\\\/tienda\\\/\"},{\"@type\":\"ListItem\",\"position\":2,\"name\":\"Sobre Nosotros\"}]},{\"@type\":\"WebSite\",\"@id\":\"https:\\\/\\\/fullpatin.cl\\\/tienda\\\/#website\",\"url\":\"https:\\\/\\\/fullpatin.cl\\\/tienda\\\/\",\"name\":\"FULL PAT\u00cdN\",\"description\":\"Tienda\",\"publisher\":{\"@id\":\"https:\\\/\\\/fullpatin.cl\\\/tienda\\\/#organization\"},\"potentialAction\":[{\"@type\":\"SearchAction\",\"target\":{\"@type\":\"EntryPoint\",\"urlTemplate\":\"https:\\\/\\\/fullpatin.cl\\\/tienda\\\/?s={search_term_string}\"},\"query-input\":{\"@type\":\"PropertyValueSpecification\",\"valueRequired\":true,\"valueName\":\"search_term_string\"}}],\"inLanguage\":\"es\"},{\"@type\":\"Organization\",\"@id\":\"https:\\\/\\\/fullpatin.cl\\\/tienda\\\/#organization\",\"name\":\"FULL PAT\u00cdN\",\"url\":\"https:\\\/\\\/fullpatin.cl\\\/tienda\\\/\",\"logo\":{\"@type\":\"ImageObject\",\"inLanguage\":\"es\",\"@id\":\"https:\\\/\\\/fullpatin.cl\\\/tienda\\\/#\\\/schema\\\/logo\\\/image\\\/\",\"url\":\"https:\\\/\\\/fullpatin.cl\\\/tienda\\\/wp-content\\\/uploads\\\/2023\\\/12\\\/fp.png\",\"contentUrl\":\"https:\\\/\\\/fullpatin.cl\\\/tienda\\\/wp-content\\\/uploads\\\/2023\\\/12\\\/fp.png\",\"width\":2185,\"height\":363,\"caption\":\"FULL PAT\u00cdN\"},\"image\":{\"@id\":\"https:\\\/\\\/fullpatin.cl\\\/tienda\\\/#\\\/schema\\\/logo\\\/image\\\/\"},\"sameAs\":[\"https:\\\/\\\/www.instagram.com\\\/full_patin\\\/\"]}]}<\/script>\n<!-- \/ Yoast SEO plugin. -->","yoast_head_json":{"title":"Sobre Nosotros | FullPat\u00edn","description":"Conoce FullPat\u00edn, la tienda online en Chile especializada en hockey sobre patines. Equipamiento de calidad para jugadores y patinadores.","robots":{"index":"index","follow":"follow","max-snippet":"max-snippet:-1","max-image-preview":"max-image-preview:large","max-video-preview":"max-video-preview:-1"},"canonical":"https:\/\/fullpatin.cl\/tienda\/sobre-nosotros\/","og_locale":"es_ES","og_type":"article","og_title":"Sobre Nosotros | FullPat\u00edn","og_description":"Conoce FullPat\u00edn, la tienda online en Chile especializada en hockey sobre patines. Equipamiento de calidad para jugadores y patinadores.","og_url":"https:\/\/fullpatin.cl\/tienda\/sobre-nosotros\/","og_site_name":"Full Pat\u00edn","article_modified_time":"2025-09-20T14:15:52+00:00","og_image":[{"width":1600,"height":266,"url":"https:\/\/fullpatin.cl\/tienda\/wp-content\/uploads\/2025\/09\/fp_hor.png.webp","type":"image\/webp"}],"twitter_card":"summary_large_image","twitter_misc":{"Tiempo de lectura":"1 minuto"},"schema":{"@context":"https:\/\/schema.org","@graph":[{"@type":"WebPage","@id":"https:\/\/fullpatin.cl\/tienda\/sobre-nosotros\/","url":"https:\/\/fullpatin.cl\/tienda\/sobre-nosotros\/","name":"Sobre Nosotros | FullPat\u00edn","isPartOf":{"@id":"https:\/\/fullpatin.cl\/tienda\/#website"},"primaryImageOfPage":{"@id":"https:\/\/fullpatin.cl\/tienda\/sobre-nosotros\/#primaryimage"},"image":{"@id":"https:\/\/fullpatin.cl\/tienda\/sobre-nosotros\/#primaryimage"},"thumbnailUrl":"https:\/\/fullpatin.cl\/tienda\/wp-content\/uploads\/2025\/09\/fp_hor.png-300x50.webp","datePublished":"2021-10-27T15:44:27+00:00","dateModified":"2025-09-20T14:15:52+00:00","description":"Conoce FullPat\u00edn, la tienda online en Chile especializada en hockey sobre patines. Equipamiento de calidad para jugadores y patinadores.","breadcrumb":{"@id":"https:\/\/fullpatin.cl\/tienda\/sobre-nosotros\/#breadcrumb"},"inLanguage":"es","potentialAction":[{"@type":"ReadAction","target":["https:\/\/fullpatin.cl\/tienda\/sobre-nosotros\/"]}]},{"@type":"ImageObject","inLanguage":"es","@id":"https:\/\/fullpatin.cl\/tienda\/sobre-nosotros\/#primaryimage","url":"https:\/\/fullpatin.cl\/tienda\/wp-content\/uploads\/2025\/09\/fp_hor.png.webp","contentUrl":"https:\/\/fullpatin.cl\/tienda\/wp-content\/uploads\/2025\/09\/fp_hor.png.webp","width":1600,"height":266},{"@type":"BreadcrumbList","@id":"https:\/\/fullpatin.cl\/tienda\/sobre-nosotros\/#breadcrumb","itemListElement":[{"@type":"ListItem","position":1,"name":"Portada","item":"https:\/\/fullpatin.cl\/tienda\/"},{"@type":"ListItem","position":2,"name":"Sobre Nosotros"}]},{"@type":"WebSite","@id":"https:\/\/fullpatin.cl\/tienda\/#website","url":"https:\/\/fullpatin.cl\/tienda\/","name":"FULL PAT\u00cdN","description":"Tienda","publisher":{"@id":"https:\/\/fullpatin.cl\/tienda\/#organization"},"potentialAction":[{"@type":"SearchAction","target":{"@type":"EntryPoint","urlTemplate":"https:\/\/fullpatin.cl\/tienda\/?s={search_term_string}"},"query-input":{"@type":"PropertyValueSpecification","valueRequired":true,"valueName":"search_term_string"}}],"inLanguage":"es"},{"@type":"Organization","@id":"https:\/\/fullpatin.cl\/tienda\/#organization","name":"FULL PAT\u00cdN","url":"https:\/\/fullpatin.cl\/tienda\/","logo":{"@type":"ImageObject","inLanguage":"es","@id":"https:\/\/fullpatin.cl\/tienda\/#\/schema\/logo\/image\/","url":"https:\/\/fullpatin.cl\/tienda\/wp-content\/uploads\/2023\/12\/fp.png","contentUrl":"https:\/\/fullpatin.cl\/tienda\/wp-content\/uploads\/2023\/12\/fp.png","width":2185,"height":363,"caption":"FULL PAT\u00cdN"},"image":{"@id":"https:\/\/fullpatin.cl\/tienda\/#\/schema\/logo\/image\/"},"sameAs":["https:\/\/www.instagram.com\/full_patin\/"]}]}},"_links":{"self":[{"href":"https:\/\/fullpatin.cl\/tienda\/wp-json\/wp\/v2\/pages\/125","targetHints":{"allow":["GET"]}}],"collection":[{"href":"https:\/\/fullpatin.cl\/tienda\/wp-json\/wp\/v2\/pages"}],"about":[{"href":"https:\/\/fullpatin.cl\/tienda\/wp-json\/wp\/v2\/types\/page"}],"author":[{"embeddable":true,"href":"https:\/\/fullpatin.cl\/tienda\/wp-json\/wp\/v2\/users\/1"}],"replies":[{"embeddable":true,"href":"https:\/\/fullpatin.cl\/tienda\/wp-json\/wp\/v2\/comments?post=125"}],"version-history":[{"count":4,"href":"https:\/\/fullpatin.cl\/tienda\/wp-json\/wp\/v2\/pages\/125\/revisions"}],"predecessor-version":[{"id":3981,"href":"https:\/\/fullpatin.cl\/tienda\/wp-json\/wp\/v2\/pages\/125\/revisions\/3981"}],"wp:attachment":[{"href":"https:\/\/fullpatin.cl\/tienda\/wp-json\/wp\/v2\/media?parent=125"}],"curies":[{"name":"wp","href":"https:\/\/api.w.org\/{rel}","templated":true}]}}